{"id":30,"date":"2026-03-03T12:28:19","date_gmt":"2026-03-03T12:28:19","guid":{"rendered":"https:\/\/vurtsid.ee\/ostukorv\/"},"modified":"2026-03-09T15:58:21","modified_gmt":"2026-03-09T15:58:21","slug":"ostukorv","status":"publish","type":"page","link":"https:\/\/vurtsid.ee\/en\/ostukorv\/","title":{"rendered":"Ostukorv"},"content":{"rendered":"<div data-block-name=\"woocommerce\/cart\" class=\"wp-block-woocommerce-cart alignwide is-loading\">\n<div data-block-name=\"woocommerce\/filled-cart-block\" class=\"wp-block-woocommerce-filled-cart-block\">\n<div data-block-name=\"woocommerce\/cart-items-block\" class=\"wp-block-woocommerce-cart-items-block\">\n<div data-block-name=\"woocommerce\/cart-line-items-block\" class=\"wp-block-woocommerce-cart-line-items-block\"><\/div>\n\n\n<\/div>\n\n\n\n<div data-block-name=\"woocommerce\/cart-totals-block\" class=\"wp-block-woocommerce-cart-totals-block\">\n<div data-block-name=\"woocommerce\/cart-order-summary-block\" class=\"wp-block-woocommerce-cart-order-summary-block\">\n<div data-block-name=\"woocommerce\/cart-order-summary-heading-block\" data-content=\"Ostukorvi summad\" class=\"wp-block-woocommerce-cart-order-summary-heading-block\"><\/div>\n\n\n\n<div data-block-name=\"woocommerce\/cart-order-summary-coupon-form-block\" class=\"wp-block-woocommerce-cart-order-summary-coupon-form-block\"><\/div>\n\n\n\n<div data-block-name=\"woocommerce\/cart-order-summary-totals-block\" class=\"wp-block-woocommerce-cart-order-summary-totals-block\">\n<div data-block-name=\"woocommerce\/cart-order-summary-subtotal-block\" class=\"wp-block-woocommerce-cart-order-summary-subtotal-block\"><\/div>\n\n\n\n<div data-block-name=\"woocommerce\/cart-order-summary-fee-block\" class=\"wp-block-woocommerce-cart-order-summary-fee-block\"><\/div>\n\n\n\n<div data-block-name=\"woocommerce\/cart-order-summary-discount-block\" class=\"wp-block-woocommerce-cart-order-summary-discount-block\"><\/div>\n\n\n\n<div data-block-name=\"woocommerce\/cart-order-summary-shipping-block\" class=\"wp-block-woocommerce-cart-order-summary-shipping-block\"><\/div>\n\n\n\n<div data-block-name=\"woocommerce\/cart-order-summary-taxes-block\" class=\"wp-block-woocommerce-cart-order-summary-taxes-block\"><\/div>\n<\/div>\n<\/div>\n\n\n\n<div data-block-name=\"woocommerce\/cart-express-payment-block\" class=\"wp-block-woocommerce-cart-express-payment-block\"><\/div>\n\n\n\n<div data-block-name=\"woocommerce\/proceed-to-checkout-block\" class=\"wp-block-woocommerce-proceed-to-checkout-block\"><\/div>\n\n\n\n<div data-block-name=\"woocommerce\/cart-accepted-payment-methods-block\" class=\"wp-block-woocommerce-cart-accepted-payment-methods-block\"><\/div>\n<\/div>\n<\/div>\n\n\n\n<div data-block-name=\"woocommerce\/empty-cart-block\" class=\"wp-block-woocommerce-empty-cart-block\">\n<h2 class=\"wp-block-heading has-text-align-center with-empty-cart-icon wc-block-cart__empty-cart__title\">Su ostukorv on hetkel t\u00fchi!<\/h2>\n\n\n\n<hr class=\"wp-block-separator has-alpha-channel-opacity is-style-dots\"\/>\n\n\n\n<h2 class=\"wp-block-heading has-text-align-center\">New in store<\/h2>\n\n\n<div data-block-name=\"woocommerce\/product-new\" data-columns=\"4\" data-rows=\"1\" class=\"wc-block-grid wp-block-product-new wp-block-woocommerce-product-new wc-block-product-new has-4-columns\"><ul class=\"wc-block-grid__products\"><li class=\"wc-block-grid__product\">\n\t\t\t\t<a href=\"https:\/\/vurtsid.ee\/en\/product\/eesti-maitsed-praktiline-maitsekingitus-igasse-kooki\/\" class=\"wc-block-grid__product-link\">\n\t\t\t\t\t\n\t\t\t\t\t<div class=\"wc-block-grid__product-image\"><img loading=\"lazy\" decoding=\"async\" width=\"430\" height=\"430\" src=\"https:\/\/vurtsid.ee\/wp-content\/uploads\/2026\/02\/IMG_20260215_144400925-430x430.png\" class=\"attachment-woocommerce_thumbnail size-woocommerce_thumbnail\" alt=\"Eesti Maitsed \u2013 praktiline maitsekingitus igasse k\u00f6\u00f6ki.\" srcset=\"https:\/\/vurtsid.ee\/wp-content\/uploads\/2026\/02\/IMG_20260215_144400925-430x430.png 430w, https:\/\/vurtsid.ee\/wp-content\/uploads\/2026\/02\/IMG_20260215_144400925-300x300.png 300w, https:\/\/vurtsid.ee\/wp-content\/uploads\/2026\/02\/IMG_20260215_144400925-800x800.png 800w, https:\/\/vurtsid.ee\/wp-content\/uploads\/2026\/02\/IMG_20260215_144400925-150x150.png 150w, https:\/\/vurtsid.ee\/wp-content\/uploads\/2026\/02\/IMG_20260215_144400925-768x768.png 768w, https:\/\/vurtsid.ee\/wp-content\/uploads\/2026\/02\/IMG_20260215_144400925-1536x1536.png 1536w, https:\/\/vurtsid.ee\/wp-content\/uploads\/2026\/02\/IMG_20260215_144400925-700x700.png 700w, https:\/\/vurtsid.ee\/wp-content\/uploads\/2026\/02\/IMG_20260215_144400925.png 1999w\" sizes=\"auto, (max-width: 430px) 100vw, 430px\" \/><\/div>\n\t\t\t\t\t<div class=\"wc-block-grid__product-title\">Estonian Flavours \u2013 a practical taste gift for every kitchen.<\/div>\n\t\t\t\t<\/a>\n\t\t\t\t<div class=\"wc-block-grid__product-price price\"><span class=\"woocommerce-Price-amount amount\">15,00&nbsp;<span class=\"woocommerce-Price-currencySymbol\">&euro;<\/span><\/span><\/div>\n\t\t\t\t\n\t\t\t\t<div class=\"wp-block-button wc-block-grid__product-add-to-cart\"><a href=\"\/en\/wp-json\/wp\/v2\/pages\/30?add-to-cart=17547\" aria-label=\"Add to cart: \u201cEesti Maitsed \u2013 praktiline maitsekingitus igasse k\u00f6\u00f6ki.\u201d\" data-quantity=\"1\" data-product_id=\"17547\" data-product_sku=\"\" data-price=\"15\" rel=\"nofollow\" class=\"wp-block-button__link  add_to_cart_button ajax_add_to_cart\" data-no-translation=\"\" data-trp-gettext=\"\" data-no-translation-aria-label=\"\">Add to cart<\/a><\/div>\n\t\t\t<\/li><li class=\"wc-block-grid__product\">\n\t\t\t\t<a href=\"https:\/\/vurtsid.ee\/en\/product\/bruschetta-urdisegu-50g\/\" class=\"wc-block-grid__product-link\">\n\t\t\t\t\t<div class=\"wc-block-grid__product-onsale\">\n\t\t\t<span aria-hidden=\"true\" data-no-translation=\"\" data-trp-gettext=\"\">Sale<\/span>\n\t\t\t<span class=\"screen-reader-text\" data-no-translation=\"\" data-trp-gettext=\"\">Product on sale<\/span>\n\t\t<\/div>\n\t\t\t\t\t<div class=\"wc-block-grid__product-image\"><img loading=\"lazy\" decoding=\"async\" width=\"430\" height=\"431\" src=\"https:\/\/vurtsid.ee\/wp-content\/uploads\/2025\/04\/Bruscheta-430x431.png\" class=\"attachment-woocommerce_thumbnail size-woocommerce_thumbnail\" alt=\"Bruschetta \u00fcrdisegu 50g\" srcset=\"https:\/\/vurtsid.ee\/wp-content\/uploads\/2025\/04\/Bruscheta-430x431.png 430w, https:\/\/vurtsid.ee\/wp-content\/uploads\/2025\/04\/Bruscheta-299x300.png 299w, https:\/\/vurtsid.ee\/wp-content\/uploads\/2025\/04\/Bruscheta-150x150.png 150w, https:\/\/vurtsid.ee\/wp-content\/uploads\/2025\/04\/Bruscheta.png 701w\" sizes=\"auto, (max-width: 430px) 100vw, 430px\" \/><\/div>\n\t\t\t\t\t<div class=\"wc-block-grid__product-title\">Bruschetta \u00fcrdisegu 50g<\/div>\n\t\t\t\t<\/a>\n\t\t\t\t<div class=\"wc-block-grid__product-price price\"><del aria-hidden=\"true\"><span class=\"woocommerce-Price-amount amount\">1,56&nbsp;<span class=\"woocommerce-Price-currencySymbol\">&euro;<\/span><\/span><\/del> <span class=\"screen-reader-text\" data-no-translation=\"\" data-trp-gettext=\"\">Original price was: 1,56&nbsp;&euro;.<\/span><ins aria-hidden=\"true\"><span class=\"woocommerce-Price-amount amount\">1,25&nbsp;<span class=\"woocommerce-Price-currencySymbol\">&euro;<\/span><\/span><\/ins><span class=\"screen-reader-text\" data-no-translation=\"\" data-trp-gettext=\"\">Current price is: 1,25&nbsp;&euro;.<\/span><\/div>\n\t\t\t\t\n\t\t\t\t<div class=\"wp-block-button wc-block-grid__product-add-to-cart\"><a href=\"\/en\/wp-json\/wp\/v2\/pages\/30?add-to-cart=17019\" aria-label=\"Add to cart: \u201cBruschetta \u00fcrdisegu 50g\u201d\" data-quantity=\"1\" data-product_id=\"17019\" data-product_sku=\"\" data-price=\"1.25\" rel=\"nofollow\" class=\"wp-block-button__link  add_to_cart_button ajax_add_to_cart\" data-no-translation=\"\" data-trp-gettext=\"\" data-no-translation-aria-label=\"\">Add to cart<\/a><\/div>\n\t\t\t<\/li><li class=\"wc-block-grid__product\">\n\t\t\t\t<a href=\"https:\/\/vurtsid.ee\/en\/product\/vurtskoomned-jahvatatud-45g\/\" class=\"wc-block-grid__product-link\">\n\t\t\t\t\t\n\t\t\t\t\t<div class=\"wc-block-grid__product-image\"><img loading=\"lazy\" decoding=\"async\" width=\"430\" height=\"430\" src=\"https:\/\/vurtsid.ee\/wp-content\/uploads\/woocommerce-placeholder.webp\" class=\"woocommerce-placeholder wp-post-image\" alt=\"\" srcset=\"https:\/\/vurtsid.ee\/wp-content\/uploads\/woocommerce-placeholder.webp 1200w, https:\/\/vurtsid.ee\/wp-content\/uploads\/woocommerce-placeholder-300x300.webp 300w, https:\/\/vurtsid.ee\/wp-content\/uploads\/woocommerce-placeholder-800x800.webp 800w, https:\/\/vurtsid.ee\/wp-content\/uploads\/woocommerce-placeholder-150x150.webp 150w, https:\/\/vurtsid.ee\/wp-content\/uploads\/woocommerce-placeholder-768x768.webp 768w, https:\/\/vurtsid.ee\/wp-content\/uploads\/woocommerce-placeholder-12x12.webp 12w\" sizes=\"auto, (max-width: 430px) 100vw, 430px\" \/><\/div>\n\t\t\t\t\t<div class=\"wc-block-grid__product-title\">V\u00fcrtsk\u00f6\u00f6mned jahvatatud 45g<\/div>\n\t\t\t\t<\/a>\n\t\t\t\t<div class=\"wc-block-grid__product-price price\"><span class=\"woocommerce-Price-amount amount\">2,38&nbsp;<span class=\"woocommerce-Price-currencySymbol\">&euro;<\/span><\/span><\/div>\n\t\t\t\t\n\t\t\t\t<div class=\"wp-block-button wc-block-grid__product-add-to-cart\"><a href=\"\/en\/wp-json\/wp\/v2\/pages\/30?add-to-cart=16773\" aria-label=\"Add to cart: \u201cV\u00fcrtsk\u00f6\u00f6mned jahvatatud 45g\u201d\" data-quantity=\"1\" data-product_id=\"16773\" data-product_sku=\"\" data-price=\"2.38\" rel=\"nofollow\" class=\"wp-block-button__link  add_to_cart_button ajax_add_to_cart\" data-no-translation=\"\" data-trp-gettext=\"\" data-no-translation-aria-label=\"\">Add to cart<\/a><\/div>\n\t\t\t<\/li><li class=\"wc-block-grid__product\">\n\t\t\t\t<a href=\"https:\/\/vurtsid.ee\/en\/product\/koreaparase-porgandisalati-vurtsisegu-50g\/\" class=\"wc-block-grid__product-link\">\n\t\t\t\t\t\n\t\t\t\t\t<div class=\"wc-block-grid__product-image\"><img loading=\"lazy\" decoding=\"async\" width=\"430\" height=\"430\" src=\"https:\/\/vurtsid.ee\/wp-content\/uploads\/2026\/03\/20260309_161247-430x430.png\" class=\"attachment-woocommerce_thumbnail size-woocommerce_thumbnail\" alt=\"Koreap\u00e4rase porgandisalati v\u00fcrtsisegu 50g\" srcset=\"https:\/\/vurtsid.ee\/wp-content\/uploads\/2026\/03\/20260309_161247-430x430.png 430w, https:\/\/vurtsid.ee\/wp-content\/uploads\/2026\/03\/20260309_161247-300x300.png 300w, https:\/\/vurtsid.ee\/wp-content\/uploads\/2026\/03\/20260309_161247-800x800.png 800w, https:\/\/vurtsid.ee\/wp-content\/uploads\/2026\/03\/20260309_161247-150x150.png 150w, https:\/\/vurtsid.ee\/wp-content\/uploads\/2026\/03\/20260309_161247-768x768.png 768w, https:\/\/vurtsid.ee\/wp-content\/uploads\/2026\/03\/20260309_161247-700x700.png 700w, https:\/\/vurtsid.ee\/wp-content\/uploads\/2026\/03\/20260309_161247.png 1200w\" sizes=\"auto, (max-width: 430px) 100vw, 430px\" \/><\/div>\n\t\t\t\t\t<div class=\"wc-block-grid__product-title\">Koreap\u00e4rase porgandisalati v\u00fcrtsisegu 50g<\/div>\n\t\t\t\t<\/a>\n\t\t\t\t<div class=\"wc-block-grid__product-price price\"><span class=\"woocommerce-Price-amount amount\">2,00&nbsp;<span class=\"woocommerce-Price-currencySymbol\">&euro;<\/span><\/span><\/div>\n\t\t\t\t\n\t\t\t\t<div class=\"wp-block-button wc-block-grid__product-add-to-cart\"><a href=\"\/en\/wp-json\/wp\/v2\/pages\/30?add-to-cart=16769\" aria-label=\"Add to cart: \u201cKoreap\u00e4rase porgandisalati v\u00fcrtsisegu 50g\u201d\" data-quantity=\"1\" data-product_id=\"16769\" data-product_sku=\"\" data-price=\"2\" rel=\"nofollow\" class=\"wp-block-button__link  add_to_cart_button ajax_add_to_cart\" data-no-translation=\"\" data-trp-gettext=\"\" data-no-translation-aria-label=\"\">Add to cart<\/a><\/div>\n\t\t\t<\/li><\/ul><\/div><\/div>\n<\/div>","protected":false},"excerpt":{"rendered":"","protected":false},"author":1,"featured_media":0,"parent":0,"menu_order":0,"comment_status":"closed","ping_status":"closed","template":"","meta":{"_monsterinsights_skip_tracking":false,"_monsterinsights_sitenote_active":false,"_monsterinsights_sitenote_note":"","_monsterinsights_sitenote_category":0,"_uf_show_specific_survey":0,"_uf_disable_surveys":false,"footnotes":""},"class_list":["post-30","page","type-page","status-publish","hentry"],"aioseo_notices":[],"_links":{"self":[{"href":"https:\/\/vurtsid.ee\/en\/wp-json\/wp\/v2\/pages\/30","targetHints":{"allow":["GET"]}}],"collection":[{"href":"https:\/\/vurtsid.ee\/en\/wp-json\/wp\/v2\/pages"}],"about":[{"href":"https:\/\/vurtsid.ee\/en\/wp-json\/wp\/v2\/types\/page"}],"author":[{"embeddable":true,"href":"https:\/\/vurtsid.ee\/en\/wp-json\/wp\/v2\/users\/1"}],"replies":[{"embeddable":true,"href":"https:\/\/vurtsid.ee\/en\/wp-json\/wp\/v2\/comments?post=30"}],"version-history":[{"count":1,"href":"https:\/\/vurtsid.ee\/en\/wp-json\/wp\/v2\/pages\/30\/revisions"}],"predecessor-version":[{"id":29304,"href":"https:\/\/vurtsid.ee\/en\/wp-json\/wp\/v2\/pages\/30\/revisions\/29304"}],"wp:attachment":[{"href":"https:\/\/vurtsid.ee\/en\/wp-json\/wp\/v2\/media?parent=30"}],"curies":[{"name":"wp","href":"https:\/\/api.w.org\/{rel}","templated":true}]}}