{"id":10198,"date":"2023-04-25T06:31:03","date_gmt":"2023-04-25T06:31:03","guid":{"rendered":"https:\/\/vurtsid.ee\/?post_type=product&#038;p=10198"},"modified":"2026-03-26T05:19:01","modified_gmt":"2026-03-26T05:19:01","slug":"maitseainesegu-kookidele-50g-4","status":"publish","type":"product","link":"https:\/\/vurtsid.ee\/en\/product\/maitseainesegu-kookidele-50g-4\/","title":{"rendered":"Maitseainesegu kookidele 50g"},"content":{"rendered":"","protected":false},"excerpt":{"rendered":"<div class=\"lgv_description lgv_description_simple\">\n<div class=\"woocommerce-product-details__short-description\">\n<div class=\"short-description\">Maitseainesegu on m\u00f5eldud erinevate kookide ja magustoitude maitsestamiseks. V\u00e4ga h\u00e4sti sobib kasutada \u00f5una-, k\u00f5rvitsa-, porgandikookide, kringlite ja teiste k\u00fcpsetiste maitsestamisel.<\/div>\n<div class=\"short-description\">Koostisosad: kaneel, koriander, ingver, muskaat, nelk.<\/div>\n<\/div>\n<\/div>\n<div class=\"lgv_meta lgv_meta_simple\"><\/div>\n<div class=\"lgv_price lgv_price_simple\"><\/div>","protected":false},"featured_media":29383,"template":"","meta":{"_monsterinsights_skip_tracking":false,"_monsterinsights_sitenote_active":false,"_monsterinsights_sitenote_note":"","_monsterinsights_sitenote_category":0,"_uf_show_specific_survey":0,"_uf_disable_surveys":false},"product_brand":[],"product_cat":[93,86],"product_tag":[],"class_list":{"0":"post-10198","1":"product","2":"type-product","3":"status-publish","4":"has-post-thumbnail","6":"product_cat-magustoidud","7":"product_cat-maitseainesegud","9":"first","10":"instock","11":"taxable","12":"shipping-taxable","13":"purchasable","14":"product-type-simple"},"aioseo_notices":[],"_links":{"self":[{"href":"https:\/\/vurtsid.ee\/en\/wp-json\/wp\/v2\/product\/10198","targetHints":{"allow":["GET"]}}],"collection":[{"href":"https:\/\/vurtsid.ee\/en\/wp-json\/wp\/v2\/product"}],"about":[{"href":"https:\/\/vurtsid.ee\/en\/wp-json\/wp\/v2\/types\/product"}],"version-history":[{"count":1,"href":"https:\/\/vurtsid.ee\/en\/wp-json\/wp\/v2\/product\/10198\/revisions"}],"predecessor-version":[{"id":29037,"href":"https:\/\/vurtsid.ee\/en\/wp-json\/wp\/v2\/product\/10198\/revisions\/29037"}],"wp:featuredmedia":[{"embeddable":true,"href":"https:\/\/vurtsid.ee\/en\/wp-json\/wp\/v2\/media\/29383"}],"wp:attachment":[{"href":"https:\/\/vurtsid.ee\/en\/wp-json\/wp\/v2\/media?parent=10198"}],"wp:term":[{"taxonomy":"product_brand","embeddable":true,"href":"https:\/\/vurtsid.ee\/en\/wp-json\/wp\/v2\/product_brand?post=10198"},{"taxonomy":"product_cat","embeddable":true,"href":"https:\/\/vurtsid.ee\/en\/wp-json\/wp\/v2\/product_cat?post=10198"},{"taxonomy":"product_tag","embeddable":true,"href":"https:\/\/vurtsid.ee\/en\/wp-json\/wp\/v2\/product_tag?post=10198"}],"curies":[{"name":"wp","href":"https:\/\/api.w.org\/{rel}","templated":true}]}}