{"id":10208,"date":"2023-04-25T06:31:04","date_gmt":"2023-04-25T06:31:04","guid":{"rendered":"https:\/\/vurtsid.ee\/?post_type=product&#038;p=10208"},"modified":"2026-03-22T12:44:38","modified_gmt":"2026-03-22T12:44:38","slug":"salati-maitseainesegu-urtidega-35g-3","status":"publish","type":"product","link":"https:\/\/vurtsid.ee\/en\/product\/salati-maitseainesegu-urtidega-35g-3\/","title":{"rendered":"Salati maitseainesegu \u00fcrtidega 35g"},"content":{"rendered":"","protected":false},"excerpt":{"rendered":"<div class=\"short-description\">Annab salatile rikkaliku \u00fcrdise maitse. Kasutatakse toorsalatite maitsestamiseks.<\/div>\n<div class=\"short-description\">Koostisosad: meresool, pune, sibul, petersell, suhkur, k\u00fc\u00fcslauk, must pipar, basiilik, seller, t\u00fc\u00fcmian.<\/div>","protected":false},"featured_media":29503,"template":"","meta":{"_monsterinsights_skip_tracking":false,"_monsterinsights_sitenote_active":false,"_monsterinsights_sitenote_note":"","_monsterinsights_sitenote_category":0,"_uf_show_specific_survey":0,"_uf_disable_surveys":false},"product_brand":[],"product_cat":[86,102,100],"product_tag":[],"class_list":{"0":"post-10208","1":"product","2":"type-product","3":"status-publish","4":"has-post-thumbnail","6":"product_cat-maitseainesegud","7":"product_cat-salatid","8":"product_cat-taimetoidud","10":"first","11":"instock","12":"taxable","13":"shipping-taxable","14":"purchasable","15":"product-type-simple"},"aioseo_notices":[],"_links":{"self":[{"href":"https:\/\/vurtsid.ee\/en\/wp-json\/wp\/v2\/product\/10208","targetHints":{"allow":["GET"]}}],"collection":[{"href":"https:\/\/vurtsid.ee\/en\/wp-json\/wp\/v2\/product"}],"about":[{"href":"https:\/\/vurtsid.ee\/en\/wp-json\/wp\/v2\/types\/product"}],"version-history":[{"count":1,"href":"https:\/\/vurtsid.ee\/en\/wp-json\/wp\/v2\/product\/10208\/revisions"}],"predecessor-version":[{"id":29042,"href":"https:\/\/vurtsid.ee\/en\/wp-json\/wp\/v2\/product\/10208\/revisions\/29042"}],"wp:featuredmedia":[{"embeddable":true,"href":"https:\/\/vurtsid.ee\/en\/wp-json\/wp\/v2\/media\/29503"}],"wp:attachment":[{"href":"https:\/\/vurtsid.ee\/en\/wp-json\/wp\/v2\/media?parent=10208"}],"wp:term":[{"taxonomy":"product_brand","embeddable":true,"href":"https:\/\/vurtsid.ee\/en\/wp-json\/wp\/v2\/product_brand?post=10208"},{"taxonomy":"product_cat","embeddable":true,"href":"https:\/\/vurtsid.ee\/en\/wp-json\/wp\/v2\/product_cat?post=10208"},{"taxonomy":"product_tag","embeddable":true,"href":"https:\/\/vurtsid.ee\/en\/wp-json\/wp\/v2\/product_tag?post=10208"}],"curies":[{"name":"wp","href":"https:\/\/api.w.org\/{rel}","templated":true}]}}