{"id":10211,"date":"2023-04-25T06:31:04","date_gmt":"2023-04-25T06:31:04","guid":{"rendered":"https:\/\/vurtsid.ee\/?post_type=product&#038;p=10211"},"modified":"2026-03-22T12:46:21","modified_gmt":"2026-03-22T12:46:21","slug":"tai-maitseainesegu-kanale-50g-3","status":"publish","type":"product","link":"https:\/\/vurtsid.ee\/en\/product\/tai-maitseainesegu-kanale-50g-3\/","title":{"rendered":"Tai maitseainesegu kanale 50g"},"content":{"rendered":"","protected":false},"excerpt":{"rendered":"<div class=\"short-description\">Tai p\u00e4rast aroomi pakkuv ja maitsemeeli paitav maitseainesegu. Segu sobib idamaiseid maitseid pakkuva ahjukana maitsestamiseks.<\/div>\n<div class=\"short-description\">Koostisosad: ingver, t\u0161illi, sidrunhein, k\u00fc\u00fcslauk, sibul, koriander, kurkum, meresool, v\u00fcrtsk\u00f6\u00f6mned, roosuhkur, kookoshelbed.<\/div>","protected":false},"featured_media":29498,"template":"","meta":{"_monsterinsights_skip_tracking":false,"_monsterinsights_sitenote_active":false,"_monsterinsights_sitenote_note":"","_monsterinsights_sitenote_category":0,"_uf_show_specific_survey":0,"_uf_disable_surveys":false},"product_brand":[],"product_cat":[98,89,87,86],"product_tag":[],"class_list":{"0":"post-10211","1":"product","2":"type-product","3":"status-publish","4":"has-post-thumbnail","6":"product_cat-aasia","7":"product_cat-linnulihale","8":"product_cat-maailma-maitsed","9":"product_cat-maitseainesegud","11":"first","12":"instock","13":"taxable","14":"shipping-taxable","15":"purchasable","16":"product-type-simple"},"aioseo_notices":[],"_links":{"self":[{"href":"https:\/\/vurtsid.ee\/en\/wp-json\/wp\/v2\/product\/10211","targetHints":{"allow":["GET"]}}],"collection":[{"href":"https:\/\/vurtsid.ee\/en\/wp-json\/wp\/v2\/product"}],"about":[{"href":"https:\/\/vurtsid.ee\/en\/wp-json\/wp\/v2\/types\/product"}],"version-history":[{"count":1,"href":"https:\/\/vurtsid.ee\/en\/wp-json\/wp\/v2\/product\/10211\/revisions"}],"predecessor-version":[{"id":29044,"href":"https:\/\/vurtsid.ee\/en\/wp-json\/wp\/v2\/product\/10211\/revisions\/29044"}],"wp:featuredmedia":[{"embeddable":true,"href":"https:\/\/vurtsid.ee\/en\/wp-json\/wp\/v2\/media\/29498"}],"wp:attachment":[{"href":"https:\/\/vurtsid.ee\/en\/wp-json\/wp\/v2\/media?parent=10211"}],"wp:term":[{"taxonomy":"product_brand","embeddable":true,"href":"https:\/\/vurtsid.ee\/en\/wp-json\/wp\/v2\/product_brand?post=10211"},{"taxonomy":"product_cat","embeddable":true,"href":"https:\/\/vurtsid.ee\/en\/wp-json\/wp\/v2\/product_cat?post=10211"},{"taxonomy":"product_tag","embeddable":true,"href":"https:\/\/vurtsid.ee\/en\/wp-json\/wp\/v2\/product_tag?post=10211"}],"curies":[{"name":"wp","href":"https:\/\/api.w.org\/{rel}","templated":true}]}}