{"id":10227,"date":"2023-04-25T06:31:50","date_gmt":"2023-04-25T06:31:50","guid":{"rendered":"https:\/\/vurtsid.ee\/?post_type=product&#038;p=10227"},"modified":"2026-03-26T05:17:46","modified_gmt":"2026-03-26T05:17:46","slug":"kuuslaugusool-75g-3","status":"publish","type":"product","link":"https:\/\/vurtsid.ee\/en\/product\/kuuslaugusool-75g-3\/","title":{"rendered":"K\u00fc\u00fcslaugusool 75g"},"content":{"rendered":"","protected":false},"excerpt":{"rendered":"<p>Hinnatud k\u00fc\u00fcslauk annab hea maitse ja l\u00f5hna k\u00f6\u00f6givilja-, liha-, kala- ja pastatoitudele, suppidele, salatitele ja koorikloomadele. V\u00e4ga h\u00e4sti sobib kasutada itaalia- ja prantsusep\u00e4rastes roogades. Koostisosad: meresool, k\u00fc\u00fcslaugupulber,sibul, pune<\/p>","protected":false},"featured_media":29379,"template":"","meta":{"_monsterinsights_skip_tracking":false,"_monsterinsights_sitenote_active":false,"_monsterinsights_sitenote_note":"","_monsterinsights_sitenote_category":0,"_uf_show_specific_survey":0,"_uf_disable_surveys":false},"product_brand":[],"product_cat":[108],"product_tag":[],"class_list":{"0":"post-10227","1":"product","2":"type-product","3":"status-publish","4":"has-post-thumbnail","6":"product_cat-maitsesoolad","8":"first","9":"instock","10":"taxable","11":"shipping-taxable","12":"purchasable","13":"product-type-simple"},"aioseo_notices":[],"_links":{"self":[{"href":"https:\/\/vurtsid.ee\/en\/wp-json\/wp\/v2\/product\/10227","targetHints":{"allow":["GET"]}}],"collection":[{"href":"https:\/\/vurtsid.ee\/en\/wp-json\/wp\/v2\/product"}],"about":[{"href":"https:\/\/vurtsid.ee\/en\/wp-json\/wp\/v2\/types\/product"}],"version-history":[{"count":2,"href":"https:\/\/vurtsid.ee\/en\/wp-json\/wp\/v2\/product\/10227\/revisions"}],"predecessor-version":[{"id":29411,"href":"https:\/\/vurtsid.ee\/en\/wp-json\/wp\/v2\/product\/10227\/revisions\/29411"}],"wp:featuredmedia":[{"embeddable":true,"href":"https:\/\/vurtsid.ee\/en\/wp-json\/wp\/v2\/media\/29379"}],"wp:attachment":[{"href":"https:\/\/vurtsid.ee\/en\/wp-json\/wp\/v2\/media?parent=10227"}],"wp:term":[{"taxonomy":"product_brand","embeddable":true,"href":"https:\/\/vurtsid.ee\/en\/wp-json\/wp\/v2\/product_brand?post=10227"},{"taxonomy":"product_cat","embeddable":true,"href":"https:\/\/vurtsid.ee\/en\/wp-json\/wp\/v2\/product_cat?post=10227"},{"taxonomy":"product_tag","embeddable":true,"href":"https:\/\/vurtsid.ee\/en\/wp-json\/wp\/v2\/product_tag?post=10227"}],"curies":[{"name":"wp","href":"https:\/\/api.w.org\/{rel}","templated":true}]}}