{"id":10228,"date":"2023-04-25T06:31:50","date_gmt":"2023-04-25T06:31:50","guid":{"rendered":"https:\/\/vurtsid.ee\/?post_type=product&#038;p=10228"},"modified":"2026-03-22T10:42:25","modified_gmt":"2026-03-22T10:42:25","slug":"kuuslaugusool-75g-2-2","status":"publish","type":"product","link":"https:\/\/vurtsid.ee\/en\/product\/kuuslaugusool-75g-2-2\/","title":{"rendered":"K\u00fc\u00fcslaugusool 75g"},"content":{"rendered":"","protected":false},"excerpt":{"rendered":"<div class=\"woocommerce-product-details__short-description\">\n<div class=\"short-description\">Hinnatud k\u00fc\u00fcslauk annab hea maitse ja l\u00f5hna k\u00f6\u00f6givilja-, liha-, kala- ja pastatoitudele, suppidele, salatitele ja koorikloomadele. V\u00e4ga h\u00e4sti sobib kasutada itaalia- ja prantsusep\u00e4rastes roogades. Koostisosad: meresool, k\u00fc\u00fcslaugupulber,sibul, pune<\/div>\n<\/div>\n<form class=\"variations_form cart\" style=\"box-sizing: border-box; margin: 0px 0px 15px; padding: 0px; border: 0px; vertical-align: baseline; font-style: normal; font-variant-ligatures: normal; font-variant-caps: normal; font-variant-numeric: inherit; font-variant-east-asian: inherit; font-weight: 400; font-stretch: inherit; line-height: inherit; font-family: Quicksand, Arial, Helvetica, sans-serif; font-size: 14px; color: #777777; letter-spacing: normal; orphans: 2; text-align: start; text-indent: 0px; text-transform: none; white-space: normal; widows: 2; word-spacing: 0px; -webkit-text-stroke-width: 0px; background-color: #ffffff; text-decoration-thickness: initial; text-decoration-style: initial; text-decoration-color: initial;\" enctype=\"multipart\/form-data\" method=\"post\" data-product_id=\"9285\" data-product_variations=\"[{&quot;attributes&quot;:{&quot;attribute_pa_pakend&quot;:&quot;taitepakk&quot;},&quot;availability_html&quot;:&quot;&quot;,&quot;backorders_allowed&quot;:false,&quot;dimensions&quot;:{&quot;length&quot;:&quot;&quot;,&quot;width&quot;:&quot;&quot;,&quot;height&quot;:&quot;&quot;},&quot;dimensions_html&quot;:&quot;-&quot;,&quot;display_price&quot;:1,&quot;display_regular_price&quot;:1,&quot;image&quot;:{&quot;title&quot;:&quot;tu00e4itepakk&quot;,&quot;caption&quot;:&quot;&quot;,&quot;url&quot;:&quot;https:\/\/v.vurtsid.ee\/wp-content\/uploads\/2021\/02\/taitepakk-1.jpg&quot;,&quot;alt&quot;:&quot;&quot;,&quot;src&quot;:&quot;https:\/\/v.vurtsid.ee\/wp-content\/uploads\/2021\/02\/taitepakk-1.jpg&quot;,&quot;srcset&quot;:&quot;https:\/\/v.vurtsid.ee\/wp-content\/uploads\/2021\/02\/taitepakk-1.jpg 800w, https:\/\/v.vurtsid.ee\/wp-content\/uploads\/2021\/02\/taitepakk-1-300x300.jpg 300w, https:\/\/v.vurtsid.ee\/wp-content\/uploads\/2021\/02\/taitepakk-1-150x150.jpg 150w, https:\/\/v.vurtsid.ee\/wp-content\/uploads\/2021\/02\/taitepakk-1-768x768.jpg 768w, https:\/\/v.vurtsid.ee\/wp-content\/uploads\/2021\/02\/taitepakk-1-12x12.jpg 12w, https:\/\/v.vurtsid.ee\/wp-content\/uploads\/2021\/02\/taitepakk-1-600x600.jpg 600w, https:\/\/v.vurtsid.ee\/wp-content\/uploads\/2021\/02\/taitepakk-1-100x100.jpg 100w&quot;,&quot;sizes&quot;:&quot;(max-width: 800px) 100vw, 800px&quot;,&quot;full_src&quot;:&quot;https:\/\/v.vurtsid.ee\/wp-content\/uploads\/2021\/02\/taitepakk-1.jpg&quot;,&quot;full_src_w&quot;:800,&quot;full_src_h&quot;:800,&quot;gallery_thumbnail_src&quot;:&quot;https:\/\/v.vurtsid.ee\/wp-content\/uploads\/2021\/02\/taitepakk-1.jpg&quot;,&quot;gallery_thumbnail_src_w&quot;:800,&quot;gallery_thumbnail_src_h&quot;:800,&quot;thumb_src&quot;:&quot;https:\/\/v.vurtsid.ee\/wp-content\/uploads\/2021\/02\/taitepakk-1-600x600.jpg&quot;,&quot;thumb_src_w&quot;:600,&quot;thumb_src_h&quot;:600,&quot;src_w&quot;:800,&quot;src_h&quot;:800},&quot;image_id&quot;:9831,&quot;is_downloadable&quot;:false,&quot;is_in_stock&quot;:true,&quot;is_purchasable&quot;:true,&quot;is_sold_individually&quot;:&quot;no&quot;,&quot;is_virtual&quot;:false,&quot;max_qty&quot;:&quot;&quot;,&quot;min_qty&quot;:1,&quot;price_html&quot;:&quot;&lt;span class=&quot;price&quot;&gt;&lt;span class=&quot;woocommerce-Price-amount amount&quot;&gt;&lt;bdi&gt;&lt;span class=&quot;woocommerce-Price-currencySymbol&quot;&gt;&amp;euro;&lt;\/span&gt;1,00&lt;\/bdi&gt;&lt;\/span&gt;&lt;\/span&gt;&quot;,&quot;sku&quot;:&quot;&quot;,&quot;variation_description&quot;:&quot;&quot;,&quot;variation_id&quot;:9861,&quot;variation_is_active&quot;:true,&quot;variation_is_visible&quot;:true,&quot;weight&quot;:&quot;&quot;,&quot;weight_html&quot;:&quot;-&quot;,&quot;additional_variation_images&quot;:[{&quot;width&quot;:800,&quot;height&quot;:800,&quot;src&quot;:&quot;https:\/\/v.vurtsid.ee\/wp-content\/uploads\/2021\/02\/taitepakk-1.jpg&quot;,&quot;full_src&quot;:&quot;https:\/\/v.vurtsid.ee\/wp-content\/uploads\/2021\/02\/taitepakk-1.jpg&quot;,&quot;thumbnail_src&quot;:&quot;https:\/\/v.vurtsid.ee\/wp-content\/uploads\/2021\/02\/taitepakk-1.jpg&quot;,&quot;class&quot;:&quot;wp-post-image&quot;,&quot;alt&quot;:&quot;&quot;,&quot;title&quot;:&quot;tu00e4itepakk&quot;,&quot;data_caption&quot;:&quot;&quot;,&quot;data_src&quot;:&quot;https:\/\/v.vurtsid.ee\/wp-content\/uploads\/2021\/02\/taitepakk-1.jpg&quot;,&quot;data_large_image&quot;:&quot;https:\/\/v.vurtsid.ee\/wp-content\/uploads\/2021\/02\/taitepakk-1.jpg&quot;,&quot;data_large_image_width&quot;:&quot;800&quot;,&quot;data_large_image_height&quot;:&quot;800&quot;,&quot;srcset&quot;:&quot;https:\/\/v.vurtsid.ee\/wp-content\/uploads\/2021\/02\/taitepakk-1.jpg 800w, https:\/\/v.vurtsid.ee\/wp-content\/uploads\/2021\/02\/taitepakk-1-300x300.jpg 300w, https:\/\/v.vurtsid.ee\/wp-content\/uploads\/2021\/02\/taitepakk-1-150x150.jpg 150w, https:\/\/v.vurtsid.ee\/wp-content\/uploads\/2021\/02\/taitepakk-1-768x768.jpg 768w, https:\/\/v.vurtsid.ee\/wp-content\/uploads\/2021\/02\/taitepakk-1-12x12.jpg 12w, https:\/\/v.vurtsid.ee\/wp-content\/uploads\/2021\/02\/taitepakk-1-600x600.jpg 600w, https:\/\/v.vurtsid.ee\/wp-content\/uploads\/2021\/02\/taitepakk-1-100x100.jpg 100w&quot;,&quot;sizes&quot;:&quot;(max-width: 800px) 100vw, 800px&quot;}],&quot;additional_variation_images_default&quot;:[{&quot;width&quot;:700,&quot;height&quot;:700,&quot;src&quot;:&quot;https:\/\/v.vurtsid.ee\/wp-content\/uploads\/2021\/01\/maitse1.png&quot;,&quot;full_src&quot;:&quot;https:\/\/v.vurtsid.ee\/wp-content\/uploads\/2021\/01\/maitse1.png&quot;,&quot;thumbnail_src&quot;:&quot;https:\/\/v.vurtsid.ee\/wp-content\/uploads\/2021\/01\/maitse1.png&quot;,&quot;class&quot;:&quot;wp-post-image&quot;,&quot;alt&quot;:&quot;&quot;,&quot;title&quot;:&quot;maitse1.png&quot;,&quot;data_caption&quot;:&quot;&quot;,&quot;data_src&quot;:&quot;https:\/\/v.vurtsid.ee\/wp-content\/uploads\/2021\/01\/maitse1.png&quot;,&quot;data_large_image&quot;:&quot;https:\/\/v.vurtsid.ee\/wp-content\/uploads\/2021\/01\/maitse1.png&quot;,&quot;data_large_image_width&quot;:&quot;700&quot;,&quot;data_large_image_height&quot;:&quot;700&quot;,&quot;srcset&quot;:&quot;https:\/\/v.vurtsid.ee\/wp-content\/uploads\/2021\/01\/maitse1.png 700w, https:\/\/v.vurtsid.ee\/wp-content\/uploads\/2021\/01\/maitse1-300x300.png 300w, https:\/\/v.vurtsid.ee\/wp-content\/uploads\/2021\/01\/maitse1-150x150.png 150w, https:\/\/v.vurtsid.ee\/wp-content\/uploads\/2021\/01\/maitse1-12x12.png 12w, https:\/\/v.vurtsid.ee\/wp-content\/uploads\/2021\/01\/maitse1-600x600.png 600w, https:\/\/v.vurtsid.ee\/wp-content\/uploads\/2021\/01\/maitse1-100x100.png 100w&quot;,&quot;sizes&quot;:&quot;(max-width: 700px) 100vw, 700px&quot;}]},{&quot;attributes&quot;:{&quot;attribute_pa_pakend&quot;:&quot;tops&quot;},&quot;availability_html&quot;:&quot;&quot;,&quot;backorders_allowed&quot;:false,&quot;dimensions&quot;:{&quot;length&quot;:&quot;&quot;,&quot;width&quot;:&quot;&quot;,&quot;height&quot;:&quot;&quot;},&quot;dimensions_html&quot;:&quot;-&quot;,&quot;display_price&quot;:1.3,&quot;display_regular_price&quot;:1.3,&quot;image&quot;:{&quot;title&quot;:&quot;maitse1.png&quot;,&quot;caption&quot;:&quot;&quot;,&quot;url&quot;:&quot;https:\/\/v.vurtsid.ee\/wp-content\/uploads\/2021\/01\/maitse1.png&quot;,&quot;alt&quot;:&quot;&quot;,&quot;src&quot;:&quot;https:\/\/v.vurtsid.ee\/wp-content\/uploads\/2021\/01\/maitse1.png&quot;,&quot;srcset&quot;:&quot;https:\/\/v.vurtsid.ee\/wp-content\/uploads\/2021\/01\/maitse1.png 700w, https:\/\/v.vurtsid.ee\/wp-content\/uploads\/2021\/01\/maitse1-300x300.png 300w, https:\/\/v.vurtsid.ee\/wp-content\/uploads\/2021\/01\/maitse1-150x150.png 150w, https:\/\/v.vurtsid.ee\/wp-content\/uploads\/2021\/01\/maitse1-12x12.png 12w, https:\/\/v.vurtsid.ee\/wp-content\/uploads\/2021\/01\/maitse1-600x600.png 600w, https:\/\/v.vurtsid.ee\/wp-content\/uploads\/2021\/01\/maitse1-100x100.png 100w&quot;,&quot;sizes&quot;:&quot;(max-width: 700px) 100vw, 700px&quot;,&quot;full_src&quot;:&quot;https:\/\/v.vurtsid.ee\/wp-content\/uploads\/2021\/01\/maitse1.png&quot;,&quot;full_src_w&quot;:700,&quot;full_src_h&quot;:700,&quot;gallery_thumbnail_src&quot;:&quot;https:\/\/v.vurtsid.ee\/wp-content\/uploads\/2021\/01\/maitse1.png&quot;,&quot;gallery_thumbnail_src_w&quot;:700,&quot;gallery_thumbnail_src_h&quot;:700,&quot;thumb_src&quot;:&quot;https:\/\/v.vurtsid.ee\/wp-content\/uploads\/2021\/01\/maitse1-600x600.png&quot;,&quot;thumb_src_w&quot;:600,&quot;thumb_src_h&quot;:600,&quot;src_w&quot;:700,&quot;src_h&quot;:700},&quot;image_id&quot;:9291,&quot;is_downloadable&quot;:false,&quot;is_in_stock&quot;:true,&quot;is_purchasable&quot;:true,&quot;is_sold_individually&quot;:&quot;no&quot;,&quot;is_virtual&quot;:false,&quot;max_qty&quot;:&quot;&quot;,&quot;min_qty&quot;:1,&quot;price_html&quot;:&quot;&lt;span class=&quot;price&quot;&gt;&lt;span class=&quot;woocommerce-Price-amount amount&quot;&gt;&lt;bdi&gt;&lt;span class=&quot;woocommerce-Price-currencySymbol&quot;&gt;&amp;euro;&lt;\/span&gt;1,30&lt;\/bdi&gt;&lt;\/span&gt;&lt;\/span&gt;&quot;,&quot;sku&quot;:&quot;&quot;,&quot;variation_description&quot;:&quot;&quot;,&quot;variation_id&quot;:9862,&quot;variation_is_active&quot;:true,&quot;variation_is_visible&quot;:true,&quot;weight&quot;:&quot;&quot;,&quot;weight_html&quot;:&quot;-&quot;,&quot;additional_variation_images_default&quot;:[{&quot;width&quot;:700,&quot;height&quot;:700,&quot;src&quot;:&quot;https:\/\/v.vurtsid.ee\/wp-content\/uploads\/2021\/01\/maitse1.png&quot;,&quot;full_src&quot;:&quot;https:\/\/v.vurtsid.ee\/wp-content\/uploads\/2021\/01\/maitse1.png&quot;,&quot;thumbnail_src&quot;:&quot;https:\/\/v.vurtsid.ee\/wp-content\/uploads\/2021\/01\/maitse1.png&quot;,&quot;class&quot;:&quot;wp-post-image&quot;,&quot;alt&quot;:&quot;&quot;,&quot;title&quot;:&quot;maitse1.png&quot;,&quot;data_caption&quot;:&quot;&quot;,&quot;data_src&quot;:&quot;https:\/\/v.vurtsid.ee\/wp-content\/uploads\/2021\/01\/maitse1.png&quot;,&quot;data_large_image&quot;:&quot;https:\/\/v.vurtsid.ee\/wp-content\/uploads\/2021\/01\/maitse1.png&quot;,&quot;data_large_image_width&quot;:&quot;700&quot;,&quot;data_large_image_height&quot;:&quot;700&quot;,&quot;srcset&quot;:&quot;https:\/\/v.vurtsid.ee\/wp-content\/uploads\/2021\/01\/maitse1.png 700w, https:\/\/v.vurtsid.ee\/wp-content\/uploads\/2021\/01\/maitse1-300x300.png 300w, https:\/\/v.vurtsid.ee\/wp-content\/uploads\/2021\/01\/maitse1-150x150.png 150w, https:\/\/v.vurtsid.ee\/wp-content\/uploads\/2021\/01\/maitse1-12x12.png 12w, https:\/\/v.vurtsid.ee\/wp-content\/uploads\/2021\/01\/maitse1-600x600.png 600w, https:\/\/v.vurtsid.ee\/wp-content\/uploads\/2021\/01\/maitse1-100x100.png 100w&quot;,&quot;sizes&quot;:&quot;(max-width: 700px) 100vw, 700px&quot;}]}]\"><\/form>\n","protected":false},"featured_media":29912,"template":"","meta":{"_monsterinsights_skip_tracking":false,"_monsterinsights_sitenote_active":false,"_monsterinsights_sitenote_note":"","_monsterinsights_sitenote_category":0,"_uf_show_specific_survey":0,"_uf_disable_surveys":false},"product_brand":[],"product_cat":[108],"product_tag":[],"class_list":{"0":"post-10228","1":"product","2":"type-product","3":"status-publish","4":"has-post-thumbnail","6":"product_cat-maitsesoolad","8":"first","9":"instock","10":"taxable","11":"shipping-taxable","12":"purchasable","13":"product-type-simple"},"aioseo_notices":[],"_links":{"self":[{"href":"https:\/\/vurtsid.ee\/en\/wp-json\/wp\/v2\/product\/10228","targetHints":{"allow":["GET"]}}],"collection":[{"href":"https:\/\/vurtsid.ee\/en\/wp-json\/wp\/v2\/product"}],"about":[{"href":"https:\/\/vurtsid.ee\/en\/wp-json\/wp\/v2\/types\/product"}],"version-history":[{"count":1,"href":"https:\/\/vurtsid.ee\/en\/wp-json\/wp\/v2\/product\/10228\/revisions"}],"predecessor-version":[{"id":29054,"href":"https:\/\/vurtsid.ee\/en\/wp-json\/wp\/v2\/product\/10228\/revisions\/29054"}],"wp:featuredmedia":[{"embeddable":true,"href":"https:\/\/vurtsid.ee\/en\/wp-json\/wp\/v2\/media\/29912"}],"wp:attachment":[{"href":"https:\/\/vurtsid.ee\/en\/wp-json\/wp\/v2\/media?parent=10228"}],"wp:term":[{"taxonomy":"product_brand","embeddable":true,"href":"https:\/\/vurtsid.ee\/en\/wp-json\/wp\/v2\/product_brand?post=10228"},{"taxonomy":"product_cat","embeddable":true,"href":"https:\/\/vurtsid.ee\/en\/wp-json\/wp\/v2\/product_cat?post=10228"},{"taxonomy":"product_tag","embeddable":true,"href":"https:\/\/vurtsid.ee\/en\/wp-json\/wp\/v2\/product_tag?post=10228"}],"curies":[{"name":"wp","href":"https:\/\/api.w.org\/{rel}","templated":true}]}}