{"id":10236,"date":"2023-04-25T06:32:12","date_gmt":"2023-04-25T06:32:12","guid":{"rendered":"https:\/\/vurtsid.ee\/?post_type=product&#038;p=10236"},"modified":"2026-03-10T12:02:45","modified_gmt":"2026-03-10T12:02:45","slug":"aasiaparane-vurtsisegu-55g-3","status":"publish","type":"product","link":"https:\/\/vurtsid.ee\/en\/product\/aasiaparane-vurtsisegu-55g-3\/","title":{"rendered":"Aasiap\u00e4rane v\u00fcrtsisegu 55g"},"content":{"rendered":"","protected":false},"excerpt":{"rendered":"<p>Aasiap\u00e4rane v\u00fcrtsisegu peidab endas mitmeid erinevaid eksootilisi v\u00fcrtse ja maitsetaimi, tuues meie liharoogadesse aasiap\u00e4raste maitsete v\u00f5lu. Kasutatakse aasiap\u00e4raste liharoogade maitsestamiseks.<\/p>\n<p>Koostis: meresool, mustpipar, sinepipulber, muskavaado suhkur, sidrunhein, v\u00fcrtsk\u00f6\u00f6mned, muskaat p\u00e4hkel, paprika, t\u0161illi.<\/p>","protected":false},"featured_media":29463,"template":"","meta":{"_monsterinsights_skip_tracking":false,"_monsterinsights_sitenote_active":false,"_monsterinsights_sitenote_note":"","_monsterinsights_sitenote_category":0,"_uf_show_specific_survey":0,"_uf_disable_surveys":false},"product_brand":[],"product_cat":[98,87],"product_tag":[],"class_list":{"0":"post-10236","1":"product","2":"type-product","3":"status-publish","4":"has-post-thumbnail","6":"product_cat-aasia","7":"product_cat-maailma-maitsed","9":"first","10":"instock","11":"taxable","12":"shipping-taxable","13":"purchasable","14":"product-type-simple"},"aioseo_notices":[],"_links":{"self":[{"href":"https:\/\/vurtsid.ee\/en\/wp-json\/wp\/v2\/product\/10236","targetHints":{"allow":["GET"]}}],"collection":[{"href":"https:\/\/vurtsid.ee\/en\/wp-json\/wp\/v2\/product"}],"about":[{"href":"https:\/\/vurtsid.ee\/en\/wp-json\/wp\/v2\/types\/product"}],"version-history":[{"count":2,"href":"https:\/\/vurtsid.ee\/en\/wp-json\/wp\/v2\/product\/10236\/revisions"}],"predecessor-version":[{"id":29413,"href":"https:\/\/vurtsid.ee\/en\/wp-json\/wp\/v2\/product\/10236\/revisions\/29413"}],"wp:featuredmedia":[{"embeddable":true,"href":"https:\/\/vurtsid.ee\/en\/wp-json\/wp\/v2\/media\/29463"}],"wp:attachment":[{"href":"https:\/\/vurtsid.ee\/en\/wp-json\/wp\/v2\/media?parent=10236"}],"wp:term":[{"taxonomy":"product_brand","embeddable":true,"href":"https:\/\/vurtsid.ee\/en\/wp-json\/wp\/v2\/product_brand?post=10236"},{"taxonomy":"product_cat","embeddable":true,"href":"https:\/\/vurtsid.ee\/en\/wp-json\/wp\/v2\/product_cat?post=10236"},{"taxonomy":"product_tag","embeddable":true,"href":"https:\/\/vurtsid.ee\/en\/wp-json\/wp\/v2\/product_tag?post=10236"}],"curies":[{"name":"wp","href":"https:\/\/api.w.org\/{rel}","templated":true}]}}