{"id":10240,"date":"2023-04-25T06:32:12","date_gmt":"2023-04-25T06:32:12","guid":{"rendered":"https:\/\/vurtsid.ee\/?post_type=product&#038;p=10240"},"modified":"2026-03-22T11:14:42","modified_gmt":"2026-03-22T11:14:42","slug":"kuuslaugupipar-60g-2-2","status":"publish","type":"product","link":"https:\/\/vurtsid.ee\/en\/product\/kuuslaugupipar-60g-2-2\/","title":{"rendered":"K\u00fc\u00fcslaugupipar 60g"},"content":{"rendered":"","protected":false},"excerpt":{"rendered":"<p>Sobib erinevate toitude: liha, pitsa, pasta, taimetoitiude ja linnuliha maitsestamiseks. K\u00fc\u00fcslauk annab v\u00e4ga hea k\u00fc\u00fcslauguse maitse ja pipar lisab tulisust.<br \/>\nKoostisosad: k\u00fc\u00fcslauk, meresool, must pipar, petersell, sidrunipipar, pruun suhkur.<\/p>","protected":false},"featured_media":29923,"template":"","meta":{"_monsterinsights_skip_tracking":false,"_monsterinsights_sitenote_active":false,"_monsterinsights_sitenote_note":"","_monsterinsights_sitenote_category":0,"_uf_show_specific_survey":0,"_uf_disable_surveys":false},"product_brand":[],"product_cat":[91],"product_tag":[],"class_list":{"0":"post-10240","1":"product","2":"type-product","3":"status-publish","4":"has-post-thumbnail","6":"product_cat-piprad","8":"first","9":"instock","10":"taxable","11":"shipping-taxable","12":"purchasable","13":"product-type-simple"},"aioseo_notices":[],"_links":{"self":[{"href":"https:\/\/vurtsid.ee\/en\/wp-json\/wp\/v2\/product\/10240","targetHints":{"allow":["GET"]}}],"collection":[{"href":"https:\/\/vurtsid.ee\/en\/wp-json\/wp\/v2\/product"}],"about":[{"href":"https:\/\/vurtsid.ee\/en\/wp-json\/wp\/v2\/types\/product"}],"version-history":[{"count":1,"href":"https:\/\/vurtsid.ee\/en\/wp-json\/wp\/v2\/product\/10240\/revisions"}],"predecessor-version":[{"id":29061,"href":"https:\/\/vurtsid.ee\/en\/wp-json\/wp\/v2\/product\/10240\/revisions\/29061"}],"wp:featuredmedia":[{"embeddable":true,"href":"https:\/\/vurtsid.ee\/en\/wp-json\/wp\/v2\/media\/29923"}],"wp:attachment":[{"href":"https:\/\/vurtsid.ee\/en\/wp-json\/wp\/v2\/media?parent=10240"}],"wp:term":[{"taxonomy":"product_brand","embeddable":true,"href":"https:\/\/vurtsid.ee\/en\/wp-json\/wp\/v2\/product_brand?post=10240"},{"taxonomy":"product_cat","embeddable":true,"href":"https:\/\/vurtsid.ee\/en\/wp-json\/wp\/v2\/product_cat?post=10240"},{"taxonomy":"product_tag","embeddable":true,"href":"https:\/\/vurtsid.ee\/en\/wp-json\/wp\/v2\/product_tag?post=10240"}],"curies":[{"name":"wp","href":"https:\/\/api.w.org\/{rel}","templated":true}]}}