{"id":10256,"date":"2023-04-25T06:32:57","date_gmt":"2023-04-25T06:32:57","guid":{"rendered":"https:\/\/vurtsid.ee\/?post_type=product&#038;p=10256"},"modified":"2026-03-22T11:15:11","modified_gmt":"2026-03-22T11:15:11","slug":"purustatud-must-pipar-50g-3","status":"publish","type":"product","link":"https:\/\/vurtsid.ee\/en\/product\/purustatud-must-pipar-50g-3\/","title":{"rendered":"Purustatud must pipar 50g"},"content":{"rendered":"","protected":false},"excerpt":{"rendered":"<p>Must pipar on maailma enim kaubeldud v\u00fcrtse. See on \u00fcks levinumaid v\u00fcrtse Euroopa k\u00f6\u00f6gis. On \u00fcldlevinud t\u00e4nap\u00e4eva maailmas, sageli seotud soolaga.<\/p>","protected":false},"featured_media":29926,"template":"","meta":{"_monsterinsights_skip_tracking":false,"_monsterinsights_sitenote_active":false,"_monsterinsights_sitenote_note":"","_monsterinsights_sitenote_category":0,"_uf_show_specific_survey":0,"_uf_disable_surveys":false},"product_brand":[],"product_cat":[91],"product_tag":[],"class_list":{"0":"post-10256","1":"product","2":"type-product","3":"status-publish","4":"has-post-thumbnail","6":"product_cat-piprad","8":"first","9":"instock","10":"taxable","11":"shipping-taxable","12":"purchasable","13":"product-type-simple"},"aioseo_notices":[],"_links":{"self":[{"href":"https:\/\/vurtsid.ee\/en\/wp-json\/wp\/v2\/product\/10256","targetHints":{"allow":["GET"]}}],"collection":[{"href":"https:\/\/vurtsid.ee\/en\/wp-json\/wp\/v2\/product"}],"about":[{"href":"https:\/\/vurtsid.ee\/en\/wp-json\/wp\/v2\/types\/product"}],"version-history":[{"count":1,"href":"https:\/\/vurtsid.ee\/en\/wp-json\/wp\/v2\/product\/10256\/revisions"}],"predecessor-version":[{"id":29069,"href":"https:\/\/vurtsid.ee\/en\/wp-json\/wp\/v2\/product\/10256\/revisions\/29069"}],"wp:featuredmedia":[{"embeddable":true,"href":"https:\/\/vurtsid.ee\/en\/wp-json\/wp\/v2\/media\/29926"}],"wp:attachment":[{"href":"https:\/\/vurtsid.ee\/en\/wp-json\/wp\/v2\/media?parent=10256"}],"wp:term":[{"taxonomy":"product_brand","embeddable":true,"href":"https:\/\/vurtsid.ee\/en\/wp-json\/wp\/v2\/product_brand?post=10256"},{"taxonomy":"product_cat","embeddable":true,"href":"https:\/\/vurtsid.ee\/en\/wp-json\/wp\/v2\/product_cat?post=10256"},{"taxonomy":"product_tag","embeddable":true,"href":"https:\/\/vurtsid.ee\/en\/wp-json\/wp\/v2\/product_tag?post=10256"}],"curies":[{"name":"wp","href":"https:\/\/api.w.org\/{rel}","templated":true}]}}