{"id":10258,"date":"2023-04-25T06:32:57","date_gmt":"2023-04-25T06:32:57","guid":{"rendered":"https:\/\/vurtsid.ee\/?post_type=product&#038;p=10258"},"modified":"2026-03-03T12:52:59","modified_gmt":"2026-03-03T12:52:59","slug":"fenkol-jahvatatud-40g-3","status":"publish","type":"product","link":"https:\/\/vurtsid.ee\/en\/product\/fenkol-jahvatatud-40g-3\/","title":{"rendered":"Fenkol jahvatatud 40g"},"content":{"rendered":"","protected":false},"excerpt":{"rendered":"<p>Fenkoliseemned ehk apteegitilliseemned teeb eriliseks aniisi- ja lagritsal\u00f5hn ja maitse. Kasutatakse tervelt v\u00f5i jahvatatult k\u00fcpsetistes ja maiustustes, linnu- ja sealiha ning kala maitsestamisel, samuti ka herne-, oa-, muna-, juustu-, kapsa- ja kaalikatoitude maitsestamiseks.<\/p>","protected":false},"featured_media":0,"template":"","meta":{"_monsterinsights_skip_tracking":false,"_monsterinsights_sitenote_active":false,"_monsterinsights_sitenote_note":"","_monsterinsights_sitenote_category":0,"_uf_show_specific_survey":0,"_uf_disable_surveys":false},"product_brand":[],"product_cat":[94],"product_tag":[],"class_list":{"0":"post-10258","1":"product","2":"type-product","3":"status-publish","5":"product_cat-puhtad-maitseained","7":"first","8":"instock","9":"taxable","10":"shipping-taxable","11":"purchasable","12":"product-type-simple"},"aioseo_notices":[],"_links":{"self":[{"href":"https:\/\/vurtsid.ee\/en\/wp-json\/wp\/v2\/product\/10258","targetHints":{"allow":["GET"]}}],"collection":[{"href":"https:\/\/vurtsid.ee\/en\/wp-json\/wp\/v2\/product"}],"about":[{"href":"https:\/\/vurtsid.ee\/en\/wp-json\/wp\/v2\/types\/product"}],"version-history":[{"count":1,"href":"https:\/\/vurtsid.ee\/en\/wp-json\/wp\/v2\/product\/10258\/revisions"}],"predecessor-version":[{"id":29070,"href":"https:\/\/vurtsid.ee\/en\/wp-json\/wp\/v2\/product\/10258\/revisions\/29070"}],"wp:attachment":[{"href":"https:\/\/vurtsid.ee\/en\/wp-json\/wp\/v2\/media?parent=10258"}],"wp:term":[{"taxonomy":"product_brand","embeddable":true,"href":"https:\/\/vurtsid.ee\/en\/wp-json\/wp\/v2\/product_brand?post=10258"},{"taxonomy":"product_cat","embeddable":true,"href":"https:\/\/vurtsid.ee\/en\/wp-json\/wp\/v2\/product_cat?post=10258"},{"taxonomy":"product_tag","embeddable":true,"href":"https:\/\/vurtsid.ee\/en\/wp-json\/wp\/v2\/product_tag?post=10258"}],"curies":[{"name":"wp","href":"https:\/\/api.w.org\/{rel}","templated":true}]}}