{"id":10264,"date":"2023-04-25T06:33:22","date_gmt":"2023-04-25T06:33:22","guid":{"rendered":"https:\/\/vurtsid.ee\/?post_type=product&#038;p=10264"},"modified":"2026-03-03T12:53:01","modified_gmt":"2026-03-03T12:53:01","slug":"kuuslauk-jahvatatud-40g-3","status":"publish","type":"product","link":"https:\/\/vurtsid.ee\/en\/product\/kuuslauk-jahvatatud-40g-3\/","title":{"rendered":"K\u00fc\u00fcslauk jahvatatud 40g"},"content":{"rendered":"","protected":false},"excerpt":{"rendered":"<div class=\"woocommerce-product-details__short-description\">\n<p>Egiptlased \u00fclendasid k\u00fc\u00fcslaugu jumaluseks, sest uskusid, et see suurendab j\u00f5udu ja vastupidavust. K\u00fc\u00fcslaugu laastud sobivad hakkliha-, liha-, vorsti- ja kalatoitude, suppide, salatikastmete, marinaadide, pastatoitude, aga ka pagaritoodete maitsestamiseks.<\/p>\n<\/div>","protected":false},"featured_media":0,"template":"","meta":{"_monsterinsights_skip_tracking":false,"_monsterinsights_sitenote_active":false,"_monsterinsights_sitenote_note":"","_monsterinsights_sitenote_category":0,"_uf_show_specific_survey":0,"_uf_disable_surveys":false},"product_brand":[],"product_cat":[94],"product_tag":[],"class_list":{"0":"post-10264","1":"product","2":"type-product","3":"status-publish","5":"product_cat-puhtad-maitseained","7":"first","8":"instock","9":"taxable","10":"shipping-taxable","11":"purchasable","12":"product-type-simple"},"aioseo_notices":[],"_links":{"self":[{"href":"https:\/\/vurtsid.ee\/en\/wp-json\/wp\/v2\/product\/10264","targetHints":{"allow":["GET"]}}],"collection":[{"href":"https:\/\/vurtsid.ee\/en\/wp-json\/wp\/v2\/product"}],"about":[{"href":"https:\/\/vurtsid.ee\/en\/wp-json\/wp\/v2\/types\/product"}],"version-history":[{"count":1,"href":"https:\/\/vurtsid.ee\/en\/wp-json\/wp\/v2\/product\/10264\/revisions"}],"predecessor-version":[{"id":29073,"href":"https:\/\/vurtsid.ee\/en\/wp-json\/wp\/v2\/product\/10264\/revisions\/29073"}],"wp:attachment":[{"href":"https:\/\/vurtsid.ee\/en\/wp-json\/wp\/v2\/media?parent=10264"}],"wp:term":[{"taxonomy":"product_brand","embeddable":true,"href":"https:\/\/vurtsid.ee\/en\/wp-json\/wp\/v2\/product_brand?post=10264"},{"taxonomy":"product_cat","embeddable":true,"href":"https:\/\/vurtsid.ee\/en\/wp-json\/wp\/v2\/product_cat?post=10264"},{"taxonomy":"product_tag","embeddable":true,"href":"https:\/\/vurtsid.ee\/en\/wp-json\/wp\/v2\/product_tag?post=10264"}],"curies":[{"name":"wp","href":"https:\/\/api.w.org\/{rel}","templated":true}]}}