{"id":10268,"date":"2023-04-25T06:33:22","date_gmt":"2023-04-25T06:33:22","guid":{"rendered":"https:\/\/vurtsid.ee\/?post_type=product&#038;p=10268"},"modified":"2026-03-22T10:44:40","modified_gmt":"2026-03-22T10:44:40","slug":"svaani-sool-60g-3","status":"publish","type":"product","link":"https:\/\/vurtsid.ee\/en\/product\/svaani-sool-60g-3\/","title":{"rendered":"Svaneti sool 60g"},"content":{"rendered":"","protected":false},"excerpt":{"rendered":"<p>Gruusias peetakse Svaneti soola universaalseks maitseaineseguks. Seda kasutatakse suppide, kastmete, liha- ja kalaroogade, k\u00f6\u00f6giviljasalatite ja marinaadide valmistamiseks ning soolamiseks.<br \/>\nKoostisosad: sool, koriander, porru, till, petersell, loorberileht, p\u00f5ld-lambal\u00e4\u00e4ts, pune, basiilik, apteegitill, k\u00f6\u00f6men, paprika, punane pipar, k\u00fc\u00fcslauk, sibul, t\u00fc\u00fcmian, sool.<\/p>","protected":false},"featured_media":29904,"template":"","meta":{"_monsterinsights_skip_tracking":false,"_monsterinsights_sitenote_active":false,"_monsterinsights_sitenote_note":"","_monsterinsights_sitenote_category":0,"_uf_show_specific_survey":0,"_uf_disable_surveys":false},"product_brand":[],"product_cat":[108],"product_tag":[],"class_list":{"0":"post-10268","1":"product","2":"type-product","3":"status-publish","4":"has-post-thumbnail","6":"product_cat-maitsesoolad","8":"first","9":"instock","10":"taxable","11":"shipping-taxable","12":"purchasable","13":"product-type-simple"},"aioseo_notices":[],"_links":{"self":[{"href":"https:\/\/vurtsid.ee\/en\/wp-json\/wp\/v2\/product\/10268","targetHints":{"allow":["GET"]}}],"collection":[{"href":"https:\/\/vurtsid.ee\/en\/wp-json\/wp\/v2\/product"}],"about":[{"href":"https:\/\/vurtsid.ee\/en\/wp-json\/wp\/v2\/types\/product"}],"version-history":[{"count":1,"href":"https:\/\/vurtsid.ee\/en\/wp-json\/wp\/v2\/product\/10268\/revisions"}],"predecessor-version":[{"id":29075,"href":"https:\/\/vurtsid.ee\/en\/wp-json\/wp\/v2\/product\/10268\/revisions\/29075"}],"wp:featuredmedia":[{"embeddable":true,"href":"https:\/\/vurtsid.ee\/en\/wp-json\/wp\/v2\/media\/29904"}],"wp:attachment":[{"href":"https:\/\/vurtsid.ee\/en\/wp-json\/wp\/v2\/media?parent=10268"}],"wp:term":[{"taxonomy":"product_brand","embeddable":true,"href":"https:\/\/vurtsid.ee\/en\/wp-json\/wp\/v2\/product_brand?post=10268"},{"taxonomy":"product_cat","embeddable":true,"href":"https:\/\/vurtsid.ee\/en\/wp-json\/wp\/v2\/product_cat?post=10268"},{"taxonomy":"product_tag","embeddable":true,"href":"https:\/\/vurtsid.ee\/en\/wp-json\/wp\/v2\/product_tag?post=10268"}],"curies":[{"name":"wp","href":"https:\/\/api.w.org\/{rel}","templated":true}]}}