{"id":10272,"date":"2023-04-25T06:33:49","date_gmt":"2023-04-25T06:33:49","guid":{"rendered":"https:\/\/vurtsid.ee\/?post_type=product&#038;p=10272"},"modified":"2026-03-03T12:53:05","modified_gmt":"2026-03-03T12:53:05","slug":"sibulapulber-50g-3","status":"publish","type":"product","link":"https:\/\/vurtsid.ee\/en\/product\/sibulapulber-50g-3\/","title":{"rendered":"Sibulapulber 50g"},"content":{"rendered":"","protected":false},"excerpt":{"rendered":"<div class=\"woocommerce-product-details__short-description\">\n<p>Sibulapulber on valmistatud kuivatatud granuleeritud sibulast, mist\u00f5ttu seguneb toiduga h\u00e4sti ja kiiresti. Kasutatakse nagu v\u00e4rsket sibulat erinevate liha- ja aedviljatoitude, salatite, vormiroogade ja pitsade maitsestamiseks.<\/p>\n<\/div>","protected":false},"featured_media":0,"template":"","meta":{"_monsterinsights_skip_tracking":false,"_monsterinsights_sitenote_active":false,"_monsterinsights_sitenote_note":"","_monsterinsights_sitenote_category":0,"_uf_show_specific_survey":0,"_uf_disable_surveys":false},"product_brand":[],"product_cat":[94],"product_tag":[],"class_list":{"0":"post-10272","1":"product","2":"type-product","3":"status-publish","5":"product_cat-puhtad-maitseained","7":"first","8":"instock","9":"taxable","10":"shipping-taxable","11":"purchasable","12":"product-type-simple"},"aioseo_notices":[],"_links":{"self":[{"href":"https:\/\/vurtsid.ee\/en\/wp-json\/wp\/v2\/product\/10272","targetHints":{"allow":["GET"]}}],"collection":[{"href":"https:\/\/vurtsid.ee\/en\/wp-json\/wp\/v2\/product"}],"about":[{"href":"https:\/\/vurtsid.ee\/en\/wp-json\/wp\/v2\/types\/product"}],"version-history":[{"count":1,"href":"https:\/\/vurtsid.ee\/en\/wp-json\/wp\/v2\/product\/10272\/revisions"}],"predecessor-version":[{"id":29077,"href":"https:\/\/vurtsid.ee\/en\/wp-json\/wp\/v2\/product\/10272\/revisions\/29077"}],"wp:attachment":[{"href":"https:\/\/vurtsid.ee\/en\/wp-json\/wp\/v2\/media?parent=10272"}],"wp:term":[{"taxonomy":"product_brand","embeddable":true,"href":"https:\/\/vurtsid.ee\/en\/wp-json\/wp\/v2\/product_brand?post=10272"},{"taxonomy":"product_cat","embeddable":true,"href":"https:\/\/vurtsid.ee\/en\/wp-json\/wp\/v2\/product_cat?post=10272"},{"taxonomy":"product_tag","embeddable":true,"href":"https:\/\/vurtsid.ee\/en\/wp-json\/wp\/v2\/product_tag?post=10272"}],"curies":[{"name":"wp","href":"https:\/\/api.w.org\/{rel}","templated":true}]}}