{"id":10284,"date":"2023-04-25T06:33:49","date_gmt":"2023-04-25T06:33:49","guid":{"rendered":"https:\/\/vurtsid.ee\/?post_type=product&#038;p=10284"},"modified":"2026-03-09T16:45:19","modified_gmt":"2026-03-09T16:45:19","slug":"berbere-maitseainesegu-50g-3","status":"publish","type":"product","link":"https:\/\/vurtsid.ee\/en\/product\/berbere-maitseainesegu-50g-3\/","title":{"rendered":"Berbere maitseainesegu 50g"},"content":{"rendered":"<pre id=\"tw-target-text\" class=\"tw-data-text tw-text-large tw-ta\" dir=\"ltr\" data-placeholder=\"T\u00f5lge\"><span class=\"Y2IQFc\" lang=\"et\">Berbere on kuum v\u00fcrtsisegu, mis on Etioopia k\u00f6\u00f6gi lahutamatu koostisosa<\/span><\/pre>","protected":false},"excerpt":{"rendered":"<p>Berbere on kuum v\u00fcrtsi segu Etioopia k\u00f6\u00f6gist. Berbere on \u00f5rnalt punakas, v\u00e4ga aromaatne ja t\u00e4is \u00fcllatavaid maitseid. Kasutatakse liha, linnuliha, kala, hautiste, suppide ja k\u00f6\u00f6giviljade maitsestamiseks.<\/p>\n<p>Koostisosad: suitsupaprika, v\u00fcrtsk\u00f6\u00f6mned, sibul, must pipar, kardemon, k\u00fc\u00fcslauk, meresool, nelk, kaneel, koriander, ingver.<\/p>","protected":false},"featured_media":29510,"template":"","meta":{"_monsterinsights_skip_tracking":false,"_monsterinsights_sitenote_active":false,"_monsterinsights_sitenote_note":"","_monsterinsights_sitenote_category":0,"_uf_show_specific_survey":0,"_uf_disable_surveys":false},"product_brand":[],"product_cat":[115,104,87,86],"product_tag":[],"class_list":{"0":"post-10284","1":"product","2":"type-product","3":"status-publish","4":"has-post-thumbnail","6":"product_cat-etioopia","7":"product_cat-lihatoidud","8":"product_cat-maailma-maitsed","9":"product_cat-maitseainesegud","11":"first","12":"instock","13":"taxable","14":"shipping-taxable","15":"purchasable","16":"product-type-simple"},"aioseo_notices":[],"_links":{"self":[{"href":"https:\/\/vurtsid.ee\/en\/wp-json\/wp\/v2\/product\/10284","targetHints":{"allow":["GET"]}}],"collection":[{"href":"https:\/\/vurtsid.ee\/en\/wp-json\/wp\/v2\/product"}],"about":[{"href":"https:\/\/vurtsid.ee\/en\/wp-json\/wp\/v2\/types\/product"}],"version-history":[{"count":1,"href":"https:\/\/vurtsid.ee\/en\/wp-json\/wp\/v2\/product\/10284\/revisions"}],"predecessor-version":[{"id":29083,"href":"https:\/\/vurtsid.ee\/en\/wp-json\/wp\/v2\/product\/10284\/revisions\/29083"}],"wp:featuredmedia":[{"embeddable":true,"href":"https:\/\/vurtsid.ee\/en\/wp-json\/wp\/v2\/media\/29510"}],"wp:attachment":[{"href":"https:\/\/vurtsid.ee\/en\/wp-json\/wp\/v2\/media?parent=10284"}],"wp:term":[{"taxonomy":"product_brand","embeddable":true,"href":"https:\/\/vurtsid.ee\/en\/wp-json\/wp\/v2\/product_brand?post=10284"},{"taxonomy":"product_cat","embeddable":true,"href":"https:\/\/vurtsid.ee\/en\/wp-json\/wp\/v2\/product_cat?post=10284"},{"taxonomy":"product_tag","embeddable":true,"href":"https:\/\/vurtsid.ee\/en\/wp-json\/wp\/v2\/product_tag?post=10284"}],"curies":[{"name":"wp","href":"https:\/\/api.w.org\/{rel}","templated":true}]}}