{"id":10288,"date":"2023-04-25T06:34:14","date_gmt":"2023-04-25T06:34:14","guid":{"rendered":"https:\/\/vurtsid.ee\/?post_type=product&#038;p=10288"},"modified":"2026-03-22T10:43:47","modified_gmt":"2026-03-22T10:43:47","slug":"prantsuse-urdisool-30g-3","status":"publish","type":"product","link":"https:\/\/vurtsid.ee\/en\/product\/prantsuse-urdisool-30g-3\/","title":{"rendered":"Prantsuse \u00fcrdisool 30g"},"content":{"rendered":"","protected":false},"excerpt":{"rendered":"<div class=\"short-description\">See annab toidule meeldiva k\u00fc\u00fcslauguse maitse, millele lisandub peterselli v\u00e4rske aroom. Kasutada suppide, kastmete, kartuli-, kala- ja liharoogade maitsestamiseks.<\/div>\n<div class=\"short-description\">Koostisosad: meresool, k\u00fc\u00fcslaugupulber, petersell.<\/div>","protected":false},"featured_media":29902,"template":"","meta":{"_monsterinsights_skip_tracking":false,"_monsterinsights_sitenote_active":false,"_monsterinsights_sitenote_note":"","_monsterinsights_sitenote_category":0,"_uf_show_specific_survey":0,"_uf_disable_surveys":false},"product_brand":[],"product_cat":[108],"product_tag":[],"class_list":{"0":"post-10288","1":"product","2":"type-product","3":"status-publish","4":"has-post-thumbnail","6":"product_cat-maitsesoolad","8":"first","9":"instock","10":"taxable","11":"shipping-taxable","12":"purchasable","13":"product-type-simple"},"aioseo_notices":[],"_links":{"self":[{"href":"https:\/\/vurtsid.ee\/en\/wp-json\/wp\/v2\/product\/10288","targetHints":{"allow":["GET"]}}],"collection":[{"href":"https:\/\/vurtsid.ee\/en\/wp-json\/wp\/v2\/product"}],"about":[{"href":"https:\/\/vurtsid.ee\/en\/wp-json\/wp\/v2\/types\/product"}],"version-history":[{"count":1,"href":"https:\/\/vurtsid.ee\/en\/wp-json\/wp\/v2\/product\/10288\/revisions"}],"predecessor-version":[{"id":29085,"href":"https:\/\/vurtsid.ee\/en\/wp-json\/wp\/v2\/product\/10288\/revisions\/29085"}],"wp:featuredmedia":[{"embeddable":true,"href":"https:\/\/vurtsid.ee\/en\/wp-json\/wp\/v2\/media\/29902"}],"wp:attachment":[{"href":"https:\/\/vurtsid.ee\/en\/wp-json\/wp\/v2\/media?parent=10288"}],"wp:term":[{"taxonomy":"product_brand","embeddable":true,"href":"https:\/\/vurtsid.ee\/en\/wp-json\/wp\/v2\/product_brand?post=10288"},{"taxonomy":"product_cat","embeddable":true,"href":"https:\/\/vurtsid.ee\/en\/wp-json\/wp\/v2\/product_cat?post=10288"},{"taxonomy":"product_tag","embeddable":true,"href":"https:\/\/vurtsid.ee\/en\/wp-json\/wp\/v2\/product_tag?post=10288"}],"curies":[{"name":"wp","href":"https:\/\/api.w.org\/{rel}","templated":true}]}}