{"id":10293,"date":"2023-04-25T06:34:14","date_gmt":"2023-04-25T06:34:14","guid":{"rendered":"https:\/\/vurtsid.ee\/?post_type=product&#038;p=10293"},"modified":"2026-03-26T05:14:43","modified_gmt":"2026-03-26T05:14:43","slug":"valge-pipar-jahvatatud-50g-3","status":"publish","type":"product","link":"https:\/\/vurtsid.ee\/en\/product\/valge-pipar-jahvatatud-50g-3\/","title":{"rendered":"Valge pipar jahvatatud 50g"},"content":{"rendered":"","protected":false},"excerpt":{"rendered":"<p>Maitselt on ta v\u00e4hem terav, kuid aroomikam kui must pipar. Valgel pipral on tugev, veidi raske, kuid peen aroom, siis sobib ta h\u00e4sti \u00f5rnade keedetud toidute maitsestamiseks, millel endal ei ole erilist l\u00f5hna (veise- ja vasikaliha, pelmeenid ning muud keedetud lihast ja tainast tooted).<\/p>","protected":false},"featured_media":29337,"template":"","meta":{"_monsterinsights_skip_tracking":false,"_monsterinsights_sitenote_active":false,"_monsterinsights_sitenote_note":"","_monsterinsights_sitenote_category":0,"_uf_show_specific_survey":0,"_uf_disable_surveys":false},"product_brand":[],"product_cat":[91,94],"product_tag":[],"class_list":{"0":"post-10293","1":"product","2":"type-product","3":"status-publish","4":"has-post-thumbnail","6":"product_cat-piprad","7":"product_cat-puhtad-maitseained","9":"first","10":"instock","11":"taxable","12":"shipping-taxable","13":"purchasable","14":"product-type-simple"},"aioseo_notices":[],"_links":{"self":[{"href":"https:\/\/vurtsid.ee\/en\/wp-json\/wp\/v2\/product\/10293","targetHints":{"allow":["GET"]}}],"collection":[{"href":"https:\/\/vurtsid.ee\/en\/wp-json\/wp\/v2\/product"}],"about":[{"href":"https:\/\/vurtsid.ee\/en\/wp-json\/wp\/v2\/types\/product"}],"version-history":[{"count":2,"href":"https:\/\/vurtsid.ee\/en\/wp-json\/wp\/v2\/product\/10293\/revisions"}],"predecessor-version":[{"id":29915,"href":"https:\/\/vurtsid.ee\/en\/wp-json\/wp\/v2\/product\/10293\/revisions\/29915"}],"wp:featuredmedia":[{"embeddable":true,"href":"https:\/\/vurtsid.ee\/en\/wp-json\/wp\/v2\/media\/29337"}],"wp:attachment":[{"href":"https:\/\/vurtsid.ee\/en\/wp-json\/wp\/v2\/media?parent=10293"}],"wp:term":[{"taxonomy":"product_brand","embeddable":true,"href":"https:\/\/vurtsid.ee\/en\/wp-json\/wp\/v2\/product_brand?post=10293"},{"taxonomy":"product_cat","embeddable":true,"href":"https:\/\/vurtsid.ee\/en\/wp-json\/wp\/v2\/product_cat?post=10293"},{"taxonomy":"product_tag","embeddable":true,"href":"https:\/\/vurtsid.ee\/en\/wp-json\/wp\/v2\/product_tag?post=10293"}],"curies":[{"name":"wp","href":"https:\/\/api.w.org\/{rel}","templated":true}]}}