{"id":10303,"date":"2023-04-25T06:34:39","date_gmt":"2023-04-25T06:34:39","guid":{"rendered":"https:\/\/vurtsid.ee\/?post_type=product&#038;p=10303"},"modified":"2026-03-03T12:53:15","modified_gmt":"2026-03-03T12:53:15","slug":"kadakamari-purustatud-50g-3","status":"publish","type":"product","link":"https:\/\/vurtsid.ee\/en\/product\/kadakamari-purustatud-50g-3\/","title":{"rendered":"Kadakamari purustatud 50g"},"content":{"rendered":"","protected":false},"excerpt":{"rendered":"<div class=\"product-tabs-wrapper\">\n<div class=\"container\">\n<div class=\"row\">\n<div class=\"col-12 poduct-tabs-inner\">\n<div class=\"woocommerce-tabs wc-tabs-wrapper tabs-layout-tabs\">\n<div class=\"woodmart-tab-wrapper\">\n<div id=\"tab-description\" class=\"woocommerce-Tabs-panel woocommerce-Tabs-panel--description panel entry-content wc-tab\">\n<div class=\"wc-tab-inner\">\n<div class=\"\">\n<p>Kadakamarju kasutatakse Skandinaavia, P\u00f5hja-Prantsusmaa ja Saksamaa k\u00f6\u00f6gis. Sobib kasutada looma- ja sealihamarinaadide, pasteetide, kartuli- ja hapukapsatoitudes ning lamba- ja metsloomaliha maitsestamiseks.<\/p>\n<\/div>\n<\/div>\n<\/div>\n<\/div>\n<div class=\"woodmart-tab-wrapper\"><\/div>\n<div class=\"woodmart-tab-wrapper\"><\/div>\n<div class=\"woodmart-tab-wrapper\"><\/div>\n<\/div>\n<\/div>\n<\/div>\n<\/div>\n<\/div>\n<div class=\"container related-and-upsells\">\n<div class=\"related-products\"><\/div>\n<\/div>","protected":false},"featured_media":0,"template":"","meta":{"_monsterinsights_skip_tracking":false,"_monsterinsights_sitenote_active":false,"_monsterinsights_sitenote_note":"","_monsterinsights_sitenote_category":0,"_uf_show_specific_survey":0,"_uf_disable_surveys":false},"product_brand":[],"product_cat":[94],"product_tag":[],"class_list":{"0":"post-10303","1":"product","2":"type-product","3":"status-publish","5":"product_cat-puhtad-maitseained","7":"first","8":"instock","9":"taxable","10":"shipping-taxable","11":"purchasable","12":"product-type-simple"},"aioseo_notices":[],"_links":{"self":[{"href":"https:\/\/vurtsid.ee\/en\/wp-json\/wp\/v2\/product\/10303","targetHints":{"allow":["GET"]}}],"collection":[{"href":"https:\/\/vurtsid.ee\/en\/wp-json\/wp\/v2\/product"}],"about":[{"href":"https:\/\/vurtsid.ee\/en\/wp-json\/wp\/v2\/types\/product"}],"version-history":[{"count":1,"href":"https:\/\/vurtsid.ee\/en\/wp-json\/wp\/v2\/product\/10303\/revisions"}],"predecessor-version":[{"id":29092,"href":"https:\/\/vurtsid.ee\/en\/wp-json\/wp\/v2\/product\/10303\/revisions\/29092"}],"wp:attachment":[{"href":"https:\/\/vurtsid.ee\/en\/wp-json\/wp\/v2\/media?parent=10303"}],"wp:term":[{"taxonomy":"product_brand","embeddable":true,"href":"https:\/\/vurtsid.ee\/en\/wp-json\/wp\/v2\/product_brand?post=10303"},{"taxonomy":"product_cat","embeddable":true,"href":"https:\/\/vurtsid.ee\/en\/wp-json\/wp\/v2\/product_cat?post=10303"},{"taxonomy":"product_tag","embeddable":true,"href":"https:\/\/vurtsid.ee\/en\/wp-json\/wp\/v2\/product_tag?post=10303"}],"curies":[{"name":"wp","href":"https:\/\/api.w.org\/{rel}","templated":true}]}}