{"id":10308,"date":"2023-04-25T06:35:06","date_gmt":"2023-04-25T06:35:06","guid":{"rendered":"https:\/\/vurtsid.ee\/?post_type=product&#038;p=10308"},"modified":"2026-03-03T12:53:17","modified_gmt":"2026-03-03T12:53:17","slug":"koomned-50g-3","status":"publish","type":"product","link":"https:\/\/vurtsid.ee\/en\/product\/koomned-50g-3\/","title":{"rendered":"K\u00f6\u00f6mned 50g"},"content":{"rendered":"","protected":false},"excerpt":{"rendered":"<p>Eesti k\u00f6\u00f6gis kasutatakse k\u00f6\u00f6mneid ennek\u00f5ike peenleivas ja teistes k\u00fcpsetistes, hapukapsa ja kartulite maitsestamiseks. K\u00f6\u00f6mned ravivad k\u00f5htu ja rahustavad meelt.<\/p>","protected":false},"featured_media":0,"template":"","meta":{"_monsterinsights_skip_tracking":false,"_monsterinsights_sitenote_active":false,"_monsterinsights_sitenote_note":"","_monsterinsights_sitenote_category":0,"_uf_show_specific_survey":0,"_uf_disable_surveys":false},"product_brand":[],"product_cat":[94],"product_tag":[],"class_list":{"0":"post-10308","1":"product","2":"type-product","3":"status-publish","5":"product_cat-puhtad-maitseained","7":"first","8":"instock","9":"taxable","10":"shipping-taxable","11":"purchasable","12":"product-type-simple"},"aioseo_notices":[],"_links":{"self":[{"href":"https:\/\/vurtsid.ee\/en\/wp-json\/wp\/v2\/product\/10308","targetHints":{"allow":["GET"]}}],"collection":[{"href":"https:\/\/vurtsid.ee\/en\/wp-json\/wp\/v2\/product"}],"about":[{"href":"https:\/\/vurtsid.ee\/en\/wp-json\/wp\/v2\/types\/product"}],"version-history":[{"count":1,"href":"https:\/\/vurtsid.ee\/en\/wp-json\/wp\/v2\/product\/10308\/revisions"}],"predecessor-version":[{"id":29095,"href":"https:\/\/vurtsid.ee\/en\/wp-json\/wp\/v2\/product\/10308\/revisions\/29095"}],"wp:attachment":[{"href":"https:\/\/vurtsid.ee\/en\/wp-json\/wp\/v2\/media?parent=10308"}],"wp:term":[{"taxonomy":"product_brand","embeddable":true,"href":"https:\/\/vurtsid.ee\/en\/wp-json\/wp\/v2\/product_brand?post=10308"},{"taxonomy":"product_cat","embeddable":true,"href":"https:\/\/vurtsid.ee\/en\/wp-json\/wp\/v2\/product_cat?post=10308"},{"taxonomy":"product_tag","embeddable":true,"href":"https:\/\/vurtsid.ee\/en\/wp-json\/wp\/v2\/product_tag?post=10308"}],"curies":[{"name":"wp","href":"https:\/\/api.w.org\/{rel}","templated":true}]}}