{"id":10330,"date":"2023-04-25T06:36:20","date_gmt":"2023-04-25T06:36:20","guid":{"rendered":"https:\/\/vurtsid.ee\/?post_type=product&#038;p=10330"},"modified":"2026-03-26T05:16:50","modified_gmt":"2026-03-26T05:16:50","slug":"urdisegu-kalale-20g-2-2","status":"publish","type":"product","link":"https:\/\/vurtsid.ee\/en\/product\/urdisegu-kalale-20g-2-2\/","title":{"rendered":"\u00dcrdisegu kalale 20g"},"content":{"rendered":"","protected":false},"excerpt":{"rendered":"<div class=\"short-description\">\u00dcrdisegu on m\u00f5eldud hautatud, ahju- ja grillkala maitsestamiseks.<\/div>\n<div class=\"short-description\">Koostisosad: meresool, basiilik, rosmariin, petersell, must pipar, t\u00fc\u00fcmian, majoraan, pune, k\u00fc\u00fcslauk<\/div>","protected":false},"featured_media":0,"template":"","meta":{"_monsterinsights_skip_tracking":false,"_monsterinsights_sitenote_active":false,"_monsterinsights_sitenote_note":"","_monsterinsights_sitenote_category":0,"_uf_show_specific_survey":0,"_uf_disable_surveys":false},"product_brand":[],"product_cat":[101,86],"product_tag":[],"class_list":{"0":"post-10330","1":"product","2":"type-product","3":"status-publish","5":"product_cat-kalale","6":"product_cat-maitseainesegud","8":"first","9":"instock","10":"taxable","11":"shipping-taxable","12":"purchasable","13":"product-type-simple"},"aioseo_notices":[],"_links":{"self":[{"href":"https:\/\/vurtsid.ee\/en\/wp-json\/wp\/v2\/product\/10330","targetHints":{"allow":["GET"]}}],"collection":[{"href":"https:\/\/vurtsid.ee\/en\/wp-json\/wp\/v2\/product"}],"about":[{"href":"https:\/\/vurtsid.ee\/en\/wp-json\/wp\/v2\/types\/product"}],"version-history":[{"count":1,"href":"https:\/\/vurtsid.ee\/en\/wp-json\/wp\/v2\/product\/10330\/revisions"}],"predecessor-version":[{"id":29105,"href":"https:\/\/vurtsid.ee\/en\/wp-json\/wp\/v2\/product\/10330\/revisions\/29105"}],"wp:attachment":[{"href":"https:\/\/vurtsid.ee\/en\/wp-json\/wp\/v2\/media?parent=10330"}],"wp:term":[{"taxonomy":"product_brand","embeddable":true,"href":"https:\/\/vurtsid.ee\/en\/wp-json\/wp\/v2\/product_brand?post=10330"},{"taxonomy":"product_cat","embeddable":true,"href":"https:\/\/vurtsid.ee\/en\/wp-json\/wp\/v2\/product_cat?post=10330"},{"taxonomy":"product_tag","embeddable":true,"href":"https:\/\/vurtsid.ee\/en\/wp-json\/wp\/v2\/product_tag?post=10330"}],"curies":[{"name":"wp","href":"https:\/\/api.w.org\/{rel}","templated":true}]}}