{"id":10332,"date":"2023-04-25T06:36:41","date_gmt":"2023-04-25T06:36:41","guid":{"rendered":"https:\/\/vurtsid.ee\/?post_type=product&#038;p=10332"},"modified":"2026-03-26T05:17:46","modified_gmt":"2026-03-26T05:17:46","slug":"khmeli-suneli-40g-2-2","status":"publish","type":"product","link":"https:\/\/vurtsid.ee\/en\/product\/khmeli-suneli-40g-2-2\/","title":{"rendered":"Khmeli Suneli 40g"},"content":{"rendered":"","protected":false},"excerpt":{"rendered":"<p>See maitseainesegu on p\u00e4rit m\u00e4gisest Gruusiast. Khmeli-Suneli, kasutatakse hautistes ja lihatoitudes ja r\u00f6stitud k\u00f6\u00f6giviljades<\/p>\n<p>Koostisosad: korjander, porru, till, petersell, loorber, lambal\u00e4\u00e4ts, pune, basiilik, apteegitill, k\u00f6\u00f6men, kurkum, t\u0161illi.<\/p>","protected":false},"featured_media":29372,"template":"","meta":{"_monsterinsights_skip_tracking":false,"_monsterinsights_sitenote_active":false,"_monsterinsights_sitenote_note":"","_monsterinsights_sitenote_category":0,"_uf_show_specific_survey":0,"_uf_disable_surveys":false},"product_brand":[],"product_cat":[99,87],"product_tag":[],"class_list":{"0":"post-10332","1":"product","2":"type-product","3":"status-publish","4":"has-post-thumbnail","6":"product_cat-gruusia","7":"product_cat-maailma-maitsed","9":"first","10":"instock","11":"taxable","12":"shipping-taxable","13":"purchasable","14":"product-type-simple"},"aioseo_notices":[],"_links":{"self":[{"href":"https:\/\/vurtsid.ee\/en\/wp-json\/wp\/v2\/product\/10332","targetHints":{"allow":["GET"]}}],"collection":[{"href":"https:\/\/vurtsid.ee\/en\/wp-json\/wp\/v2\/product"}],"about":[{"href":"https:\/\/vurtsid.ee\/en\/wp-json\/wp\/v2\/types\/product"}],"version-history":[{"count":1,"href":"https:\/\/vurtsid.ee\/en\/wp-json\/wp\/v2\/product\/10332\/revisions"}],"predecessor-version":[{"id":29107,"href":"https:\/\/vurtsid.ee\/en\/wp-json\/wp\/v2\/product\/10332\/revisions\/29107"}],"wp:featuredmedia":[{"embeddable":true,"href":"https:\/\/vurtsid.ee\/en\/wp-json\/wp\/v2\/media\/29372"}],"wp:attachment":[{"href":"https:\/\/vurtsid.ee\/en\/wp-json\/wp\/v2\/media?parent=10332"}],"wp:term":[{"taxonomy":"product_brand","embeddable":true,"href":"https:\/\/vurtsid.ee\/en\/wp-json\/wp\/v2\/product_brand?post=10332"},{"taxonomy":"product_cat","embeddable":true,"href":"https:\/\/vurtsid.ee\/en\/wp-json\/wp\/v2\/product_cat?post=10332"},{"taxonomy":"product_tag","embeddable":true,"href":"https:\/\/vurtsid.ee\/en\/wp-json\/wp\/v2\/product_tag?post=10332"}],"curies":[{"name":"wp","href":"https:\/\/api.w.org\/{rel}","templated":true}]}}