{"id":10333,"date":"2023-04-25T06:36:41","date_gmt":"2023-04-25T06:36:41","guid":{"rendered":"https:\/\/vurtsid.ee\/?post_type=product&#038;p=10333"},"modified":"2026-03-26T05:19:01","modified_gmt":"2026-03-26T05:19:01","slug":"kuivmarinaad-lihale-50g-2-2","status":"publish","type":"product","link":"https:\/\/vurtsid.ee\/en\/product\/kuivmarinaad-lihale-50g-2-2\/","title":{"rendered":"Kuivmarinaad lihale 50g"},"content":{"rendered":"","protected":false},"excerpt":{"rendered":"<p>Suitsupaprikaga valmistatud kuivmarinaad sobib erinevate lihade marineerimiseks. Liha tuleb kergelt suitsuse maitsega ning s\u00e4ilitab oma naturaalse meki. Ei mingit \u00e4\u00e4dikat! Marineerida v\u00f5ib liha nii suurte kui ka v\u00e4ikeste t\u00fckkidena. Liha h\u00f5\u00f5rutakse kuivmarinaadiga kokku (lisada v\u00f5ib ka \u00f5li). Liha j\u00e4etakse v\u00e4hemalt tunniks v\u00f5i paariks maitsestuma.<\/p>\n<p>Koostisosad: suitsupaprika, meresool, pruun suhkur, sinepipulber, Cayenne pipar, sibul, must pipar, k\u00fc\u00fcslauk, t\u0161illi, k\u00fc\u00fcslauk, v\u00fcrtsk\u00f6\u00f6mned, t\u00fc\u00fcmian, petersell, seller.<\/p>","protected":false},"featured_media":29375,"template":"","meta":{"_monsterinsights_skip_tracking":false,"_monsterinsights_sitenote_active":false,"_monsterinsights_sitenote_note":"","_monsterinsights_sitenote_category":0,"_uf_show_specific_survey":0,"_uf_disable_surveys":false},"product_brand":[],"product_cat":[104,86],"product_tag":[],"class_list":{"0":"post-10333","1":"product","2":"type-product","3":"status-publish","4":"has-post-thumbnail","6":"product_cat-lihatoidud","7":"product_cat-maitseainesegud","9":"first","10":"instock","11":"taxable","12":"shipping-taxable","13":"purchasable","14":"product-type-simple"},"aioseo_notices":[],"_links":{"self":[{"href":"https:\/\/vurtsid.ee\/en\/wp-json\/wp\/v2\/product\/10333","targetHints":{"allow":["GET"]}}],"collection":[{"href":"https:\/\/vurtsid.ee\/en\/wp-json\/wp\/v2\/product"}],"about":[{"href":"https:\/\/vurtsid.ee\/en\/wp-json\/wp\/v2\/types\/product"}],"version-history":[{"count":1,"href":"https:\/\/vurtsid.ee\/en\/wp-json\/wp\/v2\/product\/10333\/revisions"}],"predecessor-version":[{"id":29108,"href":"https:\/\/vurtsid.ee\/en\/wp-json\/wp\/v2\/product\/10333\/revisions\/29108"}],"wp:featuredmedia":[{"embeddable":true,"href":"https:\/\/vurtsid.ee\/en\/wp-json\/wp\/v2\/media\/29375"}],"wp:attachment":[{"href":"https:\/\/vurtsid.ee\/en\/wp-json\/wp\/v2\/media?parent=10333"}],"wp:term":[{"taxonomy":"product_brand","embeddable":true,"href":"https:\/\/vurtsid.ee\/en\/wp-json\/wp\/v2\/product_brand?post=10333"},{"taxonomy":"product_cat","embeddable":true,"href":"https:\/\/vurtsid.ee\/en\/wp-json\/wp\/v2\/product_cat?post=10333"},{"taxonomy":"product_tag","embeddable":true,"href":"https:\/\/vurtsid.ee\/en\/wp-json\/wp\/v2\/product_tag?post=10333"}],"curies":[{"name":"wp","href":"https:\/\/api.w.org\/{rel}","templated":true}]}}