{"id":10337,"date":"2023-04-25T06:36:42","date_gmt":"2023-04-25T06:36:42","guid":{"rendered":"https:\/\/vurtsid.ee\/?post_type=product&#038;p=10337"},"modified":"2026-03-26T05:17:47","modified_gmt":"2026-03-26T05:17:47","slug":"maitseainesegu-veiselihale-55g-2-2","status":"publish","type":"product","link":"https:\/\/vurtsid.ee\/en\/product\/maitseainesegu-veiselihale-55g-2-2\/","title":{"rendered":"Maitseainesegu veiselihale 50g"},"content":{"rendered":"","protected":false},"excerpt":{"rendered":"<div class=\"short-description\">Selles segus saavad kokku erinevad \u00fcrdid ja piprad ning nende kooslus lisab lihale suurep\u00e4rase maitsen\u00fcansi. Sobib kasutada ahjus v\u00f5i grillil valmistatud veiseliha, hautiste ja teiste lihatoitude maitsestamiseks.<\/div>\n<div class=\"short-description\">Koostisosad: meresool, sibul, paprika, pastinaak, t\u0161illi, majoraan, piparrohi, harilik leeskputk, must pipar.<\/div>","protected":false},"featured_media":29388,"template":"","meta":{"_monsterinsights_skip_tracking":false,"_monsterinsights_sitenote_active":false,"_monsterinsights_sitenote_note":"","_monsterinsights_sitenote_category":0,"_uf_show_specific_survey":0,"_uf_disable_surveys":false},"product_brand":[],"product_cat":[104,86],"product_tag":[],"class_list":{"0":"post-10337","1":"product","2":"type-product","3":"status-publish","4":"has-post-thumbnail","6":"product_cat-lihatoidud","7":"product_cat-maitseainesegud","9":"first","10":"instock","11":"taxable","12":"shipping-taxable","13":"purchasable","14":"product-type-simple"},"aioseo_notices":[],"_links":{"self":[{"href":"https:\/\/vurtsid.ee\/en\/wp-json\/wp\/v2\/product\/10337","targetHints":{"allow":["GET"]}}],"collection":[{"href":"https:\/\/vurtsid.ee\/en\/wp-json\/wp\/v2\/product"}],"about":[{"href":"https:\/\/vurtsid.ee\/en\/wp-json\/wp\/v2\/types\/product"}],"version-history":[{"count":1,"href":"https:\/\/vurtsid.ee\/en\/wp-json\/wp\/v2\/product\/10337\/revisions"}],"predecessor-version":[{"id":29112,"href":"https:\/\/vurtsid.ee\/en\/wp-json\/wp\/v2\/product\/10337\/revisions\/29112"}],"wp:featuredmedia":[{"embeddable":true,"href":"https:\/\/vurtsid.ee\/en\/wp-json\/wp\/v2\/media\/29388"}],"wp:attachment":[{"href":"https:\/\/vurtsid.ee\/en\/wp-json\/wp\/v2\/media?parent=10337"}],"wp:term":[{"taxonomy":"product_brand","embeddable":true,"href":"https:\/\/vurtsid.ee\/en\/wp-json\/wp\/v2\/product_brand?post=10337"},{"taxonomy":"product_cat","embeddable":true,"href":"https:\/\/vurtsid.ee\/en\/wp-json\/wp\/v2\/product_cat?post=10337"},{"taxonomy":"product_tag","embeddable":true,"href":"https:\/\/vurtsid.ee\/en\/wp-json\/wp\/v2\/product_tag?post=10337"}],"curies":[{"name":"wp","href":"https:\/\/api.w.org\/{rel}","templated":true}]}}