{"id":10342,"date":"2023-04-25T06:37:07","date_gmt":"2023-04-25T06:37:07","guid":{"rendered":"https:\/\/vurtsid.ee\/?post_type=product&#038;p=10342"},"modified":"2026-03-26T05:18:21","modified_gmt":"2026-03-26T05:18:21","slug":"urdisegu-lambalihale-35g-2-2","status":"publish","type":"product","link":"https:\/\/vurtsid.ee\/en\/product\/urdisegu-lambalihale-35g-2-2\/","title":{"rendered":"\u00dcrdisegu lambalihale 35g"},"content":{"rendered":"","protected":false},"excerpt":{"rendered":"<div class=\"short-description\">\u00dcrdisegu on m\u00f5eldud klassikalise ahjulamba, lambaraguu ja grillitud lamba maitsestamiseks.<\/div>\n<div class=\"short-description\">Koostisosad: meresool, rosmariin, t\u00fc\u00fcmian, k\u00fc\u00fcslauk, must pipar.<\/div>","protected":false},"featured_media":0,"template":"","meta":{"_monsterinsights_skip_tracking":false,"_monsterinsights_sitenote_active":false,"_monsterinsights_sitenote_note":"","_monsterinsights_sitenote_category":0,"_uf_show_specific_survey":0,"_uf_disable_surveys":false},"product_brand":[],"product_cat":[104,86],"product_tag":[],"class_list":{"0":"post-10342","1":"product","2":"type-product","3":"status-publish","5":"product_cat-lihatoidud","6":"product_cat-maitseainesegud","8":"first","9":"instock","10":"taxable","11":"shipping-taxable","12":"purchasable","13":"product-type-simple"},"aioseo_notices":[],"_links":{"self":[{"href":"https:\/\/vurtsid.ee\/en\/wp-json\/wp\/v2\/product\/10342","targetHints":{"allow":["GET"]}}],"collection":[{"href":"https:\/\/vurtsid.ee\/en\/wp-json\/wp\/v2\/product"}],"about":[{"href":"https:\/\/vurtsid.ee\/en\/wp-json\/wp\/v2\/types\/product"}],"version-history":[{"count":1,"href":"https:\/\/vurtsid.ee\/en\/wp-json\/wp\/v2\/product\/10342\/revisions"}],"predecessor-version":[{"id":29116,"href":"https:\/\/vurtsid.ee\/en\/wp-json\/wp\/v2\/product\/10342\/revisions\/29116"}],"wp:attachment":[{"href":"https:\/\/vurtsid.ee\/en\/wp-json\/wp\/v2\/media?parent=10342"}],"wp:term":[{"taxonomy":"product_brand","embeddable":true,"href":"https:\/\/vurtsid.ee\/en\/wp-json\/wp\/v2\/product_brand?post=10342"},{"taxonomy":"product_cat","embeddable":true,"href":"https:\/\/vurtsid.ee\/en\/wp-json\/wp\/v2\/product_cat?post=10342"},{"taxonomy":"product_tag","embeddable":true,"href":"https:\/\/vurtsid.ee\/en\/wp-json\/wp\/v2\/product_tag?post=10342"}],"curies":[{"name":"wp","href":"https:\/\/api.w.org\/{rel}","templated":true}]}}