{"id":10346,"date":"2023-04-25T06:37:07","date_gmt":"2023-04-25T06:37:07","guid":{"rendered":"https:\/\/vurtsid.ee\/?post_type=product&#038;p=10346"},"modified":"2026-03-26T05:18:21","modified_gmt":"2026-03-26T05:18:21","slug":"berbere-maitseainesegu-50g-2-2","status":"publish","type":"product","link":"https:\/\/vurtsid.ee\/en\/product\/berbere-maitseainesegu-50g-2-2\/","title":{"rendered":"Berbere maitseainesegu 50g"},"content":{"rendered":"","protected":false},"excerpt":{"rendered":"<p>Berbere on kuum v\u00fcrtsi segu Etioopia k\u00f6\u00f6gist. Berbere on tuline, \u00f5rnalt punakas, v\u00e4ga aromaatne ja t\u00e4is \u00fcllatavaid maitseid. Kasutatakse liha, linnuliha, kala, hautiste, suppide ja k\u00f6\u00f6giviljade maitsestamiseks.<\/p>\n<p>Koostisosad: suitsupaprika, v\u00fcrtsk\u00f6\u00f6mned, sibul, must pipar, kardemon, k\u00fc\u00fcslauk, meresool, nelk, kaneel, koriander, ingver.<\/p>","protected":false},"featured_media":29351,"template":"","meta":{"_monsterinsights_skip_tracking":false,"_monsterinsights_sitenote_active":false,"_monsterinsights_sitenote_note":"","_monsterinsights_sitenote_category":0,"_uf_show_specific_survey":0,"_uf_disable_surveys":false},"product_brand":[],"product_cat":[115,87],"product_tag":[],"class_list":{"0":"post-10346","1":"product","2":"type-product","3":"status-publish","4":"has-post-thumbnail","6":"product_cat-etioopia","7":"product_cat-maailma-maitsed","9":"first","10":"instock","11":"taxable","12":"shipping-taxable","13":"purchasable","14":"product-type-simple"},"aioseo_notices":[],"_links":{"self":[{"href":"https:\/\/vurtsid.ee\/en\/wp-json\/wp\/v2\/product\/10346","targetHints":{"allow":["GET"]}}],"collection":[{"href":"https:\/\/vurtsid.ee\/en\/wp-json\/wp\/v2\/product"}],"about":[{"href":"https:\/\/vurtsid.ee\/en\/wp-json\/wp\/v2\/types\/product"}],"version-history":[{"count":2,"href":"https:\/\/vurtsid.ee\/en\/wp-json\/wp\/v2\/product\/10346\/revisions"}],"predecessor-version":[{"id":29409,"href":"https:\/\/vurtsid.ee\/en\/wp-json\/wp\/v2\/product\/10346\/revisions\/29409"}],"wp:featuredmedia":[{"embeddable":true,"href":"https:\/\/vurtsid.ee\/en\/wp-json\/wp\/v2\/media\/29351"}],"wp:attachment":[{"href":"https:\/\/vurtsid.ee\/en\/wp-json\/wp\/v2\/media?parent=10346"}],"wp:term":[{"taxonomy":"product_brand","embeddable":true,"href":"https:\/\/vurtsid.ee\/en\/wp-json\/wp\/v2\/product_brand?post=10346"},{"taxonomy":"product_cat","embeddable":true,"href":"https:\/\/vurtsid.ee\/en\/wp-json\/wp\/v2\/product_cat?post=10346"},{"taxonomy":"product_tag","embeddable":true,"href":"https:\/\/vurtsid.ee\/en\/wp-json\/wp\/v2\/product_tag?post=10346"}],"curies":[{"name":"wp","href":"https:\/\/api.w.org\/{rel}","templated":true}]}}