{"id":10347,"date":"2023-04-25T06:37:07","date_gmt":"2023-04-25T06:37:07","guid":{"rendered":"https:\/\/vurtsid.ee\/?post_type=product&#038;p=10347"},"modified":"2026-03-26T05:17:47","modified_gmt":"2026-03-26T05:17:47","slug":"karri-maitseainesegu-55g-2-2","status":"publish","type":"product","link":"https:\/\/vurtsid.ee\/en\/product\/karri-maitseainesegu-55g-2-2\/","title":{"rendered":"Karri maitseainesegu 55g"},"content":{"rendered":"","protected":false},"excerpt":{"rendered":"<p>Aromaatne ja v\u00fcrtsikas segu India v\u00fcrtsidest. Sobib eriti kana- ja teistesse linnuroogadesse. Proovi ka k\u00f6\u00f6giviljatoitude ja riisi maitsestamiseks.<\/p>\n<p>Koostisosad: sinepipulber, koriander, kurkum, ingver, lambal\u00e4\u00e4ts, must pipar, till, t\u0161illi.<\/p>","protected":false},"featured_media":29369,"template":"","meta":{"_monsterinsights_skip_tracking":false,"_monsterinsights_sitenote_active":false,"_monsterinsights_sitenote_note":"","_monsterinsights_sitenote_category":0,"_uf_show_specific_survey":0,"_uf_disable_surveys":false},"product_brand":[],"product_cat":[98,89,87,86,103],"product_tag":[],"class_list":{"0":"post-10347","1":"product","2":"type-product","3":"status-publish","4":"has-post-thumbnail","6":"product_cat-aasia","7":"product_cat-linnulihale","8":"product_cat-maailma-maitsed","9":"product_cat-maitseainesegud","10":"product_cat-riisitoidud","12":"first","13":"instock","14":"taxable","15":"shipping-taxable","16":"purchasable","17":"product-type-simple"},"aioseo_notices":[],"_links":{"self":[{"href":"https:\/\/vurtsid.ee\/en\/wp-json\/wp\/v2\/product\/10347","targetHints":{"allow":["GET"]}}],"collection":[{"href":"https:\/\/vurtsid.ee\/en\/wp-json\/wp\/v2\/product"}],"about":[{"href":"https:\/\/vurtsid.ee\/en\/wp-json\/wp\/v2\/types\/product"}],"version-history":[{"count":1,"href":"https:\/\/vurtsid.ee\/en\/wp-json\/wp\/v2\/product\/10347\/revisions"}],"predecessor-version":[{"id":29121,"href":"https:\/\/vurtsid.ee\/en\/wp-json\/wp\/v2\/product\/10347\/revisions\/29121"}],"wp:featuredmedia":[{"embeddable":true,"href":"https:\/\/vurtsid.ee\/en\/wp-json\/wp\/v2\/media\/29369"}],"wp:attachment":[{"href":"https:\/\/vurtsid.ee\/en\/wp-json\/wp\/v2\/media?parent=10347"}],"wp:term":[{"taxonomy":"product_brand","embeddable":true,"href":"https:\/\/vurtsid.ee\/en\/wp-json\/wp\/v2\/product_brand?post=10347"},{"taxonomy":"product_cat","embeddable":true,"href":"https:\/\/vurtsid.ee\/en\/wp-json\/wp\/v2\/product_cat?post=10347"},{"taxonomy":"product_tag","embeddable":true,"href":"https:\/\/vurtsid.ee\/en\/wp-json\/wp\/v2\/product_tag?post=10347"}],"curies":[{"name":"wp","href":"https:\/\/api.w.org\/{rel}","templated":true}]}}