{"id":10354,"date":"2023-04-25T06:37:08","date_gmt":"2023-04-25T06:37:08","guid":{"rendered":"https:\/\/vurtsid.ee\/?post_type=product&#038;p=10354"},"modified":"2026-03-26T05:19:01","modified_gmt":"2026-03-26T05:19:01","slug":"piparkoogi-maitseaine-50g-2-2","status":"publish","type":"product","link":"https:\/\/vurtsid.ee\/en\/product\/piparkoogi-maitseaine-50g-2-2\/","title":{"rendered":"Piparkoogimaitseaine 50g"},"content":{"rendered":"","protected":false},"excerpt":{"rendered":"<div class=\"short-description\">Piparkoogimaitseaine lisab sinu k\u00fcpsetistele ja kuumadele jookidele j\u00f5ulust v\u00fcrtsikat maitset. Kogu tuba t\u00e4itub erilise magus-v\u00fcrtsika aroomiga. Piparkoogid\u00a0 lausa sulavad\u00a0 suus.<\/div>\n<div class=\"short-description\">Koostisosad: kaneel, ingver, kardemon, nelk, v\u00fcrtspipar, muskaat.<\/div>","protected":false},"featured_media":29398,"template":"","meta":{"_monsterinsights_skip_tracking":false,"_monsterinsights_sitenote_active":false,"_monsterinsights_sitenote_note":"","_monsterinsights_sitenote_category":0,"_uf_show_specific_survey":0,"_uf_disable_surveys":false},"product_brand":[],"product_cat":[93,86],"product_tag":[],"class_list":{"0":"post-10354","1":"product","2":"type-product","3":"status-publish","4":"has-post-thumbnail","6":"product_cat-magustoidud","7":"product_cat-maitseainesegud","9":"first","10":"instock","11":"taxable","12":"shipping-taxable","13":"purchasable","14":"product-type-simple"},"aioseo_notices":[],"_links":{"self":[{"href":"https:\/\/vurtsid.ee\/en\/wp-json\/wp\/v2\/product\/10354","targetHints":{"allow":["GET"]}}],"collection":[{"href":"https:\/\/vurtsid.ee\/en\/wp-json\/wp\/v2\/product"}],"about":[{"href":"https:\/\/vurtsid.ee\/en\/wp-json\/wp\/v2\/types\/product"}],"version-history":[{"count":1,"href":"https:\/\/vurtsid.ee\/en\/wp-json\/wp\/v2\/product\/10354\/revisions"}],"predecessor-version":[{"id":29125,"href":"https:\/\/vurtsid.ee\/en\/wp-json\/wp\/v2\/product\/10354\/revisions\/29125"}],"wp:featuredmedia":[{"embeddable":true,"href":"https:\/\/vurtsid.ee\/en\/wp-json\/wp\/v2\/media\/29398"}],"wp:attachment":[{"href":"https:\/\/vurtsid.ee\/en\/wp-json\/wp\/v2\/media?parent=10354"}],"wp:term":[{"taxonomy":"product_brand","embeddable":true,"href":"https:\/\/vurtsid.ee\/en\/wp-json\/wp\/v2\/product_brand?post=10354"},{"taxonomy":"product_cat","embeddable":true,"href":"https:\/\/vurtsid.ee\/en\/wp-json\/wp\/v2\/product_cat?post=10354"},{"taxonomy":"product_tag","embeddable":true,"href":"https:\/\/vurtsid.ee\/en\/wp-json\/wp\/v2\/product_tag?post=10354"}],"curies":[{"name":"wp","href":"https:\/\/api.w.org\/{rel}","templated":true}]}}