{"id":10361,"date":"2023-04-25T06:37:31","date_gmt":"2023-04-25T06:37:31","guid":{"rendered":"https:\/\/vurtsid.ee\/?post_type=product&#038;p=10361"},"modified":"2026-03-26T05:18:21","modified_gmt":"2026-03-26T05:18:21","slug":"maitseainesegu-aedviljadele-35g-2-2","status":"publish","type":"product","link":"https:\/\/vurtsid.ee\/en\/product\/maitseainesegu-aedviljadele-35g-2-2\/","title":{"rendered":"Maitseainesegu aedviljadele 35g"},"content":{"rendered":"<h5>R\u00f6stitud aedviljad <em>aedvilja maitseaineseguga<\/em><\/h5>\n<ol>\n<li><strong>Eelkuumuta ahi<\/strong>: Kuumuta ahi 200 kraadini.<\/li>\n<li><strong>Valmista k\u00f6\u00f6giviljad<\/strong>: Koori ja t\u00fckelda kartulid ja porgandid keskmise suurusega t\u00fckkideks, samuti t\u00fckelda paprika ja suvik\u00f5rvits. Pane k\u00f5ik k\u00f6\u00f6giviljad suurde kaussi.<\/li>\n<li><strong>Lisa \u00f5li ja maitseainesegu<\/strong>: Lisa k\u00f6\u00f6giviljadele oliivi\u00f5li ja maitsesta 2 sl <em>maitseainesegu aedviljadele<\/em>. Sega hoolikalt, et \u00f5li ja maitseained jaotuksid k\u00f6\u00f6giviljadele \u00fchtlaselt.<\/li>\n<li><strong>Pane k\u00f6\u00f6giviljad ahjuplaadile<\/strong>: Kata ahjuplaat k\u00fcpsetuspaberiga ja laota k\u00f6\u00f6giviljad \u00fche kihina plaadile. Proovi j\u00e4tta t\u00fckid \u00fcksteisest natuke eemale, et need saaksid \u00fchtlaselt r\u00f6stida.<\/li>\n<li><strong>K\u00fcpseta<\/strong>: Aseta k\u00f6\u00f6giviljad eelkuumutatud ahju ja k\u00fcpseta 25\u201330 minutit v\u00f5i kuni need on kuldpruunid ja pehmed. Vahepeal v\u00f5id korra k\u00f6\u00f6givilju segada, et need k\u00fcpseksid \u00fchtlaselt.<\/li>\n<li><strong>Serveerimine<\/strong>: T\u00f5sta r\u00f6stitud k\u00f6\u00f6giviljad ahjust v\u00e4lja ja lase veidi jahtuda. Serveerimisel v\u00f5ib veel soovi korral lisada v\u00e4rsket peterselli.<\/li>\n<\/ol>\n<p><strong>Nipp<\/strong>: Kui soovid veidi karamellist maitset, lisa enne ahjupanekut k\u00f6\u00f6giviljadele ka 1 tl mett v\u00f5i balsami \u00e4\u00e4dikat.<\/p>","protected":false},"excerpt":{"rendered":"<div class=\"short-description\">Segu, kus omavahel on segatud erinevad maitseained annab aedvilja toidule v\u00e4ga isu\u00e4ratava maitse.<\/div>\n<div class=\"short-description\">Koostisosad: r\u00f6stitud sibul, k\u00fc\u00fcslauk, sinepiseemned, petersell, t\u00fc\u00fcmian, must pipar, meresool, loorber.<\/div>","protected":false},"featured_media":29382,"template":"","meta":{"_monsterinsights_skip_tracking":false,"_monsterinsights_sitenote_active":false,"_monsterinsights_sitenote_note":"","_monsterinsights_sitenote_category":0,"_uf_show_specific_survey":0,"_uf_disable_surveys":false},"product_brand":[],"product_cat":[86,100],"product_tag":[],"class_list":{"0":"post-10361","1":"product","2":"type-product","3":"status-publish","4":"has-post-thumbnail","6":"product_cat-maitseainesegud","7":"product_cat-taimetoidud","9":"first","10":"instock","11":"taxable","12":"shipping-taxable","13":"purchasable","14":"product-type-simple"},"aioseo_notices":[],"_links":{"self":[{"href":"https:\/\/vurtsid.ee\/en\/wp-json\/wp\/v2\/product\/10361","targetHints":{"allow":["GET"]}}],"collection":[{"href":"https:\/\/vurtsid.ee\/en\/wp-json\/wp\/v2\/product"}],"about":[{"href":"https:\/\/vurtsid.ee\/en\/wp-json\/wp\/v2\/types\/product"}],"version-history":[{"count":1,"href":"https:\/\/vurtsid.ee\/en\/wp-json\/wp\/v2\/product\/10361\/revisions"}],"predecessor-version":[{"id":29130,"href":"https:\/\/vurtsid.ee\/en\/wp-json\/wp\/v2\/product\/10361\/revisions\/29130"}],"wp:featuredmedia":[{"embeddable":true,"href":"https:\/\/vurtsid.ee\/en\/wp-json\/wp\/v2\/media\/29382"}],"wp:attachment":[{"href":"https:\/\/vurtsid.ee\/en\/wp-json\/wp\/v2\/media?parent=10361"}],"wp:term":[{"taxonomy":"product_brand","embeddable":true,"href":"https:\/\/vurtsid.ee\/en\/wp-json\/wp\/v2\/product_brand?post=10361"},{"taxonomy":"product_cat","embeddable":true,"href":"https:\/\/vurtsid.ee\/en\/wp-json\/wp\/v2\/product_cat?post=10361"},{"taxonomy":"product_tag","embeddable":true,"href":"https:\/\/vurtsid.ee\/en\/wp-json\/wp\/v2\/product_tag?post=10361"}],"curies":[{"name":"wp","href":"https:\/\/api.w.org\/{rel}","templated":true}]}}