{"id":10363,"date":"2023-04-25T06:37:31","date_gmt":"2023-04-25T06:37:31","guid":{"rendered":"https:\/\/vurtsid.ee\/?post_type=product&#038;p=10363"},"modified":"2026-03-26T05:17:47","modified_gmt":"2026-03-26T05:17:47","slug":"pasta-maitseainesegu-50g-2-2","status":"publish","type":"product","link":"https:\/\/vurtsid.ee\/en\/product\/pasta-maitseainesegu-50g-2-2\/","title":{"rendered":"Pasta maitseainesegu 50g"},"content":{"rendered":"","protected":false},"excerpt":{"rendered":"<div class=\"short-description\">See segu lisab pastale, aga ka riisile rikkalikult maitset ja aroomi.<\/div>\n<div class=\"short-description\">Koostisosad: tomat, sibul, k\u00fc\u00fcslauk, meresool, basiilik, pune, ingver, t\u0161illi, paprika<\/div>","protected":false},"featured_media":29397,"template":"","meta":{"_monsterinsights_skip_tracking":false,"_monsterinsights_sitenote_active":false,"_monsterinsights_sitenote_note":"","_monsterinsights_sitenote_category":0,"_uf_show_specific_survey":0,"_uf_disable_surveys":false},"product_brand":[],"product_cat":[86,111],"product_tag":[],"class_list":{"0":"post-10363","1":"product","2":"type-product","3":"status-publish","4":"has-post-thumbnail","6":"product_cat-maitseainesegud","7":"product_cat-pasta","9":"first","10":"instock","11":"taxable","12":"shipping-taxable","13":"purchasable","14":"product-type-simple"},"aioseo_notices":[],"_links":{"self":[{"href":"https:\/\/vurtsid.ee\/en\/wp-json\/wp\/v2\/product\/10363","targetHints":{"allow":["GET"]}}],"collection":[{"href":"https:\/\/vurtsid.ee\/en\/wp-json\/wp\/v2\/product"}],"about":[{"href":"https:\/\/vurtsid.ee\/en\/wp-json\/wp\/v2\/types\/product"}],"version-history":[{"count":1,"href":"https:\/\/vurtsid.ee\/en\/wp-json\/wp\/v2\/product\/10363\/revisions"}],"predecessor-version":[{"id":29132,"href":"https:\/\/vurtsid.ee\/en\/wp-json\/wp\/v2\/product\/10363\/revisions\/29132"}],"wp:featuredmedia":[{"embeddable":true,"href":"https:\/\/vurtsid.ee\/en\/wp-json\/wp\/v2\/media\/29397"}],"wp:attachment":[{"href":"https:\/\/vurtsid.ee\/en\/wp-json\/wp\/v2\/media?parent=10363"}],"wp:term":[{"taxonomy":"product_brand","embeddable":true,"href":"https:\/\/vurtsid.ee\/en\/wp-json\/wp\/v2\/product_brand?post=10363"},{"taxonomy":"product_cat","embeddable":true,"href":"https:\/\/vurtsid.ee\/en\/wp-json\/wp\/v2\/product_cat?post=10363"},{"taxonomy":"product_tag","embeddable":true,"href":"https:\/\/vurtsid.ee\/en\/wp-json\/wp\/v2\/product_tag?post=10363"}],"curies":[{"name":"wp","href":"https:\/\/api.w.org\/{rel}","templated":true}]}}