{"id":10379,"date":"2023-04-25T06:37:36","date_gmt":"2023-04-25T06:37:36","guid":{"rendered":"https:\/\/vurtsid.ee\/?post_type=product&#038;p=10379"},"modified":"2026-03-26T05:17:47","modified_gmt":"2026-03-26T05:17:47","slug":"ingver-jahvatatud-50g-2-2","status":"publish","type":"product","link":"https:\/\/vurtsid.ee\/en\/product\/ingver-jahvatatud-50g-2-2\/","title":{"rendered":"Ingver jahvatatud 40g"},"content":{"rendered":"","protected":false},"excerpt":{"rendered":"<p>Kuivatatud ja peenestatud ingverijuurega maitsestatakse taignatooteid, vormiroogi, k\u00f6\u00f6giviljatoite ja kastmeid. Ingver muudab v\u00e4ga maitsvaks sealiha ning annab p\u00f5neva idamaise varjundi ka kana-, seene-, kala- ja v\u00e4hitoitudele.<\/p>","protected":false},"featured_media":29361,"template":"","meta":{"_monsterinsights_skip_tracking":false,"_monsterinsights_sitenote_active":false,"_monsterinsights_sitenote_note":"","_monsterinsights_sitenote_category":0,"_uf_show_specific_survey":0,"_uf_disable_surveys":false},"product_brand":[],"product_cat":[94],"product_tag":[],"class_list":{"0":"post-10379","1":"product","2":"type-product","3":"status-publish","4":"has-post-thumbnail","6":"product_cat-puhtad-maitseained","8":"first","9":"instock","10":"taxable","11":"shipping-taxable","12":"purchasable","13":"product-type-simple"},"aioseo_notices":[],"_links":{"self":[{"href":"https:\/\/vurtsid.ee\/en\/wp-json\/wp\/v2\/product\/10379","targetHints":{"allow":["GET"]}}],"collection":[{"href":"https:\/\/vurtsid.ee\/en\/wp-json\/wp\/v2\/product"}],"about":[{"href":"https:\/\/vurtsid.ee\/en\/wp-json\/wp\/v2\/types\/product"}],"version-history":[{"count":1,"href":"https:\/\/vurtsid.ee\/en\/wp-json\/wp\/v2\/product\/10379\/revisions"}],"predecessor-version":[{"id":29143,"href":"https:\/\/vurtsid.ee\/en\/wp-json\/wp\/v2\/product\/10379\/revisions\/29143"}],"wp:featuredmedia":[{"embeddable":true,"href":"https:\/\/vurtsid.ee\/en\/wp-json\/wp\/v2\/media\/29361"}],"wp:attachment":[{"href":"https:\/\/vurtsid.ee\/en\/wp-json\/wp\/v2\/media?parent=10379"}],"wp:term":[{"taxonomy":"product_brand","embeddable":true,"href":"https:\/\/vurtsid.ee\/en\/wp-json\/wp\/v2\/product_brand?post=10379"},{"taxonomy":"product_cat","embeddable":true,"href":"https:\/\/vurtsid.ee\/en\/wp-json\/wp\/v2\/product_cat?post=10379"},{"taxonomy":"product_tag","embeddable":true,"href":"https:\/\/vurtsid.ee\/en\/wp-json\/wp\/v2\/product_tag?post=10379"}],"curies":[{"name":"wp","href":"https:\/\/api.w.org\/{rel}","templated":true}]}}