{"id":10400,"date":"2023-04-25T06:37:36","date_gmt":"2023-04-25T06:37:36","guid":{"rendered":"https:\/\/vurtsid.ee\/?post_type=product&#038;p=10400"},"modified":"2026-03-04T14:47:53","modified_gmt":"2026-03-04T14:47:53","slug":"muskaatpahkel-jahvatatud-60g-2-2","status":"publish","type":"product","link":"https:\/\/vurtsid.ee\/en\/product\/muskaatpahkel-jahvatatud-60g-2-2\/","title":{"rendered":"Muskaatp\u00e4hkel jahvatatud 60g"},"content":{"rendered":"","protected":false},"excerpt":{"rendered":"<p>Muskaatp\u00e4hkel on tugeva peene l\u00f5hna- ja k\u00f5rvetava v\u00fcrtsise maitsega. Muskaatp\u00e4hklit kasutatakse peamiselt magustoitude ja pagaritoodete maitsestamiseks. V\u00e4ga h\u00e4sti sobib muskaatp\u00e4hkel hakklihast v\u00f5i kalast valmistatud vormiroogade ja rulaadide juurde, aga ka seente maitsestamiseks.<\/p>","protected":false},"featured_media":29392,"template":"","meta":{"_monsterinsights_skip_tracking":false,"_monsterinsights_sitenote_active":false,"_monsterinsights_sitenote_note":"","_monsterinsights_sitenote_category":0,"_uf_show_specific_survey":0,"_uf_disable_surveys":false},"product_brand":[],"product_cat":[94],"product_tag":[],"class_list":{"0":"post-10400","1":"product","2":"type-product","3":"status-publish","4":"has-post-thumbnail","6":"product_cat-puhtad-maitseained","8":"first","9":"instock","10":"taxable","11":"shipping-taxable","12":"purchasable","13":"product-type-simple"},"aioseo_notices":[],"_links":{"self":[{"href":"https:\/\/vurtsid.ee\/en\/wp-json\/wp\/v2\/product\/10400","targetHints":{"allow":["GET"]}}],"collection":[{"href":"https:\/\/vurtsid.ee\/en\/wp-json\/wp\/v2\/product"}],"about":[{"href":"https:\/\/vurtsid.ee\/en\/wp-json\/wp\/v2\/types\/product"}],"version-history":[{"count":1,"href":"https:\/\/vurtsid.ee\/en\/wp-json\/wp\/v2\/product\/10400\/revisions"}],"predecessor-version":[{"id":29155,"href":"https:\/\/vurtsid.ee\/en\/wp-json\/wp\/v2\/product\/10400\/revisions\/29155"}],"wp:featuredmedia":[{"embeddable":true,"href":"https:\/\/vurtsid.ee\/en\/wp-json\/wp\/v2\/media\/29392"}],"wp:attachment":[{"href":"https:\/\/vurtsid.ee\/en\/wp-json\/wp\/v2\/media?parent=10400"}],"wp:term":[{"taxonomy":"product_brand","embeddable":true,"href":"https:\/\/vurtsid.ee\/en\/wp-json\/wp\/v2\/product_brand?post=10400"},{"taxonomy":"product_cat","embeddable":true,"href":"https:\/\/vurtsid.ee\/en\/wp-json\/wp\/v2\/product_cat?post=10400"},{"taxonomy":"product_tag","embeddable":true,"href":"https:\/\/vurtsid.ee\/en\/wp-json\/wp\/v2\/product_tag?post=10400"}],"curies":[{"name":"wp","href":"https:\/\/api.w.org\/{rel}","templated":true}]}}