{"id":10406,"date":"2023-04-25T06:37:36","date_gmt":"2023-04-25T06:37:36","guid":{"rendered":"https:\/\/vurtsid.ee\/?post_type=product&#038;p=10406"},"modified":"2026-03-26T05:16:50","modified_gmt":"2026-03-26T05:16:50","slug":"tomatihelbed-30g-2-2","status":"publish","type":"product","link":"https:\/\/vurtsid.ee\/en\/product\/tomatihelbed-30g-2-2\/","title":{"rendered":"Tomatihelbed 30g"},"content":{"rendered":"","protected":false},"excerpt":{"rendered":"<p>Tomatihelbed pakuvad sulle v\u00f5imaluse nautida suve meie toidus aastaringselt. Nad lisavad meie toidule k\u00e4sik\u00e4es nii magusust ja hapukust. Tomatihelbeid v\u00f5ib kasutada erinevates toitudes, pasta roogade, bolonese kastme, salatite, suppide, \u00fchepajatoitude ja hautiste maitsestamiseks.<\/p>","protected":false},"featured_media":29328,"template":"","meta":{"_monsterinsights_skip_tracking":false,"_monsterinsights_sitenote_active":false,"_monsterinsights_sitenote_note":"","_monsterinsights_sitenote_category":0,"_uf_show_specific_survey":0,"_uf_disable_surveys":false},"product_brand":[],"product_cat":[94],"product_tag":[],"class_list":{"0":"post-10406","1":"product","2":"type-product","3":"status-publish","4":"has-post-thumbnail","6":"product_cat-puhtad-maitseained","8":"first","9":"instock","10":"taxable","11":"shipping-taxable","12":"purchasable","13":"product-type-simple"},"aioseo_notices":[],"_links":{"self":[{"href":"https:\/\/vurtsid.ee\/en\/wp-json\/wp\/v2\/product\/10406","targetHints":{"allow":["GET"]}}],"collection":[{"href":"https:\/\/vurtsid.ee\/en\/wp-json\/wp\/v2\/product"}],"about":[{"href":"https:\/\/vurtsid.ee\/en\/wp-json\/wp\/v2\/types\/product"}],"version-history":[{"count":1,"href":"https:\/\/vurtsid.ee\/en\/wp-json\/wp\/v2\/product\/10406\/revisions"}],"predecessor-version":[{"id":29159,"href":"https:\/\/vurtsid.ee\/en\/wp-json\/wp\/v2\/product\/10406\/revisions\/29159"}],"wp:featuredmedia":[{"embeddable":true,"href":"https:\/\/vurtsid.ee\/en\/wp-json\/wp\/v2\/media\/29328"}],"wp:attachment":[{"href":"https:\/\/vurtsid.ee\/en\/wp-json\/wp\/v2\/media?parent=10406"}],"wp:term":[{"taxonomy":"product_brand","embeddable":true,"href":"https:\/\/vurtsid.ee\/en\/wp-json\/wp\/v2\/product_brand?post=10406"},{"taxonomy":"product_cat","embeddable":true,"href":"https:\/\/vurtsid.ee\/en\/wp-json\/wp\/v2\/product_cat?post=10406"},{"taxonomy":"product_tag","embeddable":true,"href":"https:\/\/vurtsid.ee\/en\/wp-json\/wp\/v2\/product_tag?post=10406"}],"curies":[{"name":"wp","href":"https:\/\/api.w.org\/{rel}","templated":true}]}}