{"id":10417,"date":"2023-04-25T06:37:37","date_gmt":"2023-04-25T06:37:37","guid":{"rendered":"https:\/\/vurtsid.ee\/?post_type=product&#038;p=10417"},"modified":"2026-03-26T05:19:01","modified_gmt":"2026-03-26T05:19:01","slug":"tuline-maitsesool-20g-2-2","status":"publish","type":"product","link":"https:\/\/vurtsid.ee\/en\/product\/tuline-maitsesool-20g-2-2\/","title":{"rendered":"Tuline maitsesool 20g"},"content":{"rendered":"","protected":false},"excerpt":{"rendered":"<div class=\"short-description\">See, kes armastab anda toidule veidi tulisemat ja s\u00e4rtsakamat maitset, v\u00f5ib seda maitsesoola uljalt kasutada. Kasutada v\u00f5ib ahju-, liha- ja grillitud roogade maitsestamiseks.<\/div>\n<div class=\"short-description\">Koostisosad: meresoo, salvei, k\u00fc\u00fcslauk, t\u0161illi, petersell.<\/div>","protected":false},"featured_media":29331,"template":"","meta":{"_monsterinsights_skip_tracking":false,"_monsterinsights_sitenote_active":false,"_monsterinsights_sitenote_note":"","_monsterinsights_sitenote_category":0,"_uf_show_specific_survey":0,"_uf_disable_surveys":false},"product_brand":[],"product_cat":[108],"product_tag":[],"class_list":{"0":"post-10417","1":"product","2":"type-product","3":"status-publish","4":"has-post-thumbnail","6":"product_cat-maitsesoolad","8":"first","9":"instock","10":"taxable","11":"shipping-taxable","12":"purchasable","13":"product-type-simple"},"aioseo_notices":[],"_links":{"self":[{"href":"https:\/\/vurtsid.ee\/en\/wp-json\/wp\/v2\/product\/10417","targetHints":{"allow":["GET"]}}],"collection":[{"href":"https:\/\/vurtsid.ee\/en\/wp-json\/wp\/v2\/product"}],"about":[{"href":"https:\/\/vurtsid.ee\/en\/wp-json\/wp\/v2\/types\/product"}],"version-history":[{"count":1,"href":"https:\/\/vurtsid.ee\/en\/wp-json\/wp\/v2\/product\/10417\/revisions"}],"predecessor-version":[{"id":29168,"href":"https:\/\/vurtsid.ee\/en\/wp-json\/wp\/v2\/product\/10417\/revisions\/29168"}],"wp:featuredmedia":[{"embeddable":true,"href":"https:\/\/vurtsid.ee\/en\/wp-json\/wp\/v2\/media\/29331"}],"wp:attachment":[{"href":"https:\/\/vurtsid.ee\/en\/wp-json\/wp\/v2\/media?parent=10417"}],"wp:term":[{"taxonomy":"product_brand","embeddable":true,"href":"https:\/\/vurtsid.ee\/en\/wp-json\/wp\/v2\/product_brand?post=10417"},{"taxonomy":"product_cat","embeddable":true,"href":"https:\/\/vurtsid.ee\/en\/wp-json\/wp\/v2\/product_cat?post=10417"},{"taxonomy":"product_tag","embeddable":true,"href":"https:\/\/vurtsid.ee\/en\/wp-json\/wp\/v2\/product_tag?post=10417"}],"curies":[{"name":"wp","href":"https:\/\/api.w.org\/{rel}","templated":true}]}}