{"id":10431,"date":"2023-04-25T06:37:46","date_gmt":"2023-04-25T06:37:46","guid":{"rendered":"https:\/\/vurtsid.ee\/?post_type=product&#038;p=10431"},"modified":"2026-03-22T12:41:49","modified_gmt":"2026-03-22T12:41:49","slug":"maitsesegu-krobe-kala-50g-2","status":"publish","type":"product","link":"https:\/\/vurtsid.ee\/en\/product\/maitsesegu-krobe-kala-50g-2\/","title":{"rendered":"Maitsesegu &#8220;Kr\u00f5be Kala&#8221; 40g"},"content":{"rendered":"","protected":false},"excerpt":{"rendered":"<p>Sobib h\u00e4sti kr\u00f5beda kala maitsestamiseks. V\u00f5ib kasutada kala grillimisel, ahjus valmistamisel v\u00f5i praadimisel.<\/p>\n<p>Koostisosad: sool, till, petersell, suhkur, sidruni hape, must pipar, rapsi \u00f5li, k\u00fc\u00fcslauk, sibul, kurkum, sinepipulber.<\/p>","protected":false},"featured_media":29494,"template":"","meta":{"_monsterinsights_skip_tracking":false,"_monsterinsights_sitenote_active":false,"_monsterinsights_sitenote_note":"","_monsterinsights_sitenote_category":0,"_uf_show_specific_survey":0,"_uf_disable_surveys":false},"product_brand":[],"product_cat":[101,86],"product_tag":[],"class_list":{"0":"post-10431","1":"product","2":"type-product","3":"status-publish","4":"has-post-thumbnail","6":"product_cat-kalale","7":"product_cat-maitseainesegud","9":"first","10":"instock","11":"taxable","12":"shipping-taxable","13":"purchasable","14":"product-type-simple"},"aioseo_notices":[],"_links":{"self":[{"href":"https:\/\/vurtsid.ee\/en\/wp-json\/wp\/v2\/product\/10431","targetHints":{"allow":["GET"]}}],"collection":[{"href":"https:\/\/vurtsid.ee\/en\/wp-json\/wp\/v2\/product"}],"about":[{"href":"https:\/\/vurtsid.ee\/en\/wp-json\/wp\/v2\/types\/product"}],"version-history":[{"count":1,"href":"https:\/\/vurtsid.ee\/en\/wp-json\/wp\/v2\/product\/10431\/revisions"}],"predecessor-version":[{"id":29176,"href":"https:\/\/vurtsid.ee\/en\/wp-json\/wp\/v2\/product\/10431\/revisions\/29176"}],"wp:featuredmedia":[{"embeddable":true,"href":"https:\/\/vurtsid.ee\/en\/wp-json\/wp\/v2\/media\/29494"}],"wp:attachment":[{"href":"https:\/\/vurtsid.ee\/en\/wp-json\/wp\/v2\/media?parent=10431"}],"wp:term":[{"taxonomy":"product_brand","embeddable":true,"href":"https:\/\/vurtsid.ee\/en\/wp-json\/wp\/v2\/product_brand?post=10431"},{"taxonomy":"product_cat","embeddable":true,"href":"https:\/\/vurtsid.ee\/en\/wp-json\/wp\/v2\/product_cat?post=10431"},{"taxonomy":"product_tag","embeddable":true,"href":"https:\/\/vurtsid.ee\/en\/wp-json\/wp\/v2\/product_tag?post=10431"}],"curies":[{"name":"wp","href":"https:\/\/api.w.org\/{rel}","templated":true}]}}