{"id":10443,"date":"2023-04-25T06:37:47","date_gmt":"2023-04-25T06:37:47","guid":{"rendered":"https:\/\/vurtsid.ee\/?post_type=product&#038;p=10443"},"modified":"2026-03-22T12:50:08","modified_gmt":"2026-03-22T12:50:08","slug":"vurtsisegu-mereandidele-55g-2","status":"publish","type":"product","link":"https:\/\/vurtsid.ee\/en\/product\/vurtsisegu-mereandidele-55g-2\/","title":{"rendered":"V\u00fcrtsisegu mereandidele 55g"},"content":{"rendered":"","protected":false},"excerpt":{"rendered":"<p>V\u00fcrtsisegu mereandidele v\u00f5ib kasutada erinevate mereandide maitsestamiseks. Segu v\u00f5ib lisada mereandide grillmarinaadidele, suppidele jne.<\/p>\n<p>Koostisosad: paprika, karri, v\u00fcrtsk\u00f6\u00f6mned, ingver, koriander, v\u00fcrtspipar, sidrunikoor, must pipar, sool, apteegitilli seemned, Cayenne`i pipar.<\/p>","protected":false},"featured_media":29486,"template":"","meta":{"_monsterinsights_skip_tracking":false,"_monsterinsights_sitenote_active":false,"_monsterinsights_sitenote_note":"","_monsterinsights_sitenote_category":0,"_uf_show_specific_survey":0,"_uf_disable_surveys":false},"product_brand":[],"product_cat":[86,118],"product_tag":[],"class_list":{"0":"post-10443","1":"product","2":"type-product","3":"status-publish","4":"has-post-thumbnail","6":"product_cat-maitseainesegud","7":"product_cat-mereannid","9":"first","10":"instock","11":"taxable","12":"shipping-taxable","13":"purchasable","14":"product-type-simple"},"aioseo_notices":[],"_links":{"self":[{"href":"https:\/\/vurtsid.ee\/en\/wp-json\/wp\/v2\/product\/10443","targetHints":{"allow":["GET"]}}],"collection":[{"href":"https:\/\/vurtsid.ee\/en\/wp-json\/wp\/v2\/product"}],"about":[{"href":"https:\/\/vurtsid.ee\/en\/wp-json\/wp\/v2\/types\/product"}],"version-history":[{"count":1,"href":"https:\/\/vurtsid.ee\/en\/wp-json\/wp\/v2\/product\/10443\/revisions"}],"predecessor-version":[{"id":29182,"href":"https:\/\/vurtsid.ee\/en\/wp-json\/wp\/v2\/product\/10443\/revisions\/29182"}],"wp:featuredmedia":[{"embeddable":true,"href":"https:\/\/vurtsid.ee\/en\/wp-json\/wp\/v2\/media\/29486"}],"wp:attachment":[{"href":"https:\/\/vurtsid.ee\/en\/wp-json\/wp\/v2\/media?parent=10443"}],"wp:term":[{"taxonomy":"product_brand","embeddable":true,"href":"https:\/\/vurtsid.ee\/en\/wp-json\/wp\/v2\/product_brand?post=10443"},{"taxonomy":"product_cat","embeddable":true,"href":"https:\/\/vurtsid.ee\/en\/wp-json\/wp\/v2\/product_cat?post=10443"},{"taxonomy":"product_tag","embeddable":true,"href":"https:\/\/vurtsid.ee\/en\/wp-json\/wp\/v2\/product_tag?post=10443"}],"curies":[{"name":"wp","href":"https:\/\/api.w.org\/{rel}","templated":true}]}}