{"id":10449,"date":"2023-04-25T06:37:48","date_gmt":"2023-04-25T06:37:48","guid":{"rendered":"https:\/\/vurtsid.ee\/?post_type=product&#038;p=10449"},"modified":"2026-03-11T05:25:38","modified_gmt":"2026-03-11T05:25:38","slug":"kaneelikoor-50g-2","status":"publish","type":"product","link":"https:\/\/vurtsid.ee\/en\/product\/kaneelikoor-50g-2\/","title":{"rendered":"Kaneelikoor 30g"},"content":{"rendered":"<p>Kaneeli kasutatakse palju India k\u00f6\u00f6gis. Sobib suurep\u00e4raselt riisi- ja mannapudru, kookide, kuklite ja muude k\u00fcpsetiste ning puuviljasalatite maitsestamiseks.<\/p>","protected":false},"excerpt":{"rendered":"<p>Kaneeli kasutatakse palju India k\u00f6\u00f6gis. Sobib suurep\u00e4raselt riisi- ja mannapudru, kookide, kuklite ja muude k\u00fcpsetiste ning puuviljasalatite maitsestamiseks.<\/p>","protected":false},"featured_media":29368,"template":"","meta":{"_monsterinsights_skip_tracking":false,"_monsterinsights_sitenote_active":false,"_monsterinsights_sitenote_note":"","_monsterinsights_sitenote_category":0,"_uf_show_specific_survey":0,"_uf_disable_surveys":false},"product_brand":[],"product_cat":[93,86,94],"product_tag":[],"class_list":{"0":"post-10449","1":"product","2":"type-product","3":"status-publish","4":"has-post-thumbnail","6":"product_cat-magustoidud","7":"product_cat-maitseainesegud","8":"product_cat-puhtad-maitseained","10":"first","11":"instock","12":"sale","13":"taxable","14":"shipping-taxable","15":"purchasable","16":"product-type-simple"},"aioseo_notices":[],"_links":{"self":[{"href":"https:\/\/vurtsid.ee\/en\/wp-json\/wp\/v2\/product\/10449","targetHints":{"allow":["GET"]}}],"collection":[{"href":"https:\/\/vurtsid.ee\/en\/wp-json\/wp\/v2\/product"}],"about":[{"href":"https:\/\/vurtsid.ee\/en\/wp-json\/wp\/v2\/types\/product"}],"version-history":[{"count":2,"href":"https:\/\/vurtsid.ee\/en\/wp-json\/wp\/v2\/product\/10449\/revisions"}],"predecessor-version":[{"id":29711,"href":"https:\/\/vurtsid.ee\/en\/wp-json\/wp\/v2\/product\/10449\/revisions\/29711"}],"wp:featuredmedia":[{"embeddable":true,"href":"https:\/\/vurtsid.ee\/en\/wp-json\/wp\/v2\/media\/29368"}],"wp:attachment":[{"href":"https:\/\/vurtsid.ee\/en\/wp-json\/wp\/v2\/media?parent=10449"}],"wp:term":[{"taxonomy":"product_brand","embeddable":true,"href":"https:\/\/vurtsid.ee\/en\/wp-json\/wp\/v2\/product_brand?post=10449"},{"taxonomy":"product_cat","embeddable":true,"href":"https:\/\/vurtsid.ee\/en\/wp-json\/wp\/v2\/product_cat?post=10449"},{"taxonomy":"product_tag","embeddable":true,"href":"https:\/\/vurtsid.ee\/en\/wp-json\/wp\/v2\/product_tag?post=10449"}],"curies":[{"name":"wp","href":"https:\/\/api.w.org\/{rel}","templated":true}]}}