{"id":10451,"date":"2023-04-25T06:37:48","date_gmt":"2023-04-25T06:37:48","guid":{"rendered":"https:\/\/vurtsid.ee\/?post_type=product&#038;p=10451"},"modified":"2026-03-26T05:16:50","modified_gmt":"2026-03-26T05:16:50","slug":"tzatziki-vurtsisegu-50g-2-2","status":"publish","type":"product","link":"https:\/\/vurtsid.ee\/en\/product\/tzatziki-vurtsisegu-50g-2-2\/","title":{"rendered":"Tzatziki v\u00fcrtsisegu 50g"},"content":{"rendered":"","protected":false},"excerpt":{"rendered":"<p>Tzatzik on Kreekap\u00e4rane maitsesegu, mida v\u00f5ib kasutada dipikastmes, liha ja kalaroogade k\u00f5rvale pakutavate k\u00fclmade kastmete maitsestamiseks.<\/p>\n<p>Koostisosad: sool, till, sibul, k\u00fc\u00fcslauk<\/p>","protected":false},"featured_media":0,"template":"","meta":{"_monsterinsights_skip_tracking":false,"_monsterinsights_sitenote_active":false,"_monsterinsights_sitenote_note":"","_monsterinsights_sitenote_category":0,"_uf_show_specific_survey":0,"_uf_disable_surveys":false},"product_brand":[],"product_cat":[117,87,86],"product_tag":[],"class_list":{"0":"post-10451","1":"product","2":"type-product","3":"status-publish","5":"product_cat-kreeka","6":"product_cat-maailma-maitsed","7":"product_cat-maitseainesegud","9":"first","10":"instock","11":"taxable","12":"shipping-taxable","13":"purchasable","14":"product-type-simple"},"aioseo_notices":[],"_links":{"self":[{"href":"https:\/\/vurtsid.ee\/en\/wp-json\/wp\/v2\/product\/10451","targetHints":{"allow":["GET"]}}],"collection":[{"href":"https:\/\/vurtsid.ee\/en\/wp-json\/wp\/v2\/product"}],"about":[{"href":"https:\/\/vurtsid.ee\/en\/wp-json\/wp\/v2\/types\/product"}],"version-history":[{"count":1,"href":"https:\/\/vurtsid.ee\/en\/wp-json\/wp\/v2\/product\/10451\/revisions"}],"predecessor-version":[{"id":29186,"href":"https:\/\/vurtsid.ee\/en\/wp-json\/wp\/v2\/product\/10451\/revisions\/29186"}],"wp:attachment":[{"href":"https:\/\/vurtsid.ee\/en\/wp-json\/wp\/v2\/media?parent=10451"}],"wp:term":[{"taxonomy":"product_brand","embeddable":true,"href":"https:\/\/vurtsid.ee\/en\/wp-json\/wp\/v2\/product_brand?post=10451"},{"taxonomy":"product_cat","embeddable":true,"href":"https:\/\/vurtsid.ee\/en\/wp-json\/wp\/v2\/product_cat?post=10451"},{"taxonomy":"product_tag","embeddable":true,"href":"https:\/\/vurtsid.ee\/en\/wp-json\/wp\/v2\/product_tag?post=10451"}],"curies":[{"name":"wp","href":"https:\/\/api.w.org\/{rel}","templated":true}]}}