{"id":10452,"date":"2023-04-25T06:37:48","date_gmt":"2023-04-25T06:37:48","guid":{"rendered":"https:\/\/vurtsid.ee\/?post_type=product&#038;p=10452"},"modified":"2026-03-22T12:07:08","modified_gmt":"2026-03-22T12:07:08","slug":"pipar-must-terapipar-50g-2","status":"publish","type":"product","link":"https:\/\/vurtsid.ee\/en\/product\/pipar-must-terapipar-50g-2\/","title":{"rendered":"Pipar -must terapipar 50g"},"content":{"rendered":"","protected":false},"excerpt":{"rendered":"<p>Must pipar on maailma enim kaubeldud v\u00fcrtse. See on \u00fcks levinumaid v\u00fcrtse Euroopa k\u00f6\u00f6gis. On \u00fcldlevinud t\u00e4nap\u00e4eva maailmas, sageli seotud soolaga.<\/p>","protected":false},"featured_media":29944,"template":"","meta":{"_monsterinsights_skip_tracking":false,"_monsterinsights_sitenote_active":false,"_monsterinsights_sitenote_note":"","_monsterinsights_sitenote_category":0,"_uf_show_specific_survey":0,"_uf_disable_surveys":false},"product_brand":[],"product_cat":[119,91],"product_tag":[],"class_list":{"0":"post-10452","1":"product","2":"type-product","3":"status-publish","4":"has-post-thumbnail","6":"product_cat-nostalgia","7":"product_cat-piprad","9":"first","10":"instock","11":"taxable","12":"shipping-taxable","13":"purchasable","14":"product-type-simple"},"aioseo_notices":[],"_links":{"self":[{"href":"https:\/\/vurtsid.ee\/en\/wp-json\/wp\/v2\/product\/10452","targetHints":{"allow":["GET"]}}],"collection":[{"href":"https:\/\/vurtsid.ee\/en\/wp-json\/wp\/v2\/product"}],"about":[{"href":"https:\/\/vurtsid.ee\/en\/wp-json\/wp\/v2\/types\/product"}],"version-history":[{"count":1,"href":"https:\/\/vurtsid.ee\/en\/wp-json\/wp\/v2\/product\/10452\/revisions"}],"predecessor-version":[{"id":29187,"href":"https:\/\/vurtsid.ee\/en\/wp-json\/wp\/v2\/product\/10452\/revisions\/29187"}],"wp:featuredmedia":[{"embeddable":true,"href":"https:\/\/vurtsid.ee\/en\/wp-json\/wp\/v2\/media\/29944"}],"wp:attachment":[{"href":"https:\/\/vurtsid.ee\/en\/wp-json\/wp\/v2\/media?parent=10452"}],"wp:term":[{"taxonomy":"product_brand","embeddable":true,"href":"https:\/\/vurtsid.ee\/en\/wp-json\/wp\/v2\/product_brand?post=10452"},{"taxonomy":"product_cat","embeddable":true,"href":"https:\/\/vurtsid.ee\/en\/wp-json\/wp\/v2\/product_cat?post=10452"},{"taxonomy":"product_tag","embeddable":true,"href":"https:\/\/vurtsid.ee\/en\/wp-json\/wp\/v2\/product_tag?post=10452"}],"curies":[{"name":"wp","href":"https:\/\/api.w.org\/{rel}","templated":true}]}}