{"id":10457,"date":"2023-04-25T06:37:52","date_gmt":"2023-04-25T06:37:52","guid":{"rendered":"https:\/\/vurtsid.ee\/?post_type=product&#038;p=10457"},"modified":"2026-03-22T12:06:47","modified_gmt":"2026-03-22T12:06:47","slug":"nelk-45g-2","status":"publish","type":"product","link":"https:\/\/vurtsid.ee\/en\/product\/nelk-45g-2\/","title":{"rendered":"Nelk 35g"},"content":{"rendered":"","protected":false},"excerpt":{"rendered":"<div class=\"woocommerce-product-details__short-description\">\n<p>Nelk on v\u00fcrtsinelgipuu kuivatatud \u00f5iepungad, mida lisatakse magusatele marinaadidele, jookidele, puuviljatoitudele ja v\u00fcrtsisegudele. Nelk sobib ka seaprae, m\u00f5nede kala- ja uluktoitude ning punase peakapsa maitsestamiseks.<\/p>\n<\/div>\n<div class=\"wd-shipping-progress-bar wd-style-bordered\">\n<div class=\"wd-progress-bar wd-free-progress-bar wd-progress-hide\">\n<div class=\"progress-msg\"><\/div>\n<\/div>\n<\/div>","protected":false},"featured_media":29931,"template":"","meta":{"_monsterinsights_skip_tracking":false,"_monsterinsights_sitenote_active":false,"_monsterinsights_sitenote_note":"","_monsterinsights_sitenote_category":0,"_uf_show_specific_survey":0,"_uf_disable_surveys":false},"product_brand":[],"product_cat":[119,94],"product_tag":[],"class_list":{"0":"post-10457","1":"product","2":"type-product","3":"status-publish","4":"has-post-thumbnail","6":"product_cat-nostalgia","7":"product_cat-puhtad-maitseained","9":"first","10":"outofstock","11":"taxable","12":"shipping-taxable","13":"purchasable","14":"product-type-simple"},"aioseo_notices":[],"_links":{"self":[{"href":"https:\/\/vurtsid.ee\/en\/wp-json\/wp\/v2\/product\/10457","targetHints":{"allow":["GET"]}}],"collection":[{"href":"https:\/\/vurtsid.ee\/en\/wp-json\/wp\/v2\/product"}],"about":[{"href":"https:\/\/vurtsid.ee\/en\/wp-json\/wp\/v2\/types\/product"}],"version-history":[{"count":1,"href":"https:\/\/vurtsid.ee\/en\/wp-json\/wp\/v2\/product\/10457\/revisions"}],"predecessor-version":[{"id":29189,"href":"https:\/\/vurtsid.ee\/en\/wp-json\/wp\/v2\/product\/10457\/revisions\/29189"}],"wp:featuredmedia":[{"embeddable":true,"href":"https:\/\/vurtsid.ee\/en\/wp-json\/wp\/v2\/media\/29931"}],"wp:attachment":[{"href":"https:\/\/vurtsid.ee\/en\/wp-json\/wp\/v2\/media?parent=10457"}],"wp:term":[{"taxonomy":"product_brand","embeddable":true,"href":"https:\/\/vurtsid.ee\/en\/wp-json\/wp\/v2\/product_brand?post=10457"},{"taxonomy":"product_cat","embeddable":true,"href":"https:\/\/vurtsid.ee\/en\/wp-json\/wp\/v2\/product_cat?post=10457"},{"taxonomy":"product_tag","embeddable":true,"href":"https:\/\/vurtsid.ee\/en\/wp-json\/wp\/v2\/product_tag?post=10457"}],"curies":[{"name":"wp","href":"https:\/\/api.w.org\/{rel}","templated":true}]}}