{"id":10461,"date":"2023-04-25T06:37:52","date_gmt":"2023-04-25T06:37:52","guid":{"rendered":"https:\/\/vurtsid.ee\/?post_type=product&#038;p=10461"},"modified":"2026-03-22T09:57:02","modified_gmt":"2026-03-22T09:57:02","slug":"nimeline-maitseaine-tops-2","status":"publish","type":"product","link":"https:\/\/vurtsid.ee\/en\/product\/nimeline-maitseaine-tops-2\/","title":{"rendered":"Beebi nimeline maitseaine tops"},"content":{"rendered":"<div class=\"short-description\">\n<p class=\"font-claude-response-body break-words whitespace-normal leading-[1.7]\">Maitseainesegu beebitoitudele on loodud spetsiaalselt beebide ja v\u00e4ikelaste esimeste roogade maitsestamiseks. Segus on omavahel segunenud erinevate aedviljade ja \u00fcrtide maitsed, mis annavad toidule meeldiva aroomi ilma tarbetute lisanditeta.<\/p>\n<p class=\"font-claude-response-body break-words whitespace-normal leading-[1.7]\">Maitseainesegu beebitoitudele ei sisalda E-aineid, soola, lisatud suhkruid ega pipraid, mist\u00f5ttu sobib ideaalselt v\u00e4ikelastele. Lisa v\u00e4ike kogus beebipudru, k\u00f6\u00f6giviljasuppi v\u00f5i lihasuppi ja lapse taldrik saab mitmek\u00fclgse loomuliku aroomi.<\/p>\n<p class=\"font-claude-response-body break-words whitespace-normal leading-[1.7]\">Koostisosad: porgand, pastinaak, punane paprika, roheline paprika, k\u00fc\u00fcslauk, tomat, petersell, sibul, till, kurkum, pune, t\u00fc\u00fcmian, basiilik.<\/p>\n<p class=\"font-claude-response-body break-words whitespace-normal leading-[1.7]\">K\u00f5ik koostisosad on naturaalsed ja ilma kunstlike lisaaineteta. Maitseainesegu beebitoitudele sobib igale lapsevanemale, kes soovib oma lapse toitu maitsestada looduslikult ja ohutult.<\/p>\n<\/div>\n","protected":false},"excerpt":{"rendered":"<p class=\"font-claude-response-body break-words whitespace-normal leading-[1.7]\">Uus ja ainulaadne v\u00f5imalus \u2014 telli oma lapse nimeline beebitoidu maitseainesegu!<\/p>\n<p class=\"font-claude-response-body break-words whitespace-normal leading-[1.7]\">Meie Beebi maitseainesegu on loodud just v\u00e4ikestele maitseseiklejatele \u2014 \u00f5rn, naturaalne ja hoolikalt valitud koostisosadega. Sobib ideaalselt beebitoitude maitsestamiseks.<\/p>\n<p class=\"font-claude-response-body break-words whitespace-normal leading-[1.7]\"><strong>Miks valida Beebimaitseainesegu?<\/strong><\/p>\n<ul class=\"[li_&amp;]:mb-0 [li_&amp;]:mt-1 [li_&amp;]:gap-1 [&amp;:not(:last-child)_ul]:pb-1 [&amp;:not(:last-child)_ol]:pb-1 list-disc flex flex-col gap-1 pl-8 mb-3\">\n<li class=\"whitespace-normal break-words pl-2\">\ud83c\udf3f Naturaalsed koostisosad<\/li>\n<li class=\"whitespace-normal break-words pl-2\">\ud83e\uddc2 Ilma lisatud soolata ja piprata<\/li>\n<li class=\"whitespace-normal break-words pl-2\">\ud83c\udf81 Personaalne \u2014 lapse nimega tops<\/li>\n<li class=\"whitespace-normal break-words pl-2\">\u2696\ufe0f 55g tops<\/li>\n<\/ul>\n<p class=\"font-claude-response-body break-words whitespace-normal leading-[1.7]\">Lisa enne maksmist lapse nimi tellimuse m\u00e4rkuste lahtrisse v\u00f5i saada nimi meile aadressile <a class=\"underline underline underline-offset-2 decoration-1 decoration-current\/40 hover:decoration-current focus:decoration-current\" href=\"mailto:info@vurtsid.ee\">info@vurtsid.ee<\/a><\/p>\n<h1 class=\"product_title entry-title wd-entities-title\"><\/h1>\n","protected":false},"featured_media":29901,"template":"","meta":{"_monsterinsights_skip_tracking":false,"_monsterinsights_sitenote_active":false,"_monsterinsights_sitenote_note":"","_monsterinsights_sitenote_category":0,"_uf_show_specific_survey":0,"_uf_disable_surveys":false},"product_brand":[],"product_cat":[110,86],"product_tag":[],"class_list":{"0":"post-10461","1":"product","2":"type-product","3":"status-publish","4":"has-post-thumbnail","6":"product_cat-lastele","7":"product_cat-maitseainesegud","8":"product_shipping_class-pakiautomaati","10":"first","11":"instock","12":"taxable","13":"shipping-taxable","14":"purchasable","15":"product-type-variable"},"aioseo_notices":[],"_links":{"self":[{"href":"https:\/\/vurtsid.ee\/en\/wp-json\/wp\/v2\/product\/10461","targetHints":{"allow":["GET"]}}],"collection":[{"href":"https:\/\/vurtsid.ee\/en\/wp-json\/wp\/v2\/product"}],"about":[{"href":"https:\/\/vurtsid.ee\/en\/wp-json\/wp\/v2\/types\/product"}],"version-history":[{"count":6,"href":"https:\/\/vurtsid.ee\/en\/wp-json\/wp\/v2\/product\/10461\/revisions"}],"predecessor-version":[{"id":29455,"href":"https:\/\/vurtsid.ee\/en\/wp-json\/wp\/v2\/product\/10461\/revisions\/29455"}],"wp:featuredmedia":[{"embeddable":true,"href":"https:\/\/vurtsid.ee\/en\/wp-json\/wp\/v2\/media\/29901"}],"wp:attachment":[{"href":"https:\/\/vurtsid.ee\/en\/wp-json\/wp\/v2\/media?parent=10461"}],"wp:term":[{"taxonomy":"product_brand","embeddable":true,"href":"https:\/\/vurtsid.ee\/en\/wp-json\/wp\/v2\/product_brand?post=10461"},{"taxonomy":"product_cat","embeddable":true,"href":"https:\/\/vurtsid.ee\/en\/wp-json\/wp\/v2\/product_cat?post=10461"},{"taxonomy":"product_tag","embeddable":true,"href":"https:\/\/vurtsid.ee\/en\/wp-json\/wp\/v2\/product_tag?post=10461"}],"curies":[{"name":"wp","href":"https:\/\/api.w.org\/{rel}","templated":true}]}}