{"id":10465,"date":"2023-04-25T06:37:52","date_gmt":"2023-04-25T06:37:52","guid":{"rendered":"https:\/\/vurtsid.ee\/?post_type=product&#038;p=10465"},"modified":"2026-03-22T12:06:25","modified_gmt":"2026-03-22T12:06:25","slug":"loorber-purustatud-2","status":"publish","type":"product","link":"https:\/\/vurtsid.ee\/en\/product\/loorber-purustatud-2\/","title":{"rendered":"Loorber- purustatud"},"content":{"rendered":"","protected":false},"excerpt":{"rendered":"<p>Loorber p\u00e4rineb Vahemeremaade idaosast ja V\u00e4ike-Aasiast. Loorber on v\u00e4ga aromaatse l\u00f5hnaga, kuna sisaldab eeterlike \u00f5lisid. Loorberit kasutatakse keedetud v\u00f5i hautatud liha, vorstitoitude, maksa, metsloomaliha, keedetud kala, kalakonservide, suppide, \u00fchepajatoitude, hautiste, marinaadide ja s\u00fcldi maitsestamiseks.<\/p>","protected":false},"featured_media":29947,"template":"","meta":{"_monsterinsights_skip_tracking":false,"_monsterinsights_sitenote_active":false,"_monsterinsights_sitenote_note":"","_monsterinsights_sitenote_category":0,"_uf_show_specific_survey":0,"_uf_disable_surveys":false},"product_brand":[],"product_cat":[119,94],"product_tag":[],"class_list":{"0":"post-10465","1":"product","2":"type-product","3":"status-publish","4":"has-post-thumbnail","6":"product_cat-nostalgia","7":"product_cat-puhtad-maitseained","9":"first","10":"instock","11":"taxable","12":"shipping-taxable","13":"purchasable","14":"product-type-simple"},"aioseo_notices":[],"_links":{"self":[{"href":"https:\/\/vurtsid.ee\/en\/wp-json\/wp\/v2\/product\/10465","targetHints":{"allow":["GET"]}}],"collection":[{"href":"https:\/\/vurtsid.ee\/en\/wp-json\/wp\/v2\/product"}],"about":[{"href":"https:\/\/vurtsid.ee\/en\/wp-json\/wp\/v2\/types\/product"}],"version-history":[{"count":1,"href":"https:\/\/vurtsid.ee\/en\/wp-json\/wp\/v2\/product\/10465\/revisions"}],"predecessor-version":[{"id":29193,"href":"https:\/\/vurtsid.ee\/en\/wp-json\/wp\/v2\/product\/10465\/revisions\/29193"}],"wp:featuredmedia":[{"embeddable":true,"href":"https:\/\/vurtsid.ee\/en\/wp-json\/wp\/v2\/media\/29947"}],"wp:attachment":[{"href":"https:\/\/vurtsid.ee\/en\/wp-json\/wp\/v2\/media?parent=10465"}],"wp:term":[{"taxonomy":"product_brand","embeddable":true,"href":"https:\/\/vurtsid.ee\/en\/wp-json\/wp\/v2\/product_brand?post=10465"},{"taxonomy":"product_cat","embeddable":true,"href":"https:\/\/vurtsid.ee\/en\/wp-json\/wp\/v2\/product_cat?post=10465"},{"taxonomy":"product_tag","embeddable":true,"href":"https:\/\/vurtsid.ee\/en\/wp-json\/wp\/v2\/product_tag?post=10465"}],"curies":[{"name":"wp","href":"https:\/\/api.w.org\/{rel}","templated":true}]}}