{"id":11234,"date":"2023-07-07T14:00:30","date_gmt":"2023-07-07T14:00:30","guid":{"rendered":"https:\/\/vurtsid.ee\/?post_type=product&#038;p=11234"},"modified":"2026-03-03T12:54:37","modified_gmt":"2026-03-03T12:54:37","slug":"paella-maitseainesegu-50g","status":"publish","type":"product","link":"https:\/\/vurtsid.ee\/en\/product\/paella-maitseainesegu-50g\/","title":{"rendered":"Paella maitseainesegu 50g"},"content":{"rendered":"<p><!--WPRM Recipe 15890--><\/p>\n<div class=\"wprm-fallback-recipe\">\n<h2 class=\"wprm-fallback-recipe-name\">Paella retsept<\/h2>\n<p>\t<img decoding=\"async\" class=\"wprm-fallback-recipe-image\" src=\"https:\/\/vurtsid.ee\/wp-content\/uploads\/2024\/04\/Paella-1-150x150.png\"\/>\t<\/p>\n<p class=\"wprm-fallback-recipe-summary\">\n<div class=\"wprm-fallback-recipe-equipment\">\n\t\t\t<\/div>\n<div class=\"wprm-fallback-recipe-ingredients\">\n\t\t\t<\/div>\n<div class=\"wprm-fallback-recipe-instructions\">\n\t\t\t<\/div>\n<div class=\"wprm-fallback-recipe-notes\">\n<div class=\"flex-1 overflow-hidden\">\n<div class=\"react-scroll-to-bottom--css-tdoih-79elbk h-full\">\n<div class=\"react-scroll-to-bottom--css-tdoih-1n7m0yu\">\n<div class=\"flex flex-col text-sm pb-9\">\n<div class=\"w-full text-token-text-primary\" data-testid=\"conversation-turn-11\">\n<div class=\"px-4 py-2 justify-center text-base md:gap-6 m-auto\">\n<div class=\"flex flex-1 text-base mx-auto gap-3 md:px-5 lg:px-1 xl:px-5 md:max-w-3xl lg:max-w-[40rem] xl:max-w-[48rem] group final-completion\">\n<div class=\"relative flex w-full flex-col agent-turn\">\n<div class=\"flex-col gap-1 md:gap-3\">\n<div class=\"flex flex-grow flex-col max-w-full\">\n<div class=\"min-h-[20px] text-message flex flex-col items-start gap-3 whitespace-pre-wrap break-words [.text-message+&amp;]:mt-5 overflow-x-auto\" data-message-author-role=\"assistant\" data-message-id=\"7a5b2fa7-b8ca-40e7-a104-62b78c309205\">\n<div class=\"markdown prose w-full break-words dark:prose-invert light\">\n<p><strong>Koostisosad:<\/strong><\/p>\n<ul>\n<li>400g paellariisi (bombat\u00fc\u00fcpi riis)<\/li>\n<li>400g mereande (nt krevetid, kalmare, v\u00e4hid)<\/li>\n<li>400g kanaliha v\u00f5i k\u00fc\u00fclikuliha (v\u00f5i m\u00f5lemat)<\/li>\n<li>1 sibul, hakitud<\/li>\n<li>4 k\u00fc\u00fcslauguk\u00fc\u00fcnt, purustatud<\/li>\n<li>1 punane paprika, t\u00fckeldatud<\/li>\n<li>1 tomat, t\u00fckeldatud<\/li>\n<li>1 liitrit kana- v\u00f5i k\u00f6\u00f6giviljapuljongit<\/li>\n<li>1 sidrun, viilutatud<\/li>\n<li>1\/4 tassi oliivi\u00f5li<\/li>\n<li>soola maitse j\u00e4rgi<\/li>\n<li>Paella maitseainesegu<\/li>\n<\/ul>\n<p><strong>Juhised:<\/strong><\/p>\n<ol>\n<li>Kuumuta oliivi\u00f5li suures pannis v\u00f5i s\u00fcgavas pannil keskmisel kuumusel. Lisa hakitud sibul ja k\u00fc\u00fcslauk ning hauta paar minutit kuni need on pehmed ja l\u00e4bipaistvad.<\/li>\n<li>Lisa kanaliha v\u00f5i k\u00fc\u00fclikuliha ja pruunista m\u00f5lemalt poolt paar minutit, seej\u00e4rel eemalda pannilt ja pane k\u00f5rvale.<\/li>\n<li>Lisa pannile t\u00fckeldatud paprika ja tomat ning hauta paar minutit, kuni need on pehmed.<\/li>\n<li>Lisa riis ja sega, kuni see on kaetud \u00f5liga ja saab veidi l\u00e4bipaistvaks.<\/li>\n<li>Vala puljong pannile ja lisa Paella maitseainesegu. Segage k\u00f5ik koostisosad h\u00e4sti l\u00e4bi.<\/li>\n<li>Lisa pruunistatud kanaliha v\u00f5i k\u00fc\u00fclikuliha ning mereannid (krevetid, kalmare, v\u00e4hid).<\/li>\n<li>Aseta pannile viilutatud sidruniviilud.<\/li>\n<li>Keeda paellat keskmisel kuumusel, katmata, umbes 20-25 minutit v\u00f5i kuni riis on pehme ja vedelik on imendunud.<\/li>\n<li>Eemalda pann tulelt ja lase paellal enne serveerimist paar minutit seista.<\/li>\n<li>Serveeri paella koos v\u00e4rske sidruniga viilutatud ja maitsesta soovi korral lisaks v\u00e4rskete \u00fcrtidega, nagu n\u00e4iteks hakitud petersell v\u00f5i t\u00fc\u00fcmian.<\/li>\n<\/ol>\n<p>See retsept annab sulle autentse Paella roa, mille maitse ja aroom on t\u00e4iuslikult tasakaalus. Naudi seda koos pere v\u00f5i s\u00f5pradega!<\/p>\n<\/div>\n<\/div>\n<\/div>\n<div class=\"mt-1 flex justify-start gap-3 empty:hidden\">\n<div class=\"text-gray-400 flex self-end lg:self-center items-center justify-center lg:justify-start mt-0 -ml-1 h-7 gap-[2px] visible\">\n<p>\u00a0<\/p>\n<div class=\"flex items-center gap-1.5 text-xs\">\u00a0<\/div>\n<div class=\"flex\">\u00a0<\/div>\n<\/div>\n<\/div>\n<div class=\"pr-2 lg:pr-0\">\u00a0<\/div>\n<\/div>\n<div class=\"absolute\">\n<div class=\"flex w-full gap-2 items-center justify-center\">\u00a0<\/div>\n<\/div>\n<\/div>\n<\/div>\n<\/div>\n<\/div>\n<\/div>\n<\/div>\n<\/div>\n<\/div>\n<div class=\"w-full pt-2 md:pt-0 dark:border-white\/20 md:border-transparent md:dark:border-transparent md:w-[calc(100%-.5rem)]\">\n<div class=\"relative flex h-full flex-1 flex-col\">\n<div class=\"absolute bottom-full left-0 right-0\">\u00a0<\/div>\n<div class=\"flex w-full items-center\">\u00a0<\/div>\n<\/div>\n<\/div><\/div>\n<div class=\"wprm-fallback-recipe-meta\">\n<div class=\"wprm-fallback-recipe-meta-course\">Riisitoidud<\/div>\n<div class=\"wprm-fallback-recipe-meta-cuisine\">Hispaania<\/div>\n<\/p><\/div>\n<\/div>\n<p><!--End WPRM Recipe--><\/p>\n","protected":false},"excerpt":{"rendered":"<p>Paella maitseainesegu viib teid Hispaania rannikule kuldse p\u00e4ikese, kohiseva ookeani ja mereandide maailma ning pakub Hispaania k\u00f6\u00f6gi s\u00e4rtsakust. Sobib peale paella suurep\u00e4raselt ka mereandide, k\u00f6\u00f6givilja ja kana maitsestamiseks.<\/p>\n<p>Koostisosad: suitsupaprika, kurkum, t\u0161illi, pune, safran<\/p>","protected":false},"featured_media":0,"template":"","meta":{"_monsterinsights_skip_tracking":false,"_monsterinsights_sitenote_active":false,"_monsterinsights_sitenote_note":"","_monsterinsights_sitenote_category":0,"_uf_show_specific_survey":0,"_uf_disable_surveys":false},"product_brand":[],"product_cat":[122,89,86,118,123,100],"product_tag":[],"class_list":{"0":"post-11234","1":"product","2":"type-product","3":"status-publish","5":"product_cat-hispaania","6":"product_cat-linnulihale","7":"product_cat-maitseainesegud","8":"product_cat-mereannid","9":"product_cat-paella","10":"product_cat-taimetoidud","12":"first","13":"instock","14":"taxable","15":"shipping-taxable","16":"purchasable","17":"product-type-simple"},"aioseo_notices":[],"_links":{"self":[{"href":"https:\/\/vurtsid.ee\/en\/wp-json\/wp\/v2\/product\/11234","targetHints":{"allow":["GET"]}}],"collection":[{"href":"https:\/\/vurtsid.ee\/en\/wp-json\/wp\/v2\/product"}],"about":[{"href":"https:\/\/vurtsid.ee\/en\/wp-json\/wp\/v2\/types\/product"}],"version-history":[{"count":1,"href":"https:\/\/vurtsid.ee\/en\/wp-json\/wp\/v2\/product\/11234\/revisions"}],"predecessor-version":[{"id":29197,"href":"https:\/\/vurtsid.ee\/en\/wp-json\/wp\/v2\/product\/11234\/revisions\/29197"}],"wp:attachment":[{"href":"https:\/\/vurtsid.ee\/en\/wp-json\/wp\/v2\/media?parent=11234"}],"wp:term":[{"taxonomy":"product_brand","embeddable":true,"href":"https:\/\/vurtsid.ee\/en\/wp-json\/wp\/v2\/product_brand?post=11234"},{"taxonomy":"product_cat","embeddable":true,"href":"https:\/\/vurtsid.ee\/en\/wp-json\/wp\/v2\/product_cat?post=11234"},{"taxonomy":"product_tag","embeddable":true,"href":"https:\/\/vurtsid.ee\/en\/wp-json\/wp\/v2\/product_tag?post=11234"}],"curies":[{"name":"wp","href":"https:\/\/api.w.org\/{rel}","templated":true}]}}