{"id":11414,"date":"2023-10-07T09:59:24","date_gmt":"2023-10-07T09:59:24","guid":{"rendered":"https:\/\/vurtsid.ee\/?post_type=product&#038;p=11414"},"modified":"2026-03-22T12:05:48","modified_gmt":"2026-03-22T12:05:48","slug":"koogile","status":"publish","type":"product","link":"https:\/\/vurtsid.ee\/en\/product\/koogile\/","title":{"rendered":"Koogile"},"content":{"rendered":"","protected":false},"excerpt":{"rendered":"<div class=\"short-description\">Maitseainesegu kookidele 50g<\/div>\n<div class=\"short-description\">Maitseainesegu on m\u00f5eldud erinevate kookide ja magustoitude maitsestamiseks. V\u00e4ga h\u00e4sti sobib kasutada \u00f5una-, k\u00f5rvitsa-, porgandikookide, kringlite ja teiste k\u00fcpsetiste maitsestamisel.<\/div>\n<div class=\"short-description\">Koostisosad: kaneel, koriander, ingver, muskaat, nelk.<\/div>","protected":false},"featured_media":29930,"template":"","meta":{"_monsterinsights_skip_tracking":false,"_monsterinsights_sitenote_active":false,"_monsterinsights_sitenote_note":"","_monsterinsights_sitenote_category":0,"_uf_show_specific_survey":0,"_uf_disable_surveys":false},"product_brand":[],"product_cat":[93,86,119],"product_tag":[],"class_list":{"0":"post-11414","1":"product","2":"type-product","3":"status-publish","4":"has-post-thumbnail","6":"product_cat-magustoidud","7":"product_cat-maitseainesegud","8":"product_cat-nostalgia","10":"first","11":"instock","12":"taxable","13":"shipping-taxable","14":"purchasable","15":"product-type-simple"},"aioseo_notices":[],"_links":{"self":[{"href":"https:\/\/vurtsid.ee\/en\/wp-json\/wp\/v2\/product\/11414","targetHints":{"allow":["GET"]}}],"collection":[{"href":"https:\/\/vurtsid.ee\/en\/wp-json\/wp\/v2\/product"}],"about":[{"href":"https:\/\/vurtsid.ee\/en\/wp-json\/wp\/v2\/types\/product"}],"version-history":[{"count":1,"href":"https:\/\/vurtsid.ee\/en\/wp-json\/wp\/v2\/product\/11414\/revisions"}],"predecessor-version":[{"id":29200,"href":"https:\/\/vurtsid.ee\/en\/wp-json\/wp\/v2\/product\/11414\/revisions\/29200"}],"wp:featuredmedia":[{"embeddable":true,"href":"https:\/\/vurtsid.ee\/en\/wp-json\/wp\/v2\/media\/29930"}],"wp:attachment":[{"href":"https:\/\/vurtsid.ee\/en\/wp-json\/wp\/v2\/media?parent=11414"}],"wp:term":[{"taxonomy":"product_brand","embeddable":true,"href":"https:\/\/vurtsid.ee\/en\/wp-json\/wp\/v2\/product_brand?post=11414"},{"taxonomy":"product_cat","embeddable":true,"href":"https:\/\/vurtsid.ee\/en\/wp-json\/wp\/v2\/product_cat?post=11414"},{"taxonomy":"product_tag","embeddable":true,"href":"https:\/\/vurtsid.ee\/en\/wp-json\/wp\/v2\/product_tag?post=11414"}],"curies":[{"name":"wp","href":"https:\/\/api.w.org\/{rel}","templated":true}]}}