{"id":11734,"date":"2024-02-13T17:06:59","date_gmt":"2024-02-13T17:06:59","guid":{"rendered":"https:\/\/vurtsid.ee\/?post_type=product&#038;p=11734"},"modified":"2026-03-22T10:56:28","modified_gmt":"2026-03-22T10:56:28","slug":"valge-terapipar-100g","status":"publish","type":"product","link":"https:\/\/vurtsid.ee\/en\/product\/valge-terapipar-100g\/","title":{"rendered":"Valge terapipar 100g"},"content":{"rendered":"<ul>\n<li><strong>P\u00e4ritolu:<\/strong> Valge pipar p\u00e4rineb samast taime seemnest nagu must pipar (Piper nigrum). Erinevus seisneb valmimisastmes ja t\u00f6\u00f6tlemisel.<\/li>\n<li><strong>V\u00e4limus:<\/strong> Valge pipar on valge v\u00f5i kollakas, kuna see on valminud t\u00e4ielikult ja eemaldatud v\u00e4liskest.<\/li>\n<li><strong>Maitse:<\/strong> Sellel on mahedam maitse v\u00f5rreldes musta pipraga. Valge pipar s\u00e4ilitab pipra iseloomuliku v\u00fcrtsika ja kergelt terava maitse, kuid on natuke subtiilsem.<\/li>\n<li><strong>Kasutamine:<\/strong> Valget pipart kasutatakse laialdaselt toiduvalmistamisel, eriti roogades, kus soovitakse saavutada pipra maitset ilma musta pipra intensiivsema v\u00fcrtsikuseta. Seda lisatakse sageli kastmetesse, supidesse, liha- ja kalatoitudesse ning erinevatesse maitserohelistesse.<\/li>\n<li><strong>Tervis:<\/strong> Nagu must pipar, v\u00f5ib ka valge pipar omada antioks\u00fcdantseid ja p\u00f5letikuvastaseid omadusi, kuid tervisem\u00f5jud v\u00f5ivad varieeruda s\u00f5ltuvalt tarbimise hulgast.<\/li>\n<\/ul>","protected":false},"excerpt":{"rendered":"<p>P\u00e4ritolu: Valge pipar p\u00e4rineb samast taime seemnest nagu must pipar (Piper nigrum). Erinevus seisneb valmimisastmes ja t\u00f6\u00f6tlemisel. V\u00e4limus: Valge pipar<\/p>","protected":false},"featured_media":29338,"template":"","meta":{"_monsterinsights_skip_tracking":false,"_monsterinsights_sitenote_active":false,"_monsterinsights_sitenote_note":"","_monsterinsights_sitenote_category":0,"_uf_show_specific_survey":0,"_uf_disable_surveys":false},"product_brand":[],"product_cat":[91,94],"product_tag":[],"class_list":{"0":"post-11734","1":"product","2":"type-product","3":"status-publish","4":"has-post-thumbnail","6":"product_cat-piprad","7":"product_cat-puhtad-maitseained","9":"first","10":"outofstock","11":"taxable","12":"shipping-taxable","13":"purchasable","14":"product-type-simple"},"aioseo_notices":[],"_links":{"self":[{"href":"https:\/\/vurtsid.ee\/en\/wp-json\/wp\/v2\/product\/11734","targetHints":{"allow":["GET"]}}],"collection":[{"href":"https:\/\/vurtsid.ee\/en\/wp-json\/wp\/v2\/product"}],"about":[{"href":"https:\/\/vurtsid.ee\/en\/wp-json\/wp\/v2\/types\/product"}],"version-history":[{"count":2,"href":"https:\/\/vurtsid.ee\/en\/wp-json\/wp\/v2\/product\/11734\/revisions"}],"predecessor-version":[{"id":29916,"href":"https:\/\/vurtsid.ee\/en\/wp-json\/wp\/v2\/product\/11734\/revisions\/29916"}],"wp:featuredmedia":[{"embeddable":true,"href":"https:\/\/vurtsid.ee\/en\/wp-json\/wp\/v2\/media\/29338"}],"wp:attachment":[{"href":"https:\/\/vurtsid.ee\/en\/wp-json\/wp\/v2\/media?parent=11734"}],"wp:term":[{"taxonomy":"product_brand","embeddable":true,"href":"https:\/\/vurtsid.ee\/en\/wp-json\/wp\/v2\/product_brand?post=11734"},{"taxonomy":"product_cat","embeddable":true,"href":"https:\/\/vurtsid.ee\/en\/wp-json\/wp\/v2\/product_cat?post=11734"},{"taxonomy":"product_tag","embeddable":true,"href":"https:\/\/vurtsid.ee\/en\/wp-json\/wp\/v2\/product_tag?post=11734"}],"curies":[{"name":"wp","href":"https:\/\/api.w.org\/{rel}","templated":true}]}}