{"id":11751,"date":"2024-02-15T12:51:24","date_gmt":"2024-02-15T12:51:24","guid":{"rendered":"https:\/\/vurtsid.ee\/?post_type=product&#038;p=11751"},"modified":"2026-03-03T18:50:41","modified_gmt":"2026-03-03T18:50:41","slug":"maitseainesegu-beebitoitudele-250g","status":"publish","type":"product","link":"https:\/\/vurtsid.ee\/en\/product\/maitseainesegu-beebitoitudele-250g\/","title":{"rendered":"Maitseainesegu beebitoitudele 250g"},"content":{"rendered":"","protected":false},"excerpt":{"rendered":"<div class=\"short-description\">Maitseainesegu on m\u00f5eldud beebide ja v\u00e4ikelaste roogade maitsestamiseks. Segus on omavahel segunenud erinevate aedviljade ja \u00fcrtide maitsed, mis annavad toidule meeldiva aroomi. Maitseainesegu ei sisalda E-aineid, soola, suhkruid ega ka pipraid.<\/div>\n<div class=\"short-description\">Koostisosad: porgand, pastinaak, punane paprika, roheline paprika, k\u00fc\u00fcslauk, tomat, petersell, sibul, till, kurkum, pune, t\u00fc\u00fcmian, basiilik<\/div>","protected":false},"featured_media":29350,"template":"","meta":{"_monsterinsights_skip_tracking":false,"_monsterinsights_sitenote_active":false,"_monsterinsights_sitenote_note":"","_monsterinsights_sitenote_category":0,"_uf_show_specific_survey":0,"_uf_disable_surveys":false},"product_brand":[],"product_cat":[110,86,116],"product_tag":[],"class_list":{"0":"post-11751","1":"product","2":"type-product","3":"status-publish","4":"has-post-thumbnail","6":"product_cat-lastele","7":"product_cat-maitseainesegud","8":"product_cat-osta-suurelt","10":"first","11":"instock","12":"taxable","13":"shipping-taxable","14":"purchasable","15":"product-type-simple"},"aioseo_notices":[],"_links":{"self":[{"href":"https:\/\/vurtsid.ee\/en\/wp-json\/wp\/v2\/product\/11751","targetHints":{"allow":["GET"]}}],"collection":[{"href":"https:\/\/vurtsid.ee\/en\/wp-json\/wp\/v2\/product"}],"about":[{"href":"https:\/\/vurtsid.ee\/en\/wp-json\/wp\/v2\/types\/product"}],"version-history":[{"count":2,"href":"https:\/\/vurtsid.ee\/en\/wp-json\/wp\/v2\/product\/11751\/revisions"}],"predecessor-version":[{"id":29412,"href":"https:\/\/vurtsid.ee\/en\/wp-json\/wp\/v2\/product\/11751\/revisions\/29412"}],"wp:featuredmedia":[{"embeddable":true,"href":"https:\/\/vurtsid.ee\/en\/wp-json\/wp\/v2\/media\/29350"}],"wp:attachment":[{"href":"https:\/\/vurtsid.ee\/en\/wp-json\/wp\/v2\/media?parent=11751"}],"wp:term":[{"taxonomy":"product_brand","embeddable":true,"href":"https:\/\/vurtsid.ee\/en\/wp-json\/wp\/v2\/product_brand?post=11751"},{"taxonomy":"product_cat","embeddable":true,"href":"https:\/\/vurtsid.ee\/en\/wp-json\/wp\/v2\/product_cat?post=11751"},{"taxonomy":"product_tag","embeddable":true,"href":"https:\/\/vurtsid.ee\/en\/wp-json\/wp\/v2\/product_tag?post=11751"}],"curies":[{"name":"wp","href":"https:\/\/api.w.org\/{rel}","templated":true}]}}