{"id":16434,"date":"2024-10-25T04:02:56","date_gmt":"2024-10-25T04:02:56","guid":{"rendered":"https:\/\/vurtsid.ee\/?post_type=product&#038;p=16434"},"modified":"2026-03-11T05:20:47","modified_gmt":"2026-03-11T05:20:47","slug":"kebabi-maitseainesegu-50g-2","status":"publish","type":"product","link":"https:\/\/vurtsid.ee\/en\/product\/kebabi-maitseainesegu-50g-2\/","title":{"rendered":"Kebabi maitseainesegu 50g"},"content":{"rendered":"","protected":false},"excerpt":{"rendered":"<p>Kebabi maitseainesegu viib teid r\u00e4nnakule L\u00e4his-Itta, pakkudes huvitavaid ja h\u00f5rgutavaid elamusi. Sobib peale kebabi ja kebabikastme suurep\u00e4raselt ka praekana ja marinaadi valmistamiseks. Koostisosad: paprika, v\u00fcrtsk\u00f6\u00f6mned, meresool (15%), must pipar, koriander, k\u00fc\u00fcslauk, kurkum, kaneel, m\u00fcnt.<\/p>","protected":false},"featured_media":29371,"template":"","meta":{"_monsterinsights_skip_tracking":false,"_monsterinsights_sitenote_active":false,"_monsterinsights_sitenote_note":"","_monsterinsights_sitenote_category":0,"_uf_show_specific_survey":0,"_uf_disable_surveys":false},"product_brand":[],"product_cat":[125,104,89,87,86],"product_tag":[],"class_list":{"0":"post-16434","1":"product","2":"type-product","3":"status-publish","4":"has-post-thumbnail","6":"product_cat-lahis-ida","7":"product_cat-lihatoidud","8":"product_cat-linnulihale","9":"product_cat-maailma-maitsed","10":"product_cat-maitseainesegud","12":"first","13":"instock","14":"sale","15":"taxable","16":"shipping-taxable","17":"purchasable","18":"product-type-simple"},"aioseo_notices":[],"_links":{"self":[{"href":"https:\/\/vurtsid.ee\/en\/wp-json\/wp\/v2\/product\/16434","targetHints":{"allow":["GET"]}}],"collection":[{"href":"https:\/\/vurtsid.ee\/en\/wp-json\/wp\/v2\/product"}],"about":[{"href":"https:\/\/vurtsid.ee\/en\/wp-json\/wp\/v2\/types\/product"}],"version-history":[{"count":1,"href":"https:\/\/vurtsid.ee\/en\/wp-json\/wp\/v2\/product\/16434\/revisions"}],"predecessor-version":[{"id":29207,"href":"https:\/\/vurtsid.ee\/en\/wp-json\/wp\/v2\/product\/16434\/revisions\/29207"}],"wp:featuredmedia":[{"embeddable":true,"href":"https:\/\/vurtsid.ee\/en\/wp-json\/wp\/v2\/media\/29371"}],"wp:attachment":[{"href":"https:\/\/vurtsid.ee\/en\/wp-json\/wp\/v2\/media?parent=16434"}],"wp:term":[{"taxonomy":"product_brand","embeddable":true,"href":"https:\/\/vurtsid.ee\/en\/wp-json\/wp\/v2\/product_brand?post=16434"},{"taxonomy":"product_cat","embeddable":true,"href":"https:\/\/vurtsid.ee\/en\/wp-json\/wp\/v2\/product_cat?post=16434"},{"taxonomy":"product_tag","embeddable":true,"href":"https:\/\/vurtsid.ee\/en\/wp-json\/wp\/v2\/product_tag?post=16434"}],"curies":[{"name":"wp","href":"https:\/\/api.w.org\/{rel}","templated":true}]}}