{"id":16541,"date":"2024-11-04T18:43:04","date_gmt":"2024-11-04T18:43:04","guid":{"rendered":"https:\/\/vurtsid.ee\/?post_type=product&#038;p=16541"},"modified":"2026-03-15T07:25:18","modified_gmt":"2026-03-15T07:25:18","slug":"mehhiko-pada","status":"publish","type":"product","link":"https:\/\/vurtsid.ee\/en\/product\/mehhiko-pada\/","title":{"rendered":"Mehhiko pada"},"content":{"rendered":"<p>Koostisosad: riis, tomatihelbed, punane paprika, meresool, r\u00f6stitud sibul, taco maitseainesegu, sibul, kartulit\u00e4rklis, roheline paprika, k\u00fc\u00fcslauk, pruun suhkur, petersell, kurkum<\/p>","protected":false},"excerpt":{"rendered":"<p>1. Pane potti keema 700 milliliitrit vett.<\/p>\n<p>2. Pruunista pannil 400 grammi hakkliha (\u00e4ra maitsesta).<\/p>\n<p>3. Kui vesi on keema t\u00f5usnud, vala potti pruunistatud hakkliha ja segades paki sisu.<\/p>\n<p>4. Keeda 20 minutit vaiksel tulel.<\/p>\n<p>5. Enne serveerimist lase toidul 10 minutit kaane all seista.<\/p>","protected":false},"featured_media":29841,"template":"","meta":{"_monsterinsights_skip_tracking":false,"_monsterinsights_sitenote_active":false,"_monsterinsights_sitenote_note":"","_monsterinsights_sitenote_category":0,"_uf_show_specific_survey":0,"_uf_disable_surveys":false},"product_brand":[],"product_cat":[106,126],"product_tag":[],"class_list":{"0":"post-16541","1":"product","2":"type-product","3":"status-publish","4":"has-post-thumbnail","6":"product_cat-mehhiko","7":"product_cat-pajaroad","9":"first","10":"outofstock","11":"taxable","12":"shipping-taxable","13":"purchasable","14":"product-type-simple"},"aioseo_notices":[],"_links":{"self":[{"href":"https:\/\/vurtsid.ee\/en\/wp-json\/wp\/v2\/product\/16541","targetHints":{"allow":["GET"]}}],"collection":[{"href":"https:\/\/vurtsid.ee\/en\/wp-json\/wp\/v2\/product"}],"about":[{"href":"https:\/\/vurtsid.ee\/en\/wp-json\/wp\/v2\/types\/product"}],"version-history":[{"count":1,"href":"https:\/\/vurtsid.ee\/en\/wp-json\/wp\/v2\/product\/16541\/revisions"}],"predecessor-version":[{"id":29208,"href":"https:\/\/vurtsid.ee\/en\/wp-json\/wp\/v2\/product\/16541\/revisions\/29208"}],"wp:featuredmedia":[{"embeddable":true,"href":"https:\/\/vurtsid.ee\/en\/wp-json\/wp\/v2\/media\/29841"}],"wp:attachment":[{"href":"https:\/\/vurtsid.ee\/en\/wp-json\/wp\/v2\/media?parent=16541"}],"wp:term":[{"taxonomy":"product_brand","embeddable":true,"href":"https:\/\/vurtsid.ee\/en\/wp-json\/wp\/v2\/product_brand?post=16541"},{"taxonomy":"product_cat","embeddable":true,"href":"https:\/\/vurtsid.ee\/en\/wp-json\/wp\/v2\/product_cat?post=16541"},{"taxonomy":"product_tag","embeddable":true,"href":"https:\/\/vurtsid.ee\/en\/wp-json\/wp\/v2\/product_tag?post=16541"}],"curies":[{"name":"wp","href":"https:\/\/api.w.org\/{rel}","templated":true}]}}