{"id":16716,"date":"2024-11-27T19:43:53","date_gmt":"2024-11-27T19:43:53","guid":{"rendered":"https:\/\/vurtsid.ee\/?post_type=product&#038;p=16716"},"modified":"2026-03-03T18:32:52","modified_gmt":"2026-03-03T18:32:52","slug":"glogi-maitseainesegu","status":"publish","type":"product","link":"https:\/\/vurtsid.ee\/en\/product\/glogi-maitseainesegu\/","title":{"rendered":"Gl\u00f6gi maitseainesegu"},"content":{"rendered":"","protected":false},"excerpt":{"rendered":"<p>Lisage 1 liitrile \u00f5unamahlale v\u00f5i punasele veinile pakk h\u00f5\u00f5gveinisegu, kuumutage\u00a0 80 kraadini, laske sel siis kaane all k\u00fcmmekond minutit t\u00f5mmata ja kurnake.<\/p>\n<p>Koostisosad: kardemon, rosin, aniis, nelk, ingver, kaneelikoor, apelsin.<\/p>","protected":false},"featured_media":29357,"template":"","meta":{"_monsterinsights_skip_tracking":false,"_monsterinsights_sitenote_active":false,"_monsterinsights_sitenote_note":"","_monsterinsights_sitenote_category":0,"_uf_show_specific_survey":0,"_uf_disable_surveys":false},"product_brand":[],"product_cat":[86],"product_tag":[],"class_list":{"0":"post-16716","1":"product","2":"type-product","3":"status-publish","4":"has-post-thumbnail","6":"product_cat-maitseainesegud","8":"first","9":"instock","10":"taxable","11":"shipping-taxable","12":"purchasable","13":"product-type-simple"},"aioseo_notices":[],"_links":{"self":[{"href":"https:\/\/vurtsid.ee\/en\/wp-json\/wp\/v2\/product\/16716","targetHints":{"allow":["GET"]}}],"collection":[{"href":"https:\/\/vurtsid.ee\/en\/wp-json\/wp\/v2\/product"}],"about":[{"href":"https:\/\/vurtsid.ee\/en\/wp-json\/wp\/v2\/types\/product"}],"version-history":[{"count":1,"href":"https:\/\/vurtsid.ee\/en\/wp-json\/wp\/v2\/product\/16716\/revisions"}],"predecessor-version":[{"id":29209,"href":"https:\/\/vurtsid.ee\/en\/wp-json\/wp\/v2\/product\/16716\/revisions\/29209"}],"wp:featuredmedia":[{"embeddable":true,"href":"https:\/\/vurtsid.ee\/en\/wp-json\/wp\/v2\/media\/29357"}],"wp:attachment":[{"href":"https:\/\/vurtsid.ee\/en\/wp-json\/wp\/v2\/media?parent=16716"}],"wp:term":[{"taxonomy":"product_brand","embeddable":true,"href":"https:\/\/vurtsid.ee\/en\/wp-json\/wp\/v2\/product_brand?post=16716"},{"taxonomy":"product_cat","embeddable":true,"href":"https:\/\/vurtsid.ee\/en\/wp-json\/wp\/v2\/product_cat?post=16716"},{"taxonomy":"product_tag","embeddable":true,"href":"https:\/\/vurtsid.ee\/en\/wp-json\/wp\/v2\/product_tag?post=16716"}],"curies":[{"name":"wp","href":"https:\/\/api.w.org\/{rel}","templated":true}]}}