{"id":16773,"date":"2024-12-16T12:00:05","date_gmt":"2024-12-16T12:00:05","guid":{"rendered":"https:\/\/vurtsid.ee\/?post_type=product&#038;p=16773"},"modified":"2026-03-03T12:54:45","modified_gmt":"2026-03-03T12:54:45","slug":"vurtskoomned-jahvatatud-45g","status":"publish","type":"product","link":"https:\/\/vurtsid.ee\/en\/product\/vurtskoomned-jahvatatud-45g\/","title":{"rendered":"V\u00fcrtsk\u00f6\u00f6mned jahvatatud 45g"},"content":{"rendered":"","protected":false},"excerpt":{"rendered":"<p>V\u00fcrtsk\u00f6\u00f6mned on p\u00f5hiliseks maitseaineks India, Araabia ja Mehhiko k\u00f6\u00f6gis. Kasutatakse lamba-, sea-, broileri-, kala-, v\u00e4hiliste- ja erinevate taimetoitude maitsestamiseks.<\/p>","protected":false},"featured_media":0,"template":"","meta":{"_monsterinsights_skip_tracking":false,"_monsterinsights_sitenote_active":false,"_monsterinsights_sitenote_note":"","_monsterinsights_sitenote_category":0,"_uf_show_specific_survey":0,"_uf_disable_surveys":false},"product_brand":[],"product_cat":[94],"product_tag":[],"class_list":{"0":"post-16773","1":"product","2":"type-product","3":"status-publish","5":"product_cat-puhtad-maitseained","7":"first","8":"instock","9":"taxable","10":"shipping-taxable","11":"purchasable","12":"product-type-simple"},"aioseo_notices":[],"_links":{"self":[{"href":"https:\/\/vurtsid.ee\/en\/wp-json\/wp\/v2\/product\/16773","targetHints":{"allow":["GET"]}}],"collection":[{"href":"https:\/\/vurtsid.ee\/en\/wp-json\/wp\/v2\/product"}],"about":[{"href":"https:\/\/vurtsid.ee\/en\/wp-json\/wp\/v2\/types\/product"}],"version-history":[{"count":1,"href":"https:\/\/vurtsid.ee\/en\/wp-json\/wp\/v2\/product\/16773\/revisions"}],"predecessor-version":[{"id":29211,"href":"https:\/\/vurtsid.ee\/en\/wp-json\/wp\/v2\/product\/16773\/revisions\/29211"}],"wp:attachment":[{"href":"https:\/\/vurtsid.ee\/en\/wp-json\/wp\/v2\/media?parent=16773"}],"wp:term":[{"taxonomy":"product_brand","embeddable":true,"href":"https:\/\/vurtsid.ee\/en\/wp-json\/wp\/v2\/product_brand?post=16773"},{"taxonomy":"product_cat","embeddable":true,"href":"https:\/\/vurtsid.ee\/en\/wp-json\/wp\/v2\/product_cat?post=16773"},{"taxonomy":"product_tag","embeddable":true,"href":"https:\/\/vurtsid.ee\/en\/wp-json\/wp\/v2\/product_tag?post=16773"}],"curies":[{"name":"wp","href":"https:\/\/api.w.org\/{rel}","templated":true}]}}