{"id":17019,"date":"2025-04-21T09:37:50","date_gmt":"2025-04-21T09:37:50","guid":{"rendered":"https:\/\/vurtsid.ee\/?post_type=product&#038;p=17019"},"modified":"2026-03-12T04:23:06","modified_gmt":"2026-03-12T04:23:06","slug":"bruschetta-urdisegu-50g","status":"publish","type":"product","link":"https:\/\/vurtsid.ee\/en\/product\/bruschetta-urdisegu-50g\/","title":{"rendered":"Bruschetta \u00fcrdisegu 50g"},"content":{"rendered":"","protected":false},"excerpt":{"rendered":"<p>See segu sobib nii baguette ja ciabatta maitsestamiseks kui ka dipikastmeks. Segage 3 spl Bruschetta maitseainesegu 6 spl oliivi\u00f5liga. Laske 3 minutit seista. M\u00e4\u00e4rige segu k\u00fcpsetatud kr\u00f5beda koorega Itaalia baguette&#8217;ile v\u00f5i ciabattale. V\u00f5id kasutada ka dipikastmena.<\/p>\n<p>Koostisosad: Tomat, k\u00fc\u00fcslauk, basiilik, paprika, pune ja sool (5%)<\/p>","protected":false},"featured_media":29408,"template":"","meta":{"_monsterinsights_skip_tracking":false,"_monsterinsights_sitenote_active":false,"_monsterinsights_sitenote_note":"","_monsterinsights_sitenote_category":0,"_uf_show_specific_survey":0,"_uf_disable_surveys":false},"product_brand":[],"product_cat":[128,87,86,100],"product_tag":[129],"class_list":{"0":"post-17019","1":"product","2":"type-product","3":"status-publish","4":"has-post-thumbnail","6":"product_cat-itaalja","7":"product_cat-maailma-maitsed","8":"product_cat-maitseainesegud","9":"product_cat-taimetoidud","10":"product_tag-itaalja","12":"first","13":"instock","14":"sale","15":"taxable","16":"shipping-taxable","17":"purchasable","18":"product-type-simple"},"aioseo_notices":[],"_links":{"self":[{"href":"https:\/\/vurtsid.ee\/en\/wp-json\/wp\/v2\/product\/17019","targetHints":{"allow":["GET"]}}],"collection":[{"href":"https:\/\/vurtsid.ee\/en\/wp-json\/wp\/v2\/product"}],"about":[{"href":"https:\/\/vurtsid.ee\/en\/wp-json\/wp\/v2\/types\/product"}],"version-history":[{"count":1,"href":"https:\/\/vurtsid.ee\/en\/wp-json\/wp\/v2\/product\/17019\/revisions"}],"predecessor-version":[{"id":29212,"href":"https:\/\/vurtsid.ee\/en\/wp-json\/wp\/v2\/product\/17019\/revisions\/29212"}],"wp:featuredmedia":[{"embeddable":true,"href":"https:\/\/vurtsid.ee\/en\/wp-json\/wp\/v2\/media\/29408"}],"wp:attachment":[{"href":"https:\/\/vurtsid.ee\/en\/wp-json\/wp\/v2\/media?parent=17019"}],"wp:term":[{"taxonomy":"product_brand","embeddable":true,"href":"https:\/\/vurtsid.ee\/en\/wp-json\/wp\/v2\/product_brand?post=17019"},{"taxonomy":"product_cat","embeddable":true,"href":"https:\/\/vurtsid.ee\/en\/wp-json\/wp\/v2\/product_cat?post=17019"},{"taxonomy":"product_tag","embeddable":true,"href":"https:\/\/vurtsid.ee\/en\/wp-json\/wp\/v2\/product_tag?post=17019"}],"curies":[{"name":"wp","href":"https:\/\/api.w.org\/{rel}","templated":true}]}}