{"id":9615,"date":"2023-04-25T06:31:02","date_gmt":"2023-04-25T06:31:02","guid":{"rendered":"https:\/\/vurtsid.ee\/?post_type=product&#038;p=9615"},"modified":"2026-03-22T11:15:52","modified_gmt":"2026-03-22T11:15:52","slug":"tsilli-helbed-45g","status":"publish","type":"product","link":"https:\/\/vurtsid.ee\/en\/product\/tsilli-helbed-45g\/","title":{"rendered":"T\u0161illihelbed 45g"},"content":{"rendered":"","protected":false},"excerpt":{"rendered":"<p class=\"elementtoproof\" style=\"margin-bottom: 7.95pt; line-height: 107%;\"><span style=\"color: black;\">Seda Mehhiko k\u00f6\u00f6gi \u00fcht p\u00f5himaitseainet kasutatakse grillitud, praetud ja hautatud liha ja kala, kastmete, munatoitude, risoto ning hakklihast, ubadest ja tomatitest valmistatud Mehhiko-p\u00e4raste toitude puhul.<\/span><\/p>","protected":false},"featured_media":29919,"template":"","meta":{"_monsterinsights_skip_tracking":false,"_monsterinsights_sitenote_active":false,"_monsterinsights_sitenote_note":"","_monsterinsights_sitenote_category":0,"_uf_show_specific_survey":0,"_uf_disable_surveys":false},"product_brand":[],"product_cat":[91],"product_tag":[],"class_list":{"0":"post-9615","1":"product","2":"type-product","3":"status-publish","4":"has-post-thumbnail","6":"product_cat-piprad","8":"first","9":"instock","10":"taxable","11":"shipping-taxable","12":"purchasable","13":"product-type-simple"},"aioseo_notices":[],"_links":{"self":[{"href":"https:\/\/vurtsid.ee\/en\/wp-json\/wp\/v2\/product\/9615","targetHints":{"allow":["GET"]}}],"collection":[{"href":"https:\/\/vurtsid.ee\/en\/wp-json\/wp\/v2\/product"}],"about":[{"href":"https:\/\/vurtsid.ee\/en\/wp-json\/wp\/v2\/types\/product"}],"version-history":[{"count":1,"href":"https:\/\/vurtsid.ee\/en\/wp-json\/wp\/v2\/product\/9615\/revisions"}],"predecessor-version":[{"id":29017,"href":"https:\/\/vurtsid.ee\/en\/wp-json\/wp\/v2\/product\/9615\/revisions\/29017"}],"wp:featuredmedia":[{"embeddable":true,"href":"https:\/\/vurtsid.ee\/en\/wp-json\/wp\/v2\/media\/29919"}],"wp:attachment":[{"href":"https:\/\/vurtsid.ee\/en\/wp-json\/wp\/v2\/media?parent=9615"}],"wp:term":[{"taxonomy":"product_brand","embeddable":true,"href":"https:\/\/vurtsid.ee\/en\/wp-json\/wp\/v2\/product_brand?post=9615"},{"taxonomy":"product_cat","embeddable":true,"href":"https:\/\/vurtsid.ee\/en\/wp-json\/wp\/v2\/product_cat?post=9615"},{"taxonomy":"product_tag","embeddable":true,"href":"https:\/\/vurtsid.ee\/en\/wp-json\/wp\/v2\/product_tag?post=9615"}],"curies":[{"name":"wp","href":"https:\/\/api.w.org\/{rel}","templated":true}]}}